{"id":79707,"date":"2023-12-13T23:17:08","date_gmt":"2023-12-13T22:17:08","guid":{"rendered":"https:\/\/www.soanam.de\/?post_type=product&#038;p=79707"},"modified":"2023-12-13T23:20:04","modified_gmt":"2023-12-13T22:20:04","slug":"wmf-gourmet-doniczka-na-ziola-z-systemem-nawadniania-3-czesciowy-ogrodek-ziolowy-do-kuchni","status":"publish","type":"product","link":"https:\/\/www.soanam.de\/pl\/produkt\/wmf-gourmet-kraeutertopf-mit-bewaesserungssystem-3-teilig-kraeutergarten-fuer-die-kueche\/","title":{"rendered":"WMF Gourmet doniczka na zio\u0142a z systemem nawadniania, 3-cz\u0119\u015bciowa, ogr\u00f3dek zio\u0142owy do kuchni"},"content":{"rendered":"<h3>Opis<\/h3>\n<p>WMF Gourmet doniczka na zio\u0142a z systemem nawadniania, 3-cz\u0119\u015bciowa, ogr\u00f3dek zio\u0142owy do kuchni, 36 x 12,5 x 12,5 cm, na \u015bwie\u017ce zio\u0142a kuchenne, bia\u0142a<\/p>\n<p>Wewn\u0119trzny ogr\u00f3dek zio\u0142owy WMF wykonany z polerowanej stali nierdzewnej i wysokiej jako\u015bci bia\u0142ego tworzywa sztucznego to spe\u0142nienie marze\u0144 wszystkich amator\u00f3w gotowania i mi\u0142o\u015bnik\u00f3w ro\u015blin. Zio\u0142a nadaj\u0105 potrawom wyj\u0105tkowej \u015bwie\u017co\u015bci, zw\u0142aszcza gdy s\u0105 uprawiane w domu. Sprawdza si\u0119 r\u00f3wnie\u017c na parapecie w kuchni, poniewa\u017c zio\u0142a potrzebuj\u0105 tylko dobrego miejsca i wody do wzrostu. System nawadniania ogrodu zio\u0142owego pomaga w odpowiednim dozowaniu. Ro\u015blina otrzymuje tyle p\u0142ynu, ile potrzebuje, za po\u015brednictwem knota z w\u0142\u00f3kna szklanego. W \u015bredniej temperaturze pokojowej zapas wody w zbiorniku wystarcza na kilka dni.<\/p>\n<p>* Inhalt: 3x Pflanztopf, 1x Wassertank mit abnehmbarem Deckel (36x 12,5x 12,5 cm, Topf-\u00d8 10,8 cm), 3x Glasserdocht, Kr\u00e4uter werden nicht mitgeliefert - Artikelnummer: 0641306040<\/p>\n<p>* Material: Cromargan Edelstahl Rostfrei 18\/10, Kunststoff, Glasfaserdocht - die Edelstahlt\u00f6pfe sind sp\u00fclmaschinengeeignet. F\u00fcr den Wassertank wird Handw\u00e4sche empfohlen<\/p>\n<p>* System nawadniania ogrodu zio\u0142owego do kuchni pomaga w prawid\u0142owym dozowaniu. Zio\u0142a kuchenne otrzymuj\u0105 tyle p\u0142ynu, ile potrzebuj\u0105, przez knot z w\u0142\u00f3kna szklanego<\/p>\n<p>* Prze\u0142\u00f3\u017c knot z w\u0142\u00f3kna szklanego przez otw\u00f3r doniczki, tak aby oko\u0142o po\u0142owa knota znajdowa\u0142a si\u0119 w doniczce. Umie\u015b\u0107 ro\u015blin\u0119 z bry\u0142\u0105 korzeniow\u0105 bezpo\u015brednio w doniczce i lekko doci\u015bnij ziemi\u0119.<\/p>\n<p>* W \u015bredniej temperaturze pokojowej zapas wody w zbiorniku wystarcza na kilka dni. Dzi\u0119ki temu zio\u0142a (bazylia, pietruszka, szczypiorek lub mi\u0119ta) zachowuj\u0105 \u015bwie\u017co\u015b\u0107 przez wiele tygodni.<\/p>","protected":false},"excerpt":{"rendered":"<h3>Artikelmerkmale<\/h3>\n<p>Stan produktu: Nowy z etykiet\u0105: Nowy, nieu\u017cywany i nienoszony produkt w oryginalnym opakowaniu.<\/p>\n<table border=\"0\" frame=\"VOID\" rules=\"NONE\" cellspacing=\"0\">\n<colgroup>\n<col width=\"148\" \/>\n<col width=\"237\" \/><\/colgroup>\n<tbody>\n<tr>\n<td align=\"LEFT\" width=\"148\" height=\"17\">Bearbeitungsart<\/td>\n<td align=\"LEFT\" width=\"237\">Poliert<\/td>\n<\/tr>\n<tr>\n<td align=\"LEFT\" height=\"17\">Kolor:<\/td>\n<td align=\"LEFT\">Edelstahl<\/td>\n<\/tr>\n<tr>\n<td align=\"LEFT\" height=\"17\">Form:<\/td>\n<td align=\"LEFT\">Oval<\/td>\n<\/tr>\n<tr>\n<td align=\"LEFT\" height=\"17\">Marke:<\/td>\n<td align=\"LEFT\">WMF<\/td>\n<\/tr>\n<tr>\n<td align=\"LEFT\" height=\"17\">Materia\u0142:<\/td>\n<td align=\"LEFT\">Cromargan\u00ae Edelstahl Rostfrei 18\/10<\/td>\n<\/tr>\n<tr>\n<td align=\"LEFT\" height=\"17\">Modellnummer<\/td>\n<td align=\"LEFT\">06.4130.6040<\/td>\n<\/tr>\n<tr>\n<td align=\"LEFT\" height=\"17\">Instrukcje dotycz\u0105ce piel\u0119gnacji<\/td>\n<td align=\"LEFT\">Pranie r\u0119czne<\/td>\n<\/tr>\n<tr>\n<td align=\"LEFT\" height=\"17\">Produktabmessungen:<\/td>\n<td align=\"LEFT\">40.9D x 13.6W x 12.9H cm<\/td>\n<\/tr>\n<tr>\n<td align=\"LEFT\" height=\"17\">Produktgewicht:<\/td>\n<td align=\"LEFT\">1.1 Kilogramm<\/td>\n<\/tr>\n<tr>\n<td align=\"LEFT\" height=\"17\">Stil<\/td>\n<td align=\"LEFT\">3-teilig<\/td>\n<\/tr>\n<tr>\n<td align=\"LEFT\" height=\"17\">Zimmer:<\/td>\n<td align=\"LEFT\">K\u00fcche<\/td>\n<\/tr>\n<\/tbody>\n<\/table>","protected":false},"featured_media":79828,"comment_status":"open","ping_status":"closed","template":"","meta":{"_seopress_robots_primary_cat":"","_seopress_titles_title":"","_seopress_titles_desc":"","_seopress_robots_index":""},"product_brand":[],"product_cat":[1400,1401],"product_tag":[],"class_list":{"0":"post-79707","1":"product","2":"type-product","3":"status-publish","4":"has-post-thumbnail","6":"product_cat-wohnzubehoer","7":"product_cat-haushaltswaren","8":"product_shipping_class-standard-versand","10":"first","11":"instock","12":"sale","13":"taxable","14":"shipping-taxable","15":"purchasable","16":"product-type-simple"},"_links":{"self":[{"href":"https:\/\/www.soanam.de\/pl\/wp-json\/wp\/v2\/product\/79707","targetHints":{"allow":["GET"]}}],"collection":[{"href":"https:\/\/www.soanam.de\/pl\/wp-json\/wp\/v2\/product"}],"about":[{"href":"https:\/\/www.soanam.de\/pl\/wp-json\/wp\/v2\/types\/product"}],"replies":[{"embeddable":true,"href":"https:\/\/www.soanam.de\/pl\/wp-json\/wp\/v2\/comments?post=79707"}],"wp:featuredmedia":[{"embeddable":true,"href":"https:\/\/www.soanam.de\/pl\/wp-json\/wp\/v2\/media\/79828"}],"wp:attachment":[{"href":"https:\/\/www.soanam.de\/pl\/wp-json\/wp\/v2\/media?parent=79707"}],"wp:term":[{"taxonomy":"product_brand","embeddable":true,"href":"https:\/\/www.soanam.de\/pl\/wp-json\/wp\/v2\/product_brand?post=79707"},{"taxonomy":"product_cat","embeddable":true,"href":"https:\/\/www.soanam.de\/pl\/wp-json\/wp\/v2\/product_cat?post=79707"},{"taxonomy":"product_tag","embeddable":true,"href":"https:\/\/www.soanam.de\/pl\/wp-json\/wp\/v2\/product_tag?post=79707"}],"curies":[{"name":"wp","href":"https:\/\/api.w.org\/{rel}","templated":true}]}}