{"id":79688,"date":"2023-12-13T23:16:44","date_gmt":"2023-12-13T22:16:44","guid":{"rendered":"https:\/\/www.soanam.de\/?post_type=product&#038;p=79688"},"modified":"2023-12-13T23:19:31","modified_gmt":"2023-12-13T22:19:31","slug":"kombinezon-do-biegania-reebok-z-liniowym-logo-reebok-w-kolorze-czarno-bialym-rozmiar-m","status":"publish","type":"product","link":"https:\/\/www.soanam.de\/pl\/produkt\/reebok-jogginganzug-mit-linearem-reebok-logo-in-schwarz-weiss-groesse-m\/","title":{"rendered":"Dres Reebok z liniowym logo Reebok, czarno-bia\u0142y, rozmiar M"},"content":{"rendered":"<p>2-teiliger Jogginganzug von Reebok<br \/>\nMit linearem Reebok Logo<br \/>\nHose im Slim Fit<br \/>\nEntspanntes Oberteil<br \/>\nMit weichem Fleece Futter<\/p>\n<p>Trainieren Sie mit Stil und Komfort in diesem Frauen-Trainingsanzug.<br \/>\nDas Oberteil hat eine entspannte Passform, damit Sie sich wohlf\u00fchlen und sich frei bewegen k\u00f6nnen.<br \/>\nDie schmal geschnittenen Hosen sind an den B\u00fcndchen gerippt, damit sie nicht verrutschen.<\/p>\n<p>Material: 70 % Baumwolle und 30 % Polyester<br \/>\nWskaz\u00f3wki dotycz\u0105ce piel\u0119gnacji: Pra\u0107 w pralce<\/p>\n<p>Kolor: czarny, bia\u0142y<br \/>\nMuster: lineares Logo<br \/>\nRozmiar: M<\/p>\n<p>Ma\u00dfe Oberteil<br \/>\nSzeroko\u015b\u0107 ramion: 56 cm<br \/>\nSzeroko\u015b\u0107 klatki piersiowej: 114 cm<br \/>\nD\u0142ugo\u015b\u0107 r\u0119kawa: 54 cm<br \/>\nCa\u0142kowita d\u0142ugo\u015b\u0107: 60 cm<\/p>\n<p>Ma\u00dfe Hose<br \/>\nRozmiar talii: 70 cm<br \/>\nObw\u00f3d bioder: 106 cm<br \/>\nSchrittl\u00e4nge: 69cm<br \/>\nCa\u0142kowita d\u0142ugo\u015b\u0107: 100 cm<\/p>\n<p>Ten nowy przedmiot jest zwrotem klienta bez etykiety.<\/p>","protected":false},"excerpt":{"rendered":"<table class=\"woocommerce-product-attributes shop_attributes\">\n<tbody>\n<tr class=\"woocommerce-product-attributes-item woocommerce-product-attributes-item--attribute_pa_soort\">\n<th class=\"woocommerce-product-attributes-item__label\"><span>Zweck<\/span><\/th>\n<td class=\"woocommerce-product-attributes-item__value\"><span>SPORTKLEIDUNG<\/span><\/td>\n<\/tr>\n<tr class=\"woocommerce-product-attributes-item woocommerce-product-attributes-item--attribute_pa_merk\">\n<th class=\"woocommerce-product-attributes-item__label\"><span>Marka<\/span><\/th>\n<td class=\"woocommerce-product-attributes-item__value\"><span>Reebok<\/span><\/td>\n<\/tr>\n<tr class=\"woocommerce-product-attributes-item woocommerce-product-attributes-item--attribute_pa_maat\">\n<th class=\"woocommerce-product-attributes-item__label\"><span>Rozmiar<\/span><\/th>\n<td class=\"woocommerce-product-attributes-item__value\"><span>M<\/span><\/td>\n<\/tr>\n<tr class=\"woocommerce-product-attributes-item woocommerce-product-attributes-item--attribute_pa_kleur\">\n<th class=\"woocommerce-product-attributes-item__label\"><span>Kolor<\/span><\/th>\n<td class=\"woocommerce-product-attributes-item__value\"><span>Czarny, bia\u0142y<\/span><\/td>\n<\/tr>\n<tr class=\"woocommerce-product-attributes-item woocommerce-product-attributes-item--attribute_pa_geslacht\">\n<th class=\"woocommerce-product-attributes-item__label\"><span>Sex<\/span><\/th>\n<td class=\"woocommerce-product-attributes-item__value\"><span>Damen<\/span><\/td>\n<\/tr>\n<tr class=\"woocommerce-product-attributes-item woocommerce-product-attributes-item--attribute_pa_ean\">\n<th class=\"woocommerce-product-attributes-item__label\"><span>EAN<\/span><\/th>\n<td class=\"woocommerce-product-attributes-item__value\"><span>4060522544976<\/span><\/td>\n<\/tr>\n<tr class=\"woocommerce-product-attributes-item woocommerce-product-attributes-item--attribute_pa_webshop\">\n<th class=\"woocommerce-product-attributes-item__label\"><span>Anzahl Teile<\/span><\/th>\n<td class=\"woocommerce-product-attributes-item__value\"><span>2<\/span><\/td>\n<\/tr>\n<tr class=\"woocommerce-product-attributes-item woocommerce-product-attributes-item--attribute_pa_specifieke-kleur\">\n<th class=\"woocommerce-product-attributes-item__label\"><span>spezifische Farbe<\/span><\/th>\n<td class=\"woocommerce-product-attributes-item__value\"><span>SCHWARZ<\/span><\/td>\n<\/tr>\n<tr class=\"woocommerce-product-attributes-item woocommerce-product-attributes-item--attribute_pa_extra-informatie\">\n<th class=\"woocommerce-product-attributes-item__label\"><span>Zusatzinformation<\/span><\/th>\n<td class=\"woocommerce-product-attributes-item__value\"><span>Elastischer Bund, Fleece aus 70 % Baumwolle und 30 % Polyester, Rippb\u00fcndchen an Sweatshirt und Hose, entspanntes Oberteil;\u00a0Slim-Fit-Hose, Rundhalsausschnitt<\/span><\/td>\n<\/tr>\n<\/tbody>\n<\/table>","protected":false},"featured_media":79812,"comment_status":"open","ping_status":"closed","template":"","meta":{"_seopress_robots_primary_cat":"","_seopress_titles_title":"","_seopress_titles_desc":"","_seopress_robots_index":""},"product_brand":[],"product_cat":[1348,1402,1587],"product_tag":[],"class_list":{"0":"post-79688","1":"product","2":"type-product","3":"status-publish","4":"has-post-thumbnail","6":"product_cat-damen-mode","7":"product_cat-sportbekleidung-damen-mode","8":"product_cat-jogginganzuege","9":"product_shipping_class-standard-versand","11":"first","12":"instock","13":"sale","14":"taxable","15":"shipping-taxable","16":"purchasable","17":"product-type-simple"},"_links":{"self":[{"href":"https:\/\/www.soanam.de\/pl\/wp-json\/wp\/v2\/product\/79688","targetHints":{"allow":["GET"]}}],"collection":[{"href":"https:\/\/www.soanam.de\/pl\/wp-json\/wp\/v2\/product"}],"about":[{"href":"https:\/\/www.soanam.de\/pl\/wp-json\/wp\/v2\/types\/product"}],"replies":[{"embeddable":true,"href":"https:\/\/www.soanam.de\/pl\/wp-json\/wp\/v2\/comments?post=79688"}],"wp:featuredmedia":[{"embeddable":true,"href":"https:\/\/www.soanam.de\/pl\/wp-json\/wp\/v2\/media\/79812"}],"wp:attachment":[{"href":"https:\/\/www.soanam.de\/pl\/wp-json\/wp\/v2\/media?parent=79688"}],"wp:term":[{"taxonomy":"product_brand","embeddable":true,"href":"https:\/\/www.soanam.de\/pl\/wp-json\/wp\/v2\/product_brand?post=79688"},{"taxonomy":"product_cat","embeddable":true,"href":"https:\/\/www.soanam.de\/pl\/wp-json\/wp\/v2\/product_cat?post=79688"},{"taxonomy":"product_tag","embeddable":true,"href":"https:\/\/www.soanam.de\/pl\/wp-json\/wp\/v2\/product_tag?post=79688"}],"curies":[{"name":"wp","href":"https:\/\/api.w.org\/{rel}","templated":true}]}}