{"id":79687,"date":"2023-12-13T23:16:44","date_gmt":"2023-12-13T22:16:44","guid":{"rendered":"https:\/\/www.soanam.de\/?post_type=product&#038;p=79687"},"modified":"2023-12-13T23:19:26","modified_gmt":"2023-12-13T22:19:26","slug":"nike-sporthose-bliss-pant-studio-in-schwarz-groesse-m","status":"publish","type":"product","link":"https:\/\/www.soanam.de\/pl\/produkt\/nike-sporthose-bliss-pant-studio-in-schwarz-groesse-m\/","title":{"rendered":"NIKE Sporthose BLISS PANT STUDIO, in Schwarz, Gr\u00f6\u00dfe M"},"content":{"rendered":"<p>Das Nike Flex-Material dehnt sich mit Ihrem K\u00f6rper.<br \/>\nTechnologia Dri-FIT zapewnia suchy komfort.<br \/>\nDer verstellbare, umklappbare Bund sorgt f\u00fcr eine personalisierte Passform.<br \/>\nDie Silhouette mit weitem Bein erm\u00f6glicht uneingeschr\u00e4nkte Bewegungsfreiheit.<br \/>\nSeitentaschen erm\u00f6glichen die Aufbewahrung von kleinen Gegenst\u00e4nden<\/p>\n<p>BEWEGUNGSFREIHEIT MIT 4-WEGE-STRETCH.<br \/>\nDie Nike Bliss Studio Hose f\u00fcr Damen bietet leichtgewichtigen Schutz, der den Bewegungen des K\u00f6rpers folgt, und erm\u00f6glicht so Bewegungsfreiheit in einer entspannten Silhouette.<br \/>\nDer verstellbare Bund l\u00e4sst sich umklappen und\u00a0 erm\u00f6glicht eine personalisierte Passform.<br \/>\nDas unsagbar leichte Material macht sie zum Liebling und nicht nur beim Fitness.<\/p>\n<p>Material: 80 % Nylon, 20 % Elasthan<br \/>\nWskaz\u00f3wki dotycz\u0105ce piel\u0119gnacji: Pra\u0107 w pralce<\/p>\n<p>Kolor: czarny<br \/>\nWz\u00f3r: bez<br \/>\nRozmiar: M<\/p>\n<p>Rozmiar talii: 78 cm<br \/>\nObw\u00f3d bioder: 101 cm<br \/>\nSchrittl\u00e4nge: 48cm<br \/>\nCa\u0142kowita d\u0142ugo\u015b\u0107: 77 cm<\/p>","protected":false},"excerpt":{"rendered":"<p>Material: 80 % Nylon, 20 % Elasthan<br \/>\nWskaz\u00f3wki dotycz\u0105ce piel\u0119gnacji: Pra\u0107 w pralce<\/p>\n<p>Kolor: czarny<br \/>\nWz\u00f3r: bez<br \/>\nRozmiar: M<\/p>","protected":false},"featured_media":79810,"comment_status":"open","ping_status":"closed","template":"","meta":{"_seopress_robots_primary_cat":"","_seopress_titles_title":"","_seopress_titles_desc":"","_seopress_robots_index":""},"product_brand":[],"product_cat":[1348,1402,1586],"product_tag":[],"class_list":{"0":"post-79687","1":"product","2":"type-product","3":"status-publish","4":"has-post-thumbnail","6":"product_cat-damen-mode","7":"product_cat-sportbekleidung-damen-mode","8":"product_cat-caprihosen","9":"product_shipping_class-standard-versand","11":"first","12":"instock","13":"taxable","14":"shipping-taxable","15":"purchasable","16":"product-type-simple"},"_links":{"self":[{"href":"https:\/\/www.soanam.de\/pl\/wp-json\/wp\/v2\/product\/79687","targetHints":{"allow":["GET"]}}],"collection":[{"href":"https:\/\/www.soanam.de\/pl\/wp-json\/wp\/v2\/product"}],"about":[{"href":"https:\/\/www.soanam.de\/pl\/wp-json\/wp\/v2\/types\/product"}],"replies":[{"embeddable":true,"href":"https:\/\/www.soanam.de\/pl\/wp-json\/wp\/v2\/comments?post=79687"}],"wp:featuredmedia":[{"embeddable":true,"href":"https:\/\/www.soanam.de\/pl\/wp-json\/wp\/v2\/media\/79810"}],"wp:attachment":[{"href":"https:\/\/www.soanam.de\/pl\/wp-json\/wp\/v2\/media?parent=79687"}],"wp:term":[{"taxonomy":"product_brand","embeddable":true,"href":"https:\/\/www.soanam.de\/pl\/wp-json\/wp\/v2\/product_brand?post=79687"},{"taxonomy":"product_cat","embeddable":true,"href":"https:\/\/www.soanam.de\/pl\/wp-json\/wp\/v2\/product_cat?post=79687"},{"taxonomy":"product_tag","embeddable":true,"href":"https:\/\/www.soanam.de\/pl\/wp-json\/wp\/v2\/product_tag?post=79687"}],"curies":[{"name":"wp","href":"https:\/\/api.w.org\/{rel}","templated":true}]}}