{"id":79655,"date":"2023-12-13T23:15:56","date_gmt":"2023-12-13T22:15:56","guid":{"rendered":"https:\/\/www.soanam.de\/?post_type=product&#038;p=79655"},"modified":"2023-12-13T23:19:01","modified_gmt":"2023-12-13T22:19:01","slug":"bench-kapuzensweatshirt-mit-seitenstreifen-und-kaengurutasche-in-nude-groesse-36-38","status":"publish","type":"product","link":"https:\/\/www.soanam.de\/pl\/produkt\/bench-kapuzensweatshirt-mit-seitenstreifen-und-kaengurutasche-in-nude-groesse-36-38\/","title":{"rendered":"Bench. Kapuzensweatshirt mit Seitenstreifen und K\u00e4ngurutasche, in Nude, Gr\u00f6\u00dfe 36\/38"},"content":{"rendered":"<p>Sportowa koszulka z kapturem od Bench<br \/>\nPaski wzd\u0142u\u017c ramion i r\u0119kaw\u00f3w<br \/>\nMit Bench Schriftzug auf den Raglan\u00e4rmeln<br \/>\nMit praktischer K\u00e4ngurutasche<br \/>\nWykonane z elastycznego d\u017cerseju interlock<\/p>\n<p>Der Hoodie von Bench ist ein Kapuzensweatshirt der durch das elastische Interlock-Jersey und die Raglan\u00e4rmel extrabequem ist.<br \/>\nDas sportliche Lounge-Shirt mit Kapuze punktet nicht nur mit seinem Tragekomfort, sondern auch mit seiner Optik.<br \/>\nDas Markenlogo am Unterarm ist der Hingucker und der Streifen entlang der Schultern und \u00c4rmel gibt noch optische Extrapunkte.<\/p>\n<p>Materia\u0142: bawe\u0142na 60%, poliester 40%<br \/>\nWskaz\u00f3wki dotycz\u0105ce piel\u0119gnacji: Pra\u0107 w pralce<\/p>\n<p>Kolor: nude<br \/>\nWz\u00f3r: bez<br \/>\nRozmiar: 36\/38<\/p>\n<p>Szeroko\u015b\u0107 ramion: 46 cm<br \/>\nSzeroko\u015b\u0107 klatki piersiowej: 96 cm<br \/>\nD\u0142ugo\u015b\u0107 r\u0119kawa: 70 cm<br \/>\nCa\u0142kowita d\u0142ugo\u015b\u0107: 65 cm<\/p>","protected":false},"excerpt":{"rendered":"<table class=\"dv_characteristicsTable\">\n<tbody>\n<tr>\n<td class=\"left\">Rozmiar<\/td>\n<td>36\/38<\/td>\n<\/tr>\n<tr>\n<td class=\"left\">Gr\u00f6\u00dfentyp<\/td>\n<td>Normalgr\u00f6\u00dfen<\/td>\n<\/tr>\n<tr>\n<td class=\"left\">Sk\u0142ad materia\u0142u<\/td>\n<td>Obermaterial: 60% Baumwolle\u00a0, 40% Polyester<\/td>\n<\/tr>\n<tr>\n<td class=\"left\">Materialart<\/td>\n<td>Jersey, Interlock<\/td>\n<\/tr>\n<tr>\n<td class=\"left\">Instrukcje dotycz\u0105ce piel\u0119gnacji<\/td>\n<td>Pranie w pralce<\/td>\n<\/tr>\n<tr>\n<td class=\"left\">Optik<\/td>\n<td>unifarben mit Farbeinsatz<\/td>\n<\/tr>\n<tr>\n<td class=\"left\">Stil<\/td>\n<td>sportlich<\/td>\n<\/tr>\n<tr>\n<td class=\"left\">Kolor<\/td>\n<td>nude, wei\u00df<\/td>\n<\/tr>\n<tr>\n<td class=\"left\">Kaptur<\/td>\n<td>mit Kapuze<\/td>\n<\/tr>\n<tr>\n<td class=\"left\">Kapuzendetails<\/td>\n<td>mit Kordelzug<\/td>\n<\/tr>\n<tr>\n<td class=\"left\">Applikationen<\/td>\n<td>Drukowanie logo<\/td>\n<\/tr>\n<tr>\n<td class=\"left\">Torby<\/td>\n<td>Kiesze\u0144 kangurka<\/td>\n<\/tr>\n<tr>\n<td class=\"left\">Besondere Merkmale<\/td>\n<td>mit Seitenstreifen und K\u00e4ngurutasche<\/td>\n<\/tr>\n<tr>\n<td class=\"left\">\u00c4rmel<\/td>\n<td>D\u0142ugi r\u0119kaw<\/td>\n<\/tr>\n<tr>\n<td class=\"left\">\u00c4rmelabschluss<\/td>\n<td>Pr\u0105\u017ckowane mankiety<\/td>\n<\/tr>\n<tr>\n<td class=\"left\">Rumpfabschluss<\/td>\n<td>Pr\u0105\u017ckowane mankiety<\/td>\n<\/tr>\n<tr>\n<td class=\"left\">Dopasowanie<\/td>\n<td>bequem<\/td>\n<\/tr>\n<tr>\n<td class=\"left\">Schnittform L\u00e4nge<\/td>\n<td>h\u00fcftbedeckend<\/td>\n<\/tr>\n<\/tbody>\n<\/table>","protected":false},"featured_media":79785,"comment_status":"open","ping_status":"closed","template":"","meta":{"_seopress_robots_primary_cat":"","_seopress_titles_title":"","_seopress_titles_desc":"","_seopress_robots_index":""},"product_brand":[],"product_cat":[1348,1456,1583],"product_tag":[],"class_list":{"0":"post-79655","1":"product","2":"type-product","3":"status-publish","4":"has-post-thumbnail","6":"product_cat-damen-mode","7":"product_cat-pullover-sweater","8":"product_cat-hoodies","9":"product_shipping_class-standard-versand","11":"first","12":"instock","13":"taxable","14":"shipping-taxable","15":"purchasable","16":"product-type-simple"},"_links":{"self":[{"href":"https:\/\/www.soanam.de\/pl\/wp-json\/wp\/v2\/product\/79655","targetHints":{"allow":["GET"]}}],"collection":[{"href":"https:\/\/www.soanam.de\/pl\/wp-json\/wp\/v2\/product"}],"about":[{"href":"https:\/\/www.soanam.de\/pl\/wp-json\/wp\/v2\/types\/product"}],"replies":[{"embeddable":true,"href":"https:\/\/www.soanam.de\/pl\/wp-json\/wp\/v2\/comments?post=79655"}],"wp:featuredmedia":[{"embeddable":true,"href":"https:\/\/www.soanam.de\/pl\/wp-json\/wp\/v2\/media\/79785"}],"wp:attachment":[{"href":"https:\/\/www.soanam.de\/pl\/wp-json\/wp\/v2\/media?parent=79655"}],"wp:term":[{"taxonomy":"product_brand","embeddable":true,"href":"https:\/\/www.soanam.de\/pl\/wp-json\/wp\/v2\/product_brand?post=79655"},{"taxonomy":"product_cat","embeddable":true,"href":"https:\/\/www.soanam.de\/pl\/wp-json\/wp\/v2\/product_cat?post=79655"},{"taxonomy":"product_tag","embeddable":true,"href":"https:\/\/www.soanam.de\/pl\/wp-json\/wp\/v2\/product_tag?post=79655"}],"curies":[{"name":"wp","href":"https:\/\/api.w.org\/{rel}","templated":true}]}}