{"id":79651,"date":"2023-12-13T23:15:54","date_gmt":"2023-12-13T22:15:54","guid":{"rendered":"https:\/\/www.soanam.de\/?post_type=product&#038;p=79651"},"modified":"2023-12-13T23:18:18","modified_gmt":"2023-12-13T22:18:18","slug":"chiemsee-badeshorts-mit-logoprint-in-navy-groesse-s","status":"publish","type":"product","link":"https:\/\/www.soanam.de\/pl\/produkt\/chiemsee-badeshorts-mit-logoprint-in-navy-groesse-s\/","title":{"rendered":"Chiemsee Badeshorts mit Logoprint, in Navy, Gr\u00f6\u00dfe S"},"content":{"rendered":"<p>Chiemsee Herren Badeshorts in Nadelstreifen Optik<br \/>\nChiemsee Logo Print<br \/>\nInnentasche (M\u00fcnz- oder Schl\u00fcsselfach)<br \/>\nMit elastischem Bund und Bindeband<\/p>\n<p>Die Chiemsee Herren Badeshorts mit elastischem Bund hat einen Mesh-Slip innen, eine Innenkordel, eine Innentasche (M\u00fcnz- oder Schl\u00fcsselfach).<br \/>\nDie Badeshorts in Nadelstreifen Optik weist einen gro\u00dfen Chiemsee Logo Print auf.<\/p>\n<p>Materia\u0142: poliester 100%<br \/>\nWskaz\u00f3wki dotycz\u0105ce piel\u0119gnacji: Pra\u0107 w pralce<\/p>\n<p>Kolor: granatowy<br \/>\nMuster: Nadelstreifen<br \/>\nRozmiar: S<\/p>\n<p>Rozmiar talii: 77 cm<br \/>\nGesamtl\u00e4nge: 43cm<\/p>","protected":false},"excerpt":{"rendered":"<p>Materia\u0142: poliester 100%<br \/>\nWskaz\u00f3wki dotycz\u0105ce piel\u0119gnacji: Pra\u0107 w pralce<\/p>\n<p>Kolor: granatowy<br \/>\nMuster: Nadelstreifen, Logo<br \/>\nRozmiar: S<\/p>\n<p>Rozmiar talii: 77 cm<br \/>\nGesamtl\u00e4nge: 43cm<\/p>","protected":false},"featured_media":79764,"comment_status":"open","ping_status":"closed","template":"","meta":{"_seopress_robots_primary_cat":"","_seopress_titles_title":"","_seopress_titles_desc":"","_seopress_robots_index":""},"product_brand":[],"product_cat":[1345,1581,1582],"product_tag":[],"class_list":{"0":"post-79651","1":"product","2":"type-product","3":"status-publish","4":"has-post-thumbnail","6":"product_cat-herrenmode","7":"product_cat-bademode-herrenmode","8":"product_cat-badeshorts","9":"product_shipping_class-standard-versand","11":"first","12":"instock","13":"sale","14":"taxable","15":"shipping-taxable","16":"purchasable","17":"product-type-simple"},"_links":{"self":[{"href":"https:\/\/www.soanam.de\/pl\/wp-json\/wp\/v2\/product\/79651","targetHints":{"allow":["GET"]}}],"collection":[{"href":"https:\/\/www.soanam.de\/pl\/wp-json\/wp\/v2\/product"}],"about":[{"href":"https:\/\/www.soanam.de\/pl\/wp-json\/wp\/v2\/types\/product"}],"replies":[{"embeddable":true,"href":"https:\/\/www.soanam.de\/pl\/wp-json\/wp\/v2\/comments?post=79651"}],"wp:featuredmedia":[{"embeddable":true,"href":"https:\/\/www.soanam.de\/pl\/wp-json\/wp\/v2\/media\/79764"}],"wp:attachment":[{"href":"https:\/\/www.soanam.de\/pl\/wp-json\/wp\/v2\/media?parent=79651"}],"wp:term":[{"taxonomy":"product_brand","embeddable":true,"href":"https:\/\/www.soanam.de\/pl\/wp-json\/wp\/v2\/product_brand?post=79651"},{"taxonomy":"product_cat","embeddable":true,"href":"https:\/\/www.soanam.de\/pl\/wp-json\/wp\/v2\/product_cat?post=79651"},{"taxonomy":"product_tag","embeddable":true,"href":"https:\/\/www.soanam.de\/pl\/wp-json\/wp\/v2\/product_tag?post=79651"}],"curies":[{"name":"wp","href":"https:\/\/api.w.org\/{rel}","templated":true}]}}