{"id":79607,"date":"2023-12-13T23:15:04","date_gmt":"2023-12-13T22:15:04","guid":{"rendered":"https:\/\/www.soanam.de\/?post_type=product&#038;p=79607"},"modified":"2023-12-13T23:16:57","modified_gmt":"2023-12-13T22:16:57","slug":"lakshita-kurti-tunika-longblouse-czarna-haftowana-rozmiar-s","status":"publish","type":"product","link":"https:\/\/www.soanam.de\/pl\/produkt\/lakshita-kurti-tunika-longbluse-in-schwarz-bestickt-groesse-s\/","title":{"rendered":"Lakshita Kurti, tunika, d\u0142uga bluzka, czarna, haftowana, rozmiar S"},"content":{"rendered":"<p>Eleganckie kurti od Lakshita<br \/>\nZ haftem w kolorze srebrnym<br \/>\nR\u0119kaw 3\/4<br \/>\nRozci\u0119cie z boku dla wi\u0119kszej swobody ruch\u00f3w<br \/>\nJako\u015b\u0107 lekkiej wiskozy<\/p>\n<p>Oryginalna indyjska tunika od Lakshita z eleganckim wyko\u0144czeniem.<br \/>\nD\u0142uga bluzka ma srebrny haft z przodu, wzd\u0142u\u017c dekoltu i na r\u0119kawach.<br \/>\nAby zapewni\u0107 wystarczaj\u0105c\u0105 swobod\u0119 ruch\u00f3w, jest ona rozci\u0119ta po bokach.<br \/>\nR\u0119kawy maj\u0105 d\u0142ugo\u015b\u0107 3\/4. Okr\u0105g\u0142y dekolt ko\u0144czy si\u0119 w ma\u0142e V.<br \/>\nElegancka Kurti wykonana jest z wiskozy, kt\u00f3ra przyjemnie ch\u0142odzi sk\u00f3r\u0119.<\/p>\n<p>Materia\u0142: wiskoza 100%<br \/>\nWskaz\u00f3wki dotycz\u0105ce piel\u0119gnacji: Pranie delikatne<\/p>\n<p>Kolor: czarny<br \/>\nWz\u00f3r: haft etno<br \/>\nRozmiar: S<\/p>\n<p>Szeroko\u015b\u0107 ramion: 38 cm<br \/>\nSzeroko\u015b\u0107 klatki piersiowej: 96 cm<br \/>\nD\u0142ugo\u015b\u0107 r\u0119kawa: 43 cm<br \/>\nCa\u0142kowita d\u0142ugo\u015b\u0107: 85 cm<\/p>\n<p>Ten nowy przedmiot jest zwrotem klienta bez etykiety.<\/p>\n<p>&nbsp;<\/p>","protected":false},"excerpt":{"rendered":"<p>Materia\u0142: wiskoza 100%<br \/>\nWskaz\u00f3wki dotycz\u0105ce piel\u0119gnacji: Pranie delikatne<\/p>\n<p>Kolor: czarny<br \/>\nWz\u00f3r: haft etno<br \/>\nRozmiar: S<\/p>","protected":false},"featured_media":79698,"comment_status":"open","ping_status":"closed","template":"","meta":{"_seopress_robots_primary_cat":"","_seopress_titles_title":"","_seopress_titles_desc":"","_seopress_robots_index":""},"product_brand":[],"product_cat":[1348,1414,1540],"product_tag":[],"class_list":{"0":"post-79607","1":"product","2":"type-product","3":"status-publish","4":"has-post-thumbnail","6":"product_cat-damen-mode","7":"product_cat-blusen","8":"product_cat-3-4-arm","9":"product_shipping_class-standard-versand","11":"first","12":"instock","13":"sale","14":"taxable","15":"shipping-taxable","16":"purchasable","17":"product-type-simple"},"_links":{"self":[{"href":"https:\/\/www.soanam.de\/pl\/wp-json\/wp\/v2\/product\/79607","targetHints":{"allow":["GET"]}}],"collection":[{"href":"https:\/\/www.soanam.de\/pl\/wp-json\/wp\/v2\/product"}],"about":[{"href":"https:\/\/www.soanam.de\/pl\/wp-json\/wp\/v2\/types\/product"}],"replies":[{"embeddable":true,"href":"https:\/\/www.soanam.de\/pl\/wp-json\/wp\/v2\/comments?post=79607"}],"wp:featuredmedia":[{"embeddable":true,"href":"https:\/\/www.soanam.de\/pl\/wp-json\/wp\/v2\/media\/79698"}],"wp:attachment":[{"href":"https:\/\/www.soanam.de\/pl\/wp-json\/wp\/v2\/media?parent=79607"}],"wp:term":[{"taxonomy":"product_brand","embeddable":true,"href":"https:\/\/www.soanam.de\/pl\/wp-json\/wp\/v2\/product_brand?post=79607"},{"taxonomy":"product_cat","embeddable":true,"href":"https:\/\/www.soanam.de\/pl\/wp-json\/wp\/v2\/product_cat?post=79607"},{"taxonomy":"product_tag","embeddable":true,"href":"https:\/\/www.soanam.de\/pl\/wp-json\/wp\/v2\/product_tag?post=79607"}],"curies":[{"name":"wp","href":"https:\/\/api.w.org\/{rel}","templated":true}]}}