{"id":79558,"date":"2023-12-13T23:14:07","date_gmt":"2023-12-13T22:14:07","guid":{"rendered":"https:\/\/www.soanam.de\/?post_type=product&#038;p=79558"},"modified":"2023-12-13T23:15:44","modified_gmt":"2023-12-13T22:15:44","slug":"petite-fleur-still-bh-in-weiss-groesse-105f","status":"publish","type":"product","link":"https:\/\/www.soanam.de\/pl\/produkt\/petite-fleur-still-bh-in-weiss-groesse-105f\/","title":{"rendered":"biustonosz do karmienia petite fleur, bia\u0142y, rozmiar 105F"},"content":{"rendered":"<p>Still-BH ohne B\u00fcgel von petite fleur<br \/>\nStill-Clips einh\u00e4ndig zu \u00f6ffnen<br \/>\nKleiner Rose in der vorderen Mitte und zarte Spitzenkante<br \/>\nIn angenehmer Baumwoll-Qualit\u00e4t<\/p>\n<p>Ganz ohne B\u00fcgel schmiegt sich der Still-BH von petite fleur aus angenehmer Baumwolle der stillenden Brust an und sorgt f\u00fcr ein angenehmes Tragegef\u00fchl.<br \/>\nDen leichten Zugang zur Brust erm\u00f6glichen spezielle Still-Clips an den Tr\u00e4gern, die problemlos und einfach mit einer Hand aufgehakt werden k\u00f6nnen.<br \/>\nEine zarte Spitzenkante am Dekollet\u00e9 sowie eine kleine Rose in der vorderen Mitte verleihen dem Still-BH seinen romantischen Charme.<\/p>\n<p>Materia\u0142: bawe\u0142na 95%, elastan 5%<br \/>\nWskaz\u00f3wki dotycz\u0105ce piel\u0119gnacji: Pra\u0107 w pralce<\/p>\n<p>Kolor: bia\u0142y<br \/>\nWz\u00f3r: bez<br \/>\nGr\u00f6\u00dfe: 105F<\/p>\n<p>Unterbrustumfang: 105<br \/>\nRozmiar fili\u017canki: Fili\u017canka F<\/p>","protected":false},"excerpt":{"rendered":"<table class=\"dv_characteristicsTable\">\n<caption>MASSANGABE<\/caption>\n<tbody>\n<tr>\n<td class=\"left\">K\u00f6rbchengr\u00f6\u00dfe<\/td>\n<td>Cup F<\/td>\n<\/tr>\n<tr>\n<td class=\"left\">Unterbrustumfang<\/td>\n<td>105<\/td>\n<\/tr>\n<\/tbody>\n<\/table>\n<table class=\"dv_characteristicsTable\">\n<caption>MATERIAL<\/caption>\n<tbody>\n<tr>\n<td class=\"left\">Sk\u0142ad materia\u0142u<\/td>\n<td>Obermaterial: 95% Baumwolle, 5% Elasthan<\/td>\n<\/tr>\n<tr>\n<td class=\"left\">Materialart<\/td>\n<td>Jersey<\/td>\n<\/tr>\n<tr>\n<td class=\"left\">Instrukcje dotycz\u0105ce piel\u0119gnacji<\/td>\n<td>Pranie w pralce<\/td>\n<\/tr>\n<\/tbody>\n<\/table>\n<table class=\"dv_characteristicsTable\">\n<caption>OPTIK\/STIL<\/caption>\n<tbody>\n<tr>\n<td class=\"left\">Stil<\/td>\n<td>Basic<\/td>\n<\/tr>\n<\/tbody>\n<\/table>\n<table class=\"dv_characteristicsTable\">\n<caption>FUNKTIONEN<\/caption>\n<tbody>\n<tr>\n<td class=\"left\">Stillfunktion<\/td>\n<td>BH vorn zu \u00f6ffnen<\/td>\n<\/tr>\n<\/tbody>\n<\/table>\n<table class=\"dv_characteristicsTable\">\n<caption>K\u00d6RBCHEN \/ CUP<\/caption>\n<tbody>\n<tr>\n<td class=\"left\">B\u00fcgel<\/td>\n<td>ohne B\u00fcgel<\/td>\n<\/tr>\n<\/tbody>\n<\/table>\n<table class=\"dv_characteristicsTable\">\n<caption>BH-TR\u00c4GER<\/caption>\n<tbody>\n<tr>\n<td class=\"left\">Przewo\u017anik<\/td>\n<td>mit Tr\u00e4ger<\/td>\n<\/tr>\n<tr>\n<td class=\"left\">Tr\u00e4gerdetails<\/td>\n<td>verstellbar<\/td>\n<\/tr>\n<\/tbody>\n<\/table>\n<table class=\"dv_characteristicsTable\">\n<caption>VERSCHLUSS<\/caption>\n<tbody>\n<tr>\n<td class=\"left\">Verschluss<\/td>\n<td>Haken &amp; \u00d6sen<\/td>\n<\/tr>\n<tr>\n<td class=\"left\">Verschlussdetails<\/td>\n<td>hinten<\/td>\n<\/tr>\n<\/tbody>\n<\/table>","protected":false},"featured_media":79643,"comment_status":"open","ping_status":"closed","template":"","meta":{"_seopress_robots_primary_cat":"","_seopress_titles_title":"","_seopress_titles_desc":"","_seopress_robots_index":""},"product_brand":[],"product_cat":[1348,1518,1576],"product_tag":[],"class_list":{"0":"post-79558","1":"product","2":"type-product","3":"status-publish","4":"has-post-thumbnail","6":"product_cat-damen-mode","7":"product_cat-umstandsmode","8":"product_cat-unterwaesche-umstandsmode","9":"product_shipping_class-standard-versand","11":"first","12":"instock","13":"sale","14":"taxable","15":"shipping-taxable","16":"purchasable","17":"product-type-simple"},"_links":{"self":[{"href":"https:\/\/www.soanam.de\/pl\/wp-json\/wp\/v2\/product\/79558","targetHints":{"allow":["GET"]}}],"collection":[{"href":"https:\/\/www.soanam.de\/pl\/wp-json\/wp\/v2\/product"}],"about":[{"href":"https:\/\/www.soanam.de\/pl\/wp-json\/wp\/v2\/types\/product"}],"replies":[{"embeddable":true,"href":"https:\/\/www.soanam.de\/pl\/wp-json\/wp\/v2\/comments?post=79558"}],"wp:featuredmedia":[{"embeddable":true,"href":"https:\/\/www.soanam.de\/pl\/wp-json\/wp\/v2\/media\/79643"}],"wp:attachment":[{"href":"https:\/\/www.soanam.de\/pl\/wp-json\/wp\/v2\/media?parent=79558"}],"wp:term":[{"taxonomy":"product_brand","embeddable":true,"href":"https:\/\/www.soanam.de\/pl\/wp-json\/wp\/v2\/product_brand?post=79558"},{"taxonomy":"product_cat","embeddable":true,"href":"https:\/\/www.soanam.de\/pl\/wp-json\/wp\/v2\/product_cat?post=79558"},{"taxonomy":"product_tag","embeddable":true,"href":"https:\/\/www.soanam.de\/pl\/wp-json\/wp\/v2\/product_tag?post=79558"}],"curies":[{"name":"wp","href":"https:\/\/api.w.org\/{rel}","templated":true}]}}