{"id":79547,"date":"2023-12-13T22:41:53","date_gmt":"2023-12-13T21:41:53","guid":{"rendered":"https:\/\/www.soanam.de\/?post_type=product&#038;p=79547"},"modified":"2023-12-13T23:15:39","modified_gmt":"2023-12-13T22:15:39","slug":"petite-fleur-t-shirt-bh-aus-baumwolle-in-weiss-groesse-85c","status":"publish","type":"product","link":"https:\/\/www.soanam.de\/pl\/produkt\/petite-fleur-t-shirt-bh-aus-baumwolle-in-weiss-groesse-85c\/","title":{"rendered":"petite fleur T-Shirt-BH aus Baumwolle, in Wei\u00df, Gr\u00f6\u00dfe 85C"},"content":{"rendered":"<p>Entlastungs-BH von Petite Fleur<br \/>\nMit nahtlos vorgeformten Cups<br \/>\nFeine Zierkante am Dekollet\u00e9<br \/>\nTr\u00e4ger und der R\u00fcckenverschluss individuell verstellbar<\/p>\n<p>Der T-Shirt-BH aus Baumwolle von petite fleur punktet mit einem klassischen und zeitlosen Design.<br \/>\nDie nahtlos vorgeformten Cups sind schlicht gehalten und werden von einer feinen Zierkante entlang des Dekollet\u00e9s und hoch in die Tr\u00e4ger aufgepeppt.<br \/>\nDurch seinen formstabilen Sitz und die breiten Tr\u00e4ger, ist der Tragekomfort optimal gesichert.<\/p>\n<p>Material: 93% Baumwolle, 7% Elasthan<br \/>\nPflegehinweise: 40\u00b0C Maschinenw\u00e4sche<\/p>\n<p>Kolor: bia\u0142y<br \/>\nWz\u00f3r: bez<br \/>\nGr\u00f6\u00dfe: 85C<\/p>\n<p>Obw\u00f3d pod biustem: 85<br \/>\nRozmiar fili\u017canki: fili\u017canka C<\/p>","protected":false},"excerpt":{"rendered":"<table class=\"dv_characteristicsTable\">\n<caption>MASSANGABE<\/caption>\n<tbody>\n<tr>\n<td class=\"left\">K\u00f6rbchengr\u00f6\u00dfe<\/td>\n<td>Cup C<\/td>\n<\/tr>\n<tr>\n<td class=\"left\">Unterbrustumfang<\/td>\n<td>95<\/td>\n<\/tr>\n<\/tbody>\n<\/table>\n<table class=\"dv_characteristicsTable\">\n<caption>MATERIAL<\/caption>\n<tbody>\n<tr>\n<td class=\"left\">Sk\u0142ad materia\u0142u<\/td>\n<td>Obermaterial: 93% Baumwolle, 7% Elasthan<\/td>\n<\/tr>\n<tr>\n<td class=\"left\">Materialart<\/td>\n<td>Jersey<\/td>\n<\/tr>\n<tr>\n<td class=\"left\">Instrukcje dotycz\u0105ce piel\u0119gnacji<\/td>\n<td>40\u00b0C Maschinenw\u00e4sche<\/td>\n<\/tr>\n<\/tbody>\n<\/table>\n<table class=\"dv_characteristicsTable\">\n<caption>OPTIK\/STIL<\/caption>\n<tbody>\n<tr>\n<td class=\"left\">Stil<\/td>\n<td>klassisch<\/td>\n<\/tr>\n<\/tbody>\n<\/table>\n<table class=\"dv_characteristicsTable\">\n<caption>K\u00d6RBCHEN \/ CUP<\/caption>\n<tbody>\n<tr>\n<td class=\"left\">Cupdetails<\/td>\n<td>nahtlos vorgeformt<\/td>\n<\/tr>\n<tr>\n<td class=\"left\">B\u00fcgel<\/td>\n<td>ohne B\u00fcgel<\/td>\n<\/tr>\n<\/tbody>\n<\/table>\n<table class=\"dv_characteristicsTable\">\n<caption>BH-TR\u00c4GER<\/caption>\n<tbody>\n<tr>\n<td class=\"left\">Przewo\u017anik<\/td>\n<td>mit Tr\u00e4ger<\/td>\n<\/tr>\n<tr>\n<td class=\"left\">Tr\u00e4gerdetails<\/td>\n<td>breit<br \/>\nverstellbar<\/td>\n<\/tr>\n<\/tbody>\n<\/table>\n<table class=\"dv_characteristicsTable\">\n<caption>VERSCHLUSS<\/caption>\n<tbody>\n<tr>\n<td class=\"left\">Verschluss<\/td>\n<td>Haken &amp; \u00d6sen<\/td>\n<\/tr>\n<tr>\n<td class=\"left\">Verschlussdetails<\/td>\n<td>hinten<\/td>\n<\/tr>\n<\/tbody>\n<\/table>","protected":false},"featured_media":79638,"comment_status":"open","ping_status":"closed","template":"","meta":{"_seopress_robots_primary_cat":"","_seopress_titles_title":"","_seopress_titles_desc":"","_seopress_robots_index":""},"product_brand":[],"product_cat":[1348,1444,1516],"product_tag":[],"class_list":{"0":"post-79547","1":"product","2":"type-product","3":"status-publish","4":"has-post-thumbnail","6":"product_cat-damen-mode","7":"product_cat-unterwaesche","8":"product_cat-bhs","9":"product_shipping_class-standard-versand","11":"first","12":"instock","13":"sale","14":"taxable","15":"shipping-taxable","16":"purchasable","17":"product-type-simple"},"_links":{"self":[{"href":"https:\/\/www.soanam.de\/pl\/wp-json\/wp\/v2\/product\/79547","targetHints":{"allow":["GET"]}}],"collection":[{"href":"https:\/\/www.soanam.de\/pl\/wp-json\/wp\/v2\/product"}],"about":[{"href":"https:\/\/www.soanam.de\/pl\/wp-json\/wp\/v2\/types\/product"}],"replies":[{"embeddable":true,"href":"https:\/\/www.soanam.de\/pl\/wp-json\/wp\/v2\/comments?post=79547"}],"wp:featuredmedia":[{"embeddable":true,"href":"https:\/\/www.soanam.de\/pl\/wp-json\/wp\/v2\/media\/79638"}],"wp:attachment":[{"href":"https:\/\/www.soanam.de\/pl\/wp-json\/wp\/v2\/media?parent=79547"}],"wp:term":[{"taxonomy":"product_brand","embeddable":true,"href":"https:\/\/www.soanam.de\/pl\/wp-json\/wp\/v2\/product_brand?post=79547"},{"taxonomy":"product_cat","embeddable":true,"href":"https:\/\/www.soanam.de\/pl\/wp-json\/wp\/v2\/product_cat?post=79547"},{"taxonomy":"product_tag","embeddable":true,"href":"https:\/\/www.soanam.de\/pl\/wp-json\/wp\/v2\/product_tag?post=79547"}],"curies":[{"name":"wp","href":"https:\/\/api.w.org\/{rel}","templated":true}]}}