{"id":79546,"date":"2023-12-13T22:41:52","date_gmt":"2023-12-13T21:41:52","guid":{"rendered":"https:\/\/www.soanam.de\/?post_type=product&#038;p=79546"},"modified":"2023-12-13T23:15:36","modified_gmt":"2023-12-13T22:15:36","slug":"petite-fleur-buegel-bh-mit-spitze-in-weiss-groesse-85b","status":"publish","type":"product","link":"https:\/\/www.soanam.de\/pl\/produkt\/petite-fleur-buegel-bh-mit-spitze-in-weiss-groesse-85b\/","title":{"rendered":"petite fleur B\u00fcgel-BH mit Spitze, in Wei\u00df, Gr\u00f6\u00dfe 85B"},"content":{"rendered":"<p>B\u00fcgel-BH von petite fleur<br \/>\nAus verspielter floraler Spitze<br \/>\nMit feiner Zierschleife und Glitzeraccessoire<br \/>\nNahtlosen Cups mit feinem Netzmaterial unterlegt<\/p>\n<p>Die leicht transparenten Cups des petite fleur B\u00fcgel-BHs sind aus weicher und elastischer Jacquardspitze und mit einem feinen Netzmaterial unterlegt.<br \/>\nIn der vorderen Mitte verz\u00fcckt eine kleine Zierschleife mit Glitzeraccessoire und macht den romantischen Look komplett. Eingearbeitete B\u00fcgel geben Form und Halt.<\/p>\n<p>Materia\u0142: poliamid 84%, elastan 16%<br \/>\nWskaz\u00f3wki dotycz\u0105ce piel\u0119gnacji: Pranie r\u0119czne<\/p>\n<p>Kolor: bia\u0142y<br \/>\nWz\u00f3r: Kwiaty<br \/>\nGr\u00f6\u00dfe: 85B<\/p>\n<p>Obw\u00f3d pod biustem: 85<br \/>\nK\u00f6rbchengr\u00f6\u00dfe: Cup B<\/p>","protected":false},"excerpt":{"rendered":"<table class=\"dv_characteristicsTable\">\n<caption>MASSANGABE<\/caption>\n<tbody>\n<tr>\n<td class=\"left\">K\u00f6rbchengr\u00f6\u00dfe<\/td>\n<td>Cup B<\/td>\n<\/tr>\n<tr>\n<td class=\"left\">Unterbrustumfang<\/td>\n<td>90<\/td>\n<\/tr>\n<\/tbody>\n<\/table>\n<table class=\"dv_characteristicsTable\">\n<caption>MATERIAL<\/caption>\n<tbody>\n<tr>\n<td class=\"left\">Sk\u0142ad materia\u0142u<\/td>\n<td>Obermaterial: 84% Polyamid, 16% Elasthan<\/td>\n<\/tr>\n<tr>\n<td class=\"left\">Materialart<\/td>\n<td>Spitze<\/td>\n<\/tr>\n<tr>\n<td class=\"left\">Instrukcje dotycz\u0105ce piel\u0119gnacji<\/td>\n<td>Pranie r\u0119czne<\/td>\n<\/tr>\n<\/tbody>\n<\/table>\n<table class=\"dv_characteristicsTable\">\n<caption>OPTIK\/STIL<\/caption>\n<tbody>\n<tr>\n<td class=\"left\">Stil<\/td>\n<td>feminin<\/td>\n<\/tr>\n<\/tbody>\n<\/table>\n<table class=\"dv_characteristicsTable\">\n<caption>K\u00d6RBCHEN \/ CUP<\/caption>\n<tbody>\n<tr>\n<td class=\"left\">Cupdetails<\/td>\n<td>ohne Schale<\/td>\n<\/tr>\n<tr>\n<td class=\"left\">B\u00fcgel<\/td>\n<td>mit B\u00fcgel<\/td>\n<\/tr>\n<\/tbody>\n<\/table>\n<table class=\"dv_characteristicsTable\">\n<caption>BH-TR\u00c4GER<\/caption>\n<tbody>\n<tr>\n<td class=\"left\">Przewo\u017anik<\/td>\n<td>mit Tr\u00e4ger<\/td>\n<\/tr>\n<tr>\n<td class=\"left\">Tr\u00e4gerdetails<\/td>\n<td>verstellbar<\/td>\n<\/tr>\n<\/tbody>\n<\/table>\n<table class=\"dv_characteristicsTable\">\n<caption>VERSCHLUSS<\/caption>\n<tbody>\n<tr>\n<td class=\"left\">Verschluss<\/td>\n<td>Haken &amp; \u00d6sen<\/td>\n<\/tr>\n<tr>\n<td class=\"left\">Verschlussdetails<\/td>\n<td>hinten<\/td>\n<\/tr>\n<\/tbody>\n<\/table>","protected":false},"featured_media":79636,"comment_status":"open","ping_status":"closed","template":"","meta":{"_seopress_robots_primary_cat":"","_seopress_titles_title":"","_seopress_titles_desc":"","_seopress_robots_index":""},"product_brand":[],"product_cat":[1348,1444,1516],"product_tag":[],"class_list":{"0":"post-79546","1":"product","2":"type-product","3":"status-publish","4":"has-post-thumbnail","6":"product_cat-damen-mode","7":"product_cat-unterwaesche","8":"product_cat-bhs","9":"product_shipping_class-standard-versand","11":"first","12":"instock","13":"sale","14":"taxable","15":"shipping-taxable","16":"purchasable","17":"product-type-simple"},"_links":{"self":[{"href":"https:\/\/www.soanam.de\/pl\/wp-json\/wp\/v2\/product\/79546","targetHints":{"allow":["GET"]}}],"collection":[{"href":"https:\/\/www.soanam.de\/pl\/wp-json\/wp\/v2\/product"}],"about":[{"href":"https:\/\/www.soanam.de\/pl\/wp-json\/wp\/v2\/types\/product"}],"replies":[{"embeddable":true,"href":"https:\/\/www.soanam.de\/pl\/wp-json\/wp\/v2\/comments?post=79546"}],"wp:featuredmedia":[{"embeddable":true,"href":"https:\/\/www.soanam.de\/pl\/wp-json\/wp\/v2\/media\/79636"}],"wp:attachment":[{"href":"https:\/\/www.soanam.de\/pl\/wp-json\/wp\/v2\/media?parent=79546"}],"wp:term":[{"taxonomy":"product_brand","embeddable":true,"href":"https:\/\/www.soanam.de\/pl\/wp-json\/wp\/v2\/product_brand?post=79546"},{"taxonomy":"product_cat","embeddable":true,"href":"https:\/\/www.soanam.de\/pl\/wp-json\/wp\/v2\/product_cat?post=79546"},{"taxonomy":"product_tag","embeddable":true,"href":"https:\/\/www.soanam.de\/pl\/wp-json\/wp\/v2\/product_tag?post=79546"}],"curies":[{"name":"wp","href":"https:\/\/api.w.org\/{rel}","templated":true}]}}