{"id":79484,"date":"2023-12-13T22:40:35","date_gmt":"2023-12-13T21:40:35","guid":{"rendered":"https:\/\/www.soanam.de\/?post_type=product&#038;p=79484"},"modified":"2023-12-13T23:14:13","modified_gmt":"2023-12-13T22:14:13","slug":"golden-home-6-teiliges-decken-set-fuer-ein-doppelbett-in-rosa","status":"publish","type":"product","link":"https:\/\/www.soanam.de\/pl\/produkt\/golden-home-6-teiliges-decken-set-fuer-ein-doppelbett-in-rosa\/","title":{"rendered":"GOLDEN HOME - 6-cz\u0119\u015bciowy zestaw koc\u00f3w na podw\u00f3jne \u0142\u00f3\u017cko w kolorze r\u00f3\u017cowym"},"content":{"rendered":"<h3>Opis<\/h3>\n<p>Komplety koc\u00f3w, kt\u00f3re ogrzewaj\u0105 w ch\u0142odne noce i s\u0105 niezb\u0119dne w ka\u017cdym domu, nadal nale\u017c\u0105 do wyj\u0105tkowych produkt\u00f3w w rodzinie Golden Home dzi\u0119ki unikalnemu wzornictwu i d\u0142ugotrwa\u0142emu u\u017cytkowaniu.<\/p>\n<p>Podobnie jak nasze zestawy pikowane, zestawy ko\u0142der Golden Home z francuskiej koronki, wykonane z naciskiem na pastelowe kolory, maj\u0105 bogate wzornictwo, kt\u00f3re jest cz\u0119sto wymieniane w sektorze tekstyli\u00f3w domowych z francusk\u0105 gipiur\u0105 i per\u0142owymi ornamentami na sp\u00f3dnicach. Ko\u0142dra jest r\u00f3wnie\u017c dostarczana z bawe\u0142nian\u0105 satynow\u0105 po\u015bciel\u0105 i poszewkami na poduszki.<\/p>\n<p>Sk\u0142adaj\u0105ce si\u0119 z koc\u00f3w, prze\u015bcierade\u0142, dw\u00f3ch g\u0142adkich i dw\u00f3ch haftowanych poszewek na poduszki, podw\u00f3jnie sznurowane zestawy koc\u00f3w Golden Home sprawi\u0105, \u017ce poczujesz si\u0119 ciep\u0142o nie tylko podczas snu, ale tak\u017ce po wej\u015bciu do sypialni dzi\u0119ki eleganckiemu wygl\u0105dowi i dekoracyjnym narzutom w zestawach posagowych.<\/p>\n<p><strong>Podw\u00f3jny zestaw koc\u00f3w Berra<\/strong><\/p>\n<p>Farbe: Puderrosa<br \/>\nKoc: 240x240 cm (1 sztuka)<br \/>\nPrze\u015bcierad\u0142o: 235x235 cm (1 sztuka)<br \/>\nP\u0142aska poszewka na poduszk\u0119: 50x70 cm (2 sztuki)<br \/>\nHaftowana poszewka na poduszk\u0119: 50x70 cm (2 sztuki)<\/p>\n<p><strong>Materia\u0142<\/strong><\/p>\n<p>65% Bawe\u0142na<br \/>\n35% Poliester<\/p>\n<p>Francuska gipiura i per\u0142y s\u0105 u\u017cywane w kocowych sp\u00f3dnicach.<br \/>\nPrze\u015bcierad\u0142a i poszewki na poduszki wykonane s\u0105 z satyny bawe\u0142nianej.<\/p>\n<p>Nasze zalecenia dotycz\u0105ce prania i u\u017cytkowania:<br \/>\nInstrukcje dotycz\u0105ce u\u017cytkowania i prania zakupionego produktu mo\u017cna znale\u017a\u0107 na metce umieszczonej na produkcie oraz na opakowaniu.<\/p>","protected":false},"excerpt":{"rendered":"<h3>Artikelmerkmale<\/h3>\n<p>Stan produktu: Nowy z etykiet\u0105: Nowy, nieu\u017cywany i nienoszony produkt w oryginalnym opakowaniu.<\/p>\n<table border=\"0\" frame=\"VOID\" rules=\"NONE\" cellspacing=\"0\">\n<colgroup>\n<col width=\"123\" \/>\n<col width=\"207\" \/><\/colgroup>\n<tbody>\n<tr>\n<td align=\"LEFT\" width=\"123\" height=\"17\">Anzahl der Teile:<\/td>\n<td align=\"LEFT\" width=\"207\">6-teilig<\/td>\n<\/tr>\n<tr>\n<td align=\"LEFT\" height=\"17\">Funkcje specjalne:<\/td>\n<td align=\"LEFT\">Bestickt<\/td>\n<\/tr>\n<tr>\n<td align=\"LEFT\" height=\"17\">Szeroko\u015b\u0107:<\/td>\n<td align=\"LEFT\">240 cm<\/td>\n<\/tr>\n<tr>\n<td align=\"LEFT\" height=\"17\">Kolor:<\/td>\n<td align=\"LEFT\">Puderrosa<\/td>\n<\/tr>\n<tr>\n<td align=\"LEFT\" height=\"17\">F\u00fcllmaterial:<\/td>\n<td align=\"LEFT\">Poliester<\/td>\n<\/tr>\n<tr>\n<td align=\"LEFT\" height=\"17\">Futtermaterial:<\/td>\n<td align=\"LEFT\">Baumwollsatin<\/td>\n<\/tr>\n<tr>\n<td align=\"LEFT\" height=\"17\">Gr\u00f6\u00dfe:<\/td>\n<td align=\"LEFT\">Podw\u00f3jne \u0142\u00f3\u017cko<\/td>\n<\/tr>\n<tr>\n<td align=\"LEFT\" height=\"17\">Herstellernummer:<\/td>\n<td align=\"LEFT\">nicht zutreffend<\/td>\n<\/tr>\n<tr>\n<td align=\"LEFT\" height=\"17\">L\u00e4nge:<\/td>\n<td align=\"LEFT\">240 cm<\/td>\n<\/tr>\n<tr>\n<td align=\"LEFT\" height=\"17\">Marke:<\/td>\n<td align=\"LEFT\">Golden Home<\/td>\n<\/tr>\n<tr>\n<td align=\"LEFT\" height=\"17\">Materia\u0142:<\/td>\n<td align=\"LEFT\">65% bawe\u0142na, 35% poliester<\/td>\n<\/tr>\n<tr>\n<td align=\"LEFT\" height=\"17\">Wz\u00f3r:<\/td>\n<td align=\"LEFT\">Jednokolorowy<\/td>\n<\/tr>\n<tr>\n<td align=\"LEFT\" height=\"17\">Pflegeanleitung:<\/td>\n<td align=\"LEFT\">Pranie w pralce<\/td>\n<\/tr>\n<tr>\n<td align=\"LEFT\" height=\"17\">Produktart:<\/td>\n<td align=\"LEFT\">Tagesdecken Set<\/td>\n<\/tr>\n<tr>\n<td align=\"LEFT\" height=\"17\">Stil:<\/td>\n<td align=\"LEFT\">Romantik<\/td>\n<\/tr>\n<tr>\n<td align=\"LEFT\" height=\"17\">Thema:<\/td>\n<td align=\"LEFT\">Luxus<\/td>\n<\/tr>\n<tr>\n<td align=\"LEFT\" height=\"17\">Zimmer:<\/td>\n<td align=\"LEFT\">Schlafzimmer<\/td>\n<\/tr>\n<\/tbody>\n<\/table>","protected":false},"featured_media":79564,"comment_status":"open","ping_status":"closed","template":"","meta":{"_seopress_robots_primary_cat":"","_seopress_titles_title":"","_seopress_titles_desc":"","_seopress_robots_index":""},"product_brand":[],"product_cat":[1400,1420],"product_tag":[],"class_list":{"0":"post-79484","1":"product","2":"type-product","3":"status-publish","4":"has-post-thumbnail","6":"product_cat-wohnzubehoer","7":"product_cat-wohndekoration","8":"product_shipping_class-standard-versand","10":"first","11":"instock","12":"sale","13":"taxable","14":"shipping-taxable","15":"purchasable","16":"product-type-simple"},"_links":{"self":[{"href":"https:\/\/www.soanam.de\/pl\/wp-json\/wp\/v2\/product\/79484","targetHints":{"allow":["GET"]}}],"collection":[{"href":"https:\/\/www.soanam.de\/pl\/wp-json\/wp\/v2\/product"}],"about":[{"href":"https:\/\/www.soanam.de\/pl\/wp-json\/wp\/v2\/types\/product"}],"replies":[{"embeddable":true,"href":"https:\/\/www.soanam.de\/pl\/wp-json\/wp\/v2\/comments?post=79484"}],"wp:featuredmedia":[{"embeddable":true,"href":"https:\/\/www.soanam.de\/pl\/wp-json\/wp\/v2\/media\/79564"}],"wp:attachment":[{"href":"https:\/\/www.soanam.de\/pl\/wp-json\/wp\/v2\/media?parent=79484"}],"wp:term":[{"taxonomy":"product_brand","embeddable":true,"href":"https:\/\/www.soanam.de\/pl\/wp-json\/wp\/v2\/product_brand?post=79484"},{"taxonomy":"product_cat","embeddable":true,"href":"https:\/\/www.soanam.de\/pl\/wp-json\/wp\/v2\/product_cat?post=79484"},{"taxonomy":"product_tag","embeddable":true,"href":"https:\/\/www.soanam.de\/pl\/wp-json\/wp\/v2\/product_tag?post=79484"}],"curies":[{"name":"wp","href":"https:\/\/api.w.org\/{rel}","templated":true}]}}