{"id":79407,"date":"2023-12-13T22:38:54","date_gmt":"2023-12-13T21:38:54","guid":{"rendered":"https:\/\/www.soanam.de\/?post_type=product&#038;p=79407"},"modified":"2025-10-17T08:20:17","modified_gmt":"2025-10-17T06:20:17","slug":"medosan-buegelloser-bh-comfort-day-night-bra-im-2er-pack-in-weiss-groesse-90b-c-d","status":"publish","type":"product","link":"https:\/\/www.soanam.de\/pl\/produkt\/medosan-buegelloser-bh-comfort-day-night-bra-im-2er-pack-in-weiss-groesse-90b-c-d\/","title":{"rendered":"Biustonosz na fiszbinach Medosan Comfort Day &amp; Night Bra w 2-paku, w kolorze bia\u0142ym, rozmiar 90B\/C\/D"},"content":{"rendered":"<p>BH ohne B\u00fcgel Comfort Day &amp; Night Bra von Medosan<br \/>\nBequemes Anziehen durch Vorderverschluss<br \/>\nOhne st\u00f6rende N\u00e4hte - auch als Schlaf-BH geeignet<br \/>\nBreite Tr\u00e4ger und breites Unterbrustgummi sorgen f\u00fcr ein gutes Tragegef\u00fchl<br \/>\nPasst Cup B\/C\/D<br \/>\nAtmungsaktives und feuchtigkeitsbindendes Material<\/p>\n<p>Der Comfort Day &amp; Night Bra von Medosan tr\u00e4gt sich angenehm, ohne B\u00fcgel oder st\u00f6rende N\u00e4hte.<br \/>\nEr hat einen Frontverschluss f\u00fcr ein bequemes Anziehen.<br \/>\nExtrabreite Tr\u00e4ger und ein breiteres Unterbrustgummi sorgen f\u00fcr einen hohen Tragekomfort.<br \/>\nDas elastische Material, im rautenf\u00f6rmigen Wellendesign, ist atmungsaktiv und feuchtigkeitsbindend.<br \/>\nDer Bh im Doppelpack ist superbequem - auch als Schlaf-BH geeignet.<br \/>\nPasst Cup B\/C\/D.<\/p>\n<p>Material: 57% Baumwolle, 38% Polyester, 5% Elasthan<br \/>\nWskaz\u00f3wki dotycz\u0105ce piel\u0119gnacji: Pra\u0107 w pralce<\/p>\n<p>Kolor: bia\u0142y<br \/>\nMuster: Raute<br \/>\nGr\u00f6\u00dfe: 90B\/C\/D<\/p>\n<p>Obw\u00f3d pod biustem: 90<br \/>\nK\u00f6rbchengr\u00f6\u00dfe: Cup B\/C\/D<\/p>","protected":false},"excerpt":{"rendered":"<table class=\"dv_characteristicsTable\">\n<caption>MASSANGABE<\/caption>\n<tbody>\n<tr>\n<td class=\"left\">Unterbrustumfang<\/td>\n<td>90<\/td>\n<\/tr>\n<\/tbody>\n<\/table>\n<table class=\"dv_characteristicsTable\">\n<caption>MATERIAL<\/caption>\n<tbody>\n<tr>\n<td class=\"left\">Sk\u0142ad materia\u0142u<\/td>\n<td>Obermaterial: 57% Baumwolle, 38% Polyester, 5% Elasthan<\/td>\n<\/tr>\n<tr>\n<td class=\"left\">Instrukcje dotycz\u0105ce piel\u0119gnacji<\/td>\n<td>Pranie w pralce<\/td>\n<\/tr>\n<\/tbody>\n<\/table>\n<table class=\"dv_characteristicsTable\">\n<caption>OPTIK\/STIL<\/caption>\n<tbody>\n<tr>\n<td class=\"left\">Stil<\/td>\n<td>Basic<\/td>\n<\/tr>\n<\/tbody>\n<\/table>\n<table class=\"dv_characteristicsTable\">\n<caption>PASSFORM\/SCHNITT<\/caption>\n<tbody>\n<tr>\n<td class=\"left\">Empfohlen f\u00fcr Cupgr\u00f6\u00dfe<\/td>\n<td>B-D<\/td>\n<\/tr>\n<\/tbody>\n<\/table>\n<table class=\"dv_characteristicsTable\">\n<caption>K\u00d6RBCHEN \/ CUP<\/caption>\n<tbody>\n<tr>\n<td class=\"left\">Cupdetails<\/td>\n<td>nahtlos vorgeformt<\/td>\n<\/tr>\n<tr>\n<td class=\"left\">B\u00fcgel<\/td>\n<td>ohne B\u00fcgel<\/td>\n<\/tr>\n<\/tbody>\n<\/table>\n<table class=\"dv_characteristicsTable\">\n<caption>BH-TR\u00c4GER<\/caption>\n<tbody>\n<tr>\n<td class=\"left\">Przewo\u017anik<\/td>\n<td>breite Tr\u00e4ger<\/td>\n<\/tr>\n<tr>\n<td class=\"left\">Tr\u00e4gerdetails<\/td>\n<td>nicht verstellbar<\/td>\n<\/tr>\n<\/tbody>\n<\/table>\n<table class=\"dv_characteristicsTable\">\n<caption>VERSCHLUSS<\/caption>\n<tbody>\n<tr>\n<td class=\"left\">Verschluss<\/td>\n<td>Haken &amp; \u00d6sen<\/td>\n<\/tr>\n<tr>\n<td class=\"left\">Verschlussdetails<\/td>\n<td>vorn<\/td>\n<\/tr>\n<\/tbody>\n<\/table>","protected":false},"featured_media":79519,"comment_status":"open","ping_status":"closed","template":"","meta":{"_seopress_robots_primary_cat":"","_seopress_titles_title":"","_seopress_titles_desc":"","_seopress_robots_index":""},"product_brand":[],"product_cat":[1348,1444,1516],"product_tag":[],"class_list":{"0":"post-79407","1":"product","2":"type-product","3":"status-publish","4":"has-post-thumbnail","6":"product_cat-damen-mode","7":"product_cat-unterwaesche","8":"product_cat-bhs","9":"product_shipping_class-standard-versand","11":"first","12":"outofstock","13":"sale","14":"taxable","15":"shipping-taxable","16":"purchasable","17":"product-type-simple"},"_links":{"self":[{"href":"https:\/\/www.soanam.de\/pl\/wp-json\/wp\/v2\/product\/79407","targetHints":{"allow":["GET"]}}],"collection":[{"href":"https:\/\/www.soanam.de\/pl\/wp-json\/wp\/v2\/product"}],"about":[{"href":"https:\/\/www.soanam.de\/pl\/wp-json\/wp\/v2\/types\/product"}],"replies":[{"embeddable":true,"href":"https:\/\/www.soanam.de\/pl\/wp-json\/wp\/v2\/comments?post=79407"}],"wp:featuredmedia":[{"embeddable":true,"href":"https:\/\/www.soanam.de\/pl\/wp-json\/wp\/v2\/media\/79519"}],"wp:attachment":[{"href":"https:\/\/www.soanam.de\/pl\/wp-json\/wp\/v2\/media?parent=79407"}],"wp:term":[{"taxonomy":"product_brand","embeddable":true,"href":"https:\/\/www.soanam.de\/pl\/wp-json\/wp\/v2\/product_brand?post=79407"},{"taxonomy":"product_cat","embeddable":true,"href":"https:\/\/www.soanam.de\/pl\/wp-json\/wp\/v2\/product_cat?post=79407"},{"taxonomy":"product_tag","embeddable":true,"href":"https:\/\/www.soanam.de\/pl\/wp-json\/wp\/v2\/product_tag?post=79407"}],"curies":[{"name":"wp","href":"https:\/\/api.w.org\/{rel}","templated":true}]}}