{"id":79362,"date":"2023-12-13T22:38:08","date_gmt":"2023-12-13T21:38:08","guid":{"rendered":"https:\/\/www.soanam.de\/?post_type=product&#038;p=79362"},"modified":"2023-12-13T22:40:23","modified_gmt":"2023-12-13T21:40:23","slug":"triumph-minimizer-bh-airy-sensation-w01-in-weiss-groesse-95e","status":"publish","type":"product","link":"https:\/\/www.soanam.de\/pl\/produkt\/triumph-minimizer-bh-airy-sensation-w01-in-weiss-groesse-95e\/","title":{"rendered":"Triumph Minimizer-BH Airy Sensation W01, in Wei\u00df, Gr\u00f6\u00dfe 95E"},"content":{"rendered":"<p>Minimizer-BH \"Airy Sensation W1\" von Triumph<br \/>\nGemoldete, blickdicht unterlegte Cups<br \/>\nMit grafischem Netz<br \/>\nOptimaler Halt durch h\u00f6heren Mittelsteg und breitere, komfortable Tr\u00e4ger<br \/>\nInnovative B\u00fcgel mit weicher Federung passen sich jeder Bewegung an<br \/>\nRegulowane rami\u0105czka i zapi\u0119cie z ty\u0142u<\/p>\n<p>Der Triumph Minimizer-BH Airy Sensation W01 bietet Tragekomfort auf h\u00f6chstem Niveau.<br \/>\nDie vorgeformten, blickdicht unterlegten Cups mit modernem, grafischen Netz umschlie\u00dfen die B\u00fcste sicher und geben zusammen mit dem hohen Mittelsteg einen zuverl\u00e4ssigen und angenehmen Halt bis in gro\u00dfe Gr\u00f6\u00dfen. Durch die besondere Schnittf\u00fchrung wirkt die B\u00fcste optisch um bis zu eine Cupgr\u00f6\u00dfe kleiner w\u00e4hrend die innovativen flexi B\u00fcgel mit weicher Federung sich jeder Bewegung anpassen<\/p>\n<p>Material: 77% Polyamid, 23% Elasthan LYCRA<br \/>\nWskaz\u00f3wki dotycz\u0105ce piel\u0119gnacji: Pranie r\u0119czne<\/p>\n<p>Kolor: bia\u0142y<br \/>\nWz\u00f3r: grafika<br \/>\nGr\u00f6\u00dfe: 95E<\/p>\n<p>Unterbrustumfang: 95<br \/>\nRozmiar miseczki: miseczka E<\/p>","protected":false},"excerpt":{"rendered":"<table class=\"dv_characteristicsTable\">\n<caption>MASSANGABE<\/caption>\n<tbody>\n<tr>\n<td class=\"left\">K\u00f6rbchengr\u00f6\u00dfe<\/td>\n<td>Cup E<\/td>\n<\/tr>\n<tr>\n<td class=\"left\">Unterbrustumfang<\/td>\n<td>95<\/td>\n<\/tr>\n<\/tbody>\n<\/table>\n<table class=\"dv_characteristicsTable\">\n<caption>FARBE<\/caption>\n<tbody>\n<tr>\n<td class=\"left\">Kolor<\/td>\n<td>wei\u00df<\/td>\n<\/tr>\n<\/tbody>\n<\/table>\n<table class=\"dv_characteristicsTable\">\n<caption>MATERIAL<\/caption>\n<tbody>\n<tr>\n<td class=\"left\">Sk\u0142ad materia\u0142u<\/td>\n<td>Obermaterial: 77% Polyamid, 23% Elasthan LYCRA\u00ae<\/td>\n<\/tr>\n<tr>\n<td class=\"left\">Materialeigenschaften<\/td>\n<td>Lycra<\/td>\n<\/tr>\n<tr>\n<td class=\"left\">Instrukcje dotycz\u0105ce piel\u0119gnacji<\/td>\n<td>Pranie r\u0119czne<\/td>\n<\/tr>\n<\/tbody>\n<\/table>\n<table class=\"dv_characteristicsTable\">\n<caption>FUNKTIONEN<\/caption>\n<tbody>\n<tr>\n<td class=\"left\">Funkcje<\/td>\n<td>verkleinert optisch die Br\u00fcste<\/td>\n<\/tr>\n<\/tbody>\n<\/table>\n<table class=\"dv_characteristicsTable\">\n<caption>K\u00d6RBCHEN \/ CUP<\/caption>\n<tbody>\n<tr>\n<td class=\"left\">B\u00fcgel<\/td>\n<td>mit B\u00fcgel<\/td>\n<\/tr>\n<\/tbody>\n<\/table>\n<table class=\"dv_characteristicsTable\">\n<caption>BH-TR\u00c4GER<\/caption>\n<tbody>\n<tr>\n<td class=\"left\">Przewo\u017anik<\/td>\n<td>mit Tr\u00e4ger<\/td>\n<\/tr>\n<\/tbody>\n<\/table>\n<table class=\"dv_characteristicsTable\">\n<caption>BH-R\u00dcCKENTEIL<\/caption>\n<tbody>\n<tr>\n<td class=\"left\">R\u00fcckenteil<\/td>\n<td>normaler R\u00fccken<\/td>\n<\/tr>\n<\/tbody>\n<\/table>\n<table class=\"dv_characteristicsTable\">\n<caption>VERSCHLUSS<\/caption>\n<tbody>\n<tr>\n<td class=\"left\">Verschluss<\/td>\n<td>Haken &amp; \u00d6sen<\/td>\n<\/tr>\n<\/tbody>\n<\/table>","protected":false},"featured_media":79475,"comment_status":"open","ping_status":"closed","template":"","meta":{"_seopress_robots_primary_cat":"","_seopress_titles_title":"","_seopress_titles_desc":"","_seopress_robots_index":""},"product_brand":[],"product_cat":[1348,1444,1516],"product_tag":[],"class_list":{"0":"post-79362","1":"product","2":"type-product","3":"status-publish","4":"has-post-thumbnail","6":"product_cat-damen-mode","7":"product_cat-unterwaesche","8":"product_cat-bhs","9":"product_shipping_class-standard-versand","11":"first","12":"instock","13":"sale","14":"taxable","15":"shipping-taxable","16":"purchasable","17":"product-type-simple"},"_links":{"self":[{"href":"https:\/\/www.soanam.de\/pl\/wp-json\/wp\/v2\/product\/79362","targetHints":{"allow":["GET"]}}],"collection":[{"href":"https:\/\/www.soanam.de\/pl\/wp-json\/wp\/v2\/product"}],"about":[{"href":"https:\/\/www.soanam.de\/pl\/wp-json\/wp\/v2\/types\/product"}],"replies":[{"embeddable":true,"href":"https:\/\/www.soanam.de\/pl\/wp-json\/wp\/v2\/comments?post=79362"}],"wp:featuredmedia":[{"embeddable":true,"href":"https:\/\/www.soanam.de\/pl\/wp-json\/wp\/v2\/media\/79475"}],"wp:attachment":[{"href":"https:\/\/www.soanam.de\/pl\/wp-json\/wp\/v2\/media?parent=79362"}],"wp:term":[{"taxonomy":"product_brand","embeddable":true,"href":"https:\/\/www.soanam.de\/pl\/wp-json\/wp\/v2\/product_brand?post=79362"},{"taxonomy":"product_cat","embeddable":true,"href":"https:\/\/www.soanam.de\/pl\/wp-json\/wp\/v2\/product_cat?post=79362"},{"taxonomy":"product_tag","embeddable":true,"href":"https:\/\/www.soanam.de\/pl\/wp-json\/wp\/v2\/product_tag?post=79362"}],"curies":[{"name":"wp","href":"https:\/\/api.w.org\/{rel}","templated":true}]}}