{"id":79298,"date":"2023-12-13T22:36:45","date_gmt":"2023-12-13T21:36:45","guid":{"rendered":"https:\/\/www.soanam.de\/?post_type=product&#038;p=79298"},"modified":"2023-12-13T22:39:18","modified_gmt":"2023-12-13T21:39:18","slug":"sacha-buty-za-kostke-na-wysokim-obcasie-dla-kobiet-w-zachodnim-stylu-taupe-rozmiar-38","status":"publish","type":"product","link":"https:\/\/www.soanam.de\/pl\/produkt\/sacha-high-heel-stiefelette-fuer-damen-im-western-stil-taupe-groesse-38\/","title":{"rendered":"Sacha - Buty za kostk\u0119 na wysokim obcasie dla kobiet w stylu western, taupe, rozmiar 38"},"content":{"rendered":"<h3>Opis<\/h3>\n<p>Wi\u0119cej informacji o tym produkcie<br \/>\nNosek: szpiczasty<br \/>\nKszta\u0142t pi\u0119ty: obcas blokowy<br \/>\nZapi\u0119cie: zamek b\u0142yskawiczny<br \/>\nWz\u00f3r: Zwyk\u0142e kolory<br \/>\nSzczeg\u00f3\u0142y: Fr\u0119dzle<\/p>\n<p><strong>Materia\u0142 i instrukcje dotycz\u0105ce piel\u0119gnacji<\/strong><\/p>\n<p>Materia\u0142 cholewki: zamsz<br \/>\nMateria\u0142 wewn\u0119trzny: sk\u00f3ra<br \/>\nWk\u0142adka: sk\u00f3ra<br \/>\nPodeszwa: syntetyczna<br \/>\nGrubo\u015b\u0107 karmienia: Karmienie na zimno<br \/>\nWskaz\u00f3wki dotycz\u0105ce piel\u0119gnacji: Zaimpregnowa\u0107 przed pierwszym za\u0142o\u017ceniem<\/p>\n<p><strong>Dopasowanie<\/strong><\/p>\n<p>Wysoko\u015b\u0107 wa\u0142u: 17 cm dla rozmiaru 37<br \/>\nWysoko\u015b\u0107 obcasa: 8,5 cm dla rozmiaru 37<\/p>","protected":false},"excerpt":{"rendered":"<h3>Artikelmerkmale<\/h3>\n<p>Stan produktu: Nowy z etykiet\u0105: Nowy, nieu\u017cywany i nienoszony produkt w oryginalnym opakowaniu.<\/p>\n<table border=\"0\" frame=\"VOID\" rules=\"NONE\" cellspacing=\"0\">\n<colgroup>\n<col width=\"137\" \/>\n<col width=\"216\" \/><\/colgroup>\n<tbody>\n<tr>\n<td align=\"LEFT\" width=\"137\" height=\"17\">Absatzart:<\/td>\n<td align=\"LEFT\" width=\"216\">Blockabsatz<\/td>\n<\/tr>\n<tr>\n<td align=\"LEFT\" height=\"17\">Absatzh\u00f6he:<\/td>\n<td align=\"LEFT\">Hoch (7,6 bis 10 cm)<\/td>\n<\/tr>\n<tr>\n<td align=\"LEFT\" height=\"17\">Abteilung:<\/td>\n<td align=\"LEFT\">Damen<\/td>\n<\/tr>\n<tr>\n<td align=\"LEFT\" height=\"17\">Akzente:<\/td>\n<td align=\"LEFT\">Fransen<\/td>\n<\/tr>\n<tr>\n<td align=\"LEFT\" height=\"17\">Funkcje specjalne:<\/td>\n<td align=\"LEFT\">Fransen<\/td>\n<\/tr>\n<tr>\n<td align=\"LEFT\" height=\"17\">EU-Schuhgr\u00f6\u00dfe:<\/td>\n<td align=\"LEFT\">EUR 38<\/td>\n<\/tr>\n<tr>\n<td align=\"LEFT\" height=\"17\">Kolor:<\/td>\n<td align=\"LEFT\">Be\u017cowy<\/td>\n<\/tr>\n<tr>\n<td align=\"LEFT\" height=\"17\">Futtermaterial:<\/td>\n<td align=\"LEFT\">nicht zutreffend<\/td>\n<\/tr>\n<tr>\n<td align=\"LEFT\" height=\"17\">Individualisiert:<\/td>\n<td align=\"LEFT\">Nein<\/td>\n<\/tr>\n<tr>\n<td align=\"LEFT\" height=\"17\">Innensohlenmaterial:<\/td>\n<td align=\"LEFT\">Sk\u00f3ra<\/td>\n<\/tr>\n<tr>\n<td align=\"LEFT\" height=\"17\">Jahreszeit:<\/td>\n<td align=\"LEFT\">Fr\u00fchling, Herbst, Sommer, Winter<\/td>\n<\/tr>\n<tr>\n<td align=\"LEFT\" height=\"17\">Laufsohlenmaterial:<\/td>\n<td align=\"LEFT\">Tworzywo sztuczne<\/td>\n<\/tr>\n<tr>\n<td align=\"LEFT\" height=\"17\">Marke:<\/td>\n<td align=\"LEFT\">Sacha<\/td>\n<\/tr>\n<tr>\n<td align=\"LEFT\" height=\"17\">Modell:<\/td>\n<td align=\"LEFT\">Western<\/td>\n<\/tr>\n<tr>\n<td align=\"LEFT\" height=\"17\">Materia\u0142 cholewki:<\/td>\n<td align=\"LEFT\">Wildleder<\/td>\n<\/tr>\n<tr>\n<td align=\"LEFT\" height=\"17\">Produktart:<\/td>\n<td align=\"LEFT\">Buty<\/td>\n<\/tr>\n<tr>\n<td align=\"LEFT\" height=\"17\">Schuhschaft-Typ:<\/td>\n<td align=\"LEFT\">Wadenl\u00e4nge<\/td>\n<\/tr>\n<tr>\n<td align=\"LEFT\" height=\"17\">Schuhweite:<\/td>\n<td align=\"LEFT\">F<\/td>\n<\/tr>\n<tr>\n<td align=\"LEFT\" height=\"17\">Stil:<\/td>\n<td align=\"LEFT\">Stiefelette<\/td>\n<\/tr>\n<tr>\n<td align=\"LEFT\" height=\"17\">Thema:<\/td>\n<td align=\"LEFT\">Western<\/td>\n<\/tr>\n<tr>\n<td align=\"LEFT\" height=\"17\">UK-Schuhgr\u00f6\u00dfe:<\/td>\n<td align=\"LEFT\">UK 5,5<\/td>\n<\/tr>\n<tr>\n<td align=\"LEFT\" height=\"17\">US-Schuhgr\u00f6\u00dfe:<\/td>\n<td align=\"LEFT\">US 7,5<\/td>\n<\/tr>\n<tr>\n<td align=\"LEFT\" height=\"17\">Vintage:<\/td>\n<td align=\"LEFT\">Nein<\/td>\n<\/tr>\n<\/tbody>\n<\/table>","protected":false},"featured_media":79418,"comment_status":"open","ping_status":"closed","template":"","meta":{"_seopress_robots_primary_cat":"","_seopress_titles_title":"","_seopress_titles_desc":"","_seopress_robots_index":""},"product_brand":[],"product_cat":[1348,1360,1385,1386],"product_tag":[],"class_list":{"0":"post-79298","1":"product","2":"type-product","3":"status-publish","4":"has-post-thumbnail","6":"product_cat-damen-mode","7":"product_cat-schuhe","8":"product_cat-stiefel","9":"product_cat-schneestiefel","10":"product_shipping_class-standard-versand","12":"first","13":"instock","14":"sale","15":"taxable","16":"shipping-taxable","17":"purchasable","18":"product-type-simple"},"_links":{"self":[{"href":"https:\/\/www.soanam.de\/pl\/wp-json\/wp\/v2\/product\/79298","targetHints":{"allow":["GET"]}}],"collection":[{"href":"https:\/\/www.soanam.de\/pl\/wp-json\/wp\/v2\/product"}],"about":[{"href":"https:\/\/www.soanam.de\/pl\/wp-json\/wp\/v2\/types\/product"}],"replies":[{"embeddable":true,"href":"https:\/\/www.soanam.de\/pl\/wp-json\/wp\/v2\/comments?post=79298"}],"wp:featuredmedia":[{"embeddable":true,"href":"https:\/\/www.soanam.de\/pl\/wp-json\/wp\/v2\/media\/79418"}],"wp:attachment":[{"href":"https:\/\/www.soanam.de\/pl\/wp-json\/wp\/v2\/media?parent=79298"}],"wp:term":[{"taxonomy":"product_brand","embeddable":true,"href":"https:\/\/www.soanam.de\/pl\/wp-json\/wp\/v2\/product_brand?post=79298"},{"taxonomy":"product_cat","embeddable":true,"href":"https:\/\/www.soanam.de\/pl\/wp-json\/wp\/v2\/product_cat?post=79298"},{"taxonomy":"product_tag","embeddable":true,"href":"https:\/\/www.soanam.de\/pl\/wp-json\/wp\/v2\/product_tag?post=79298"}],"curies":[{"name":"wp","href":"https:\/\/api.w.org\/{rel}","templated":true}]}}