{"id":79296,"date":"2023-12-13T22:36:44","date_gmt":"2023-12-13T21:36:44","guid":{"rendered":"https:\/\/www.soanam.de\/?post_type=product&#038;p=79296"},"modified":"2023-12-13T22:38:59","modified_gmt":"2023-12-13T21:38:59","slug":"majtki-petite-fleur-w-zestawie-3-sztuk-w-kolorze-czarnym-rozmiar-40-42-2","status":"publish","type":"product","link":"https:\/\/www.soanam.de\/pl\/produkt\/petite-fleur-formslips-im-3er-pack-in-schwarz-groesse-40-42-2\/","title":{"rendered":"petite fleur Formslips im 3er Pack, in Schwarz, Gr\u00f6\u00dfe 40\/42"},"content":{"rendered":"<p>Bodyforming-Slips im 3er-Pack von petite fleur<br \/>\nHohe Leibh\u00f6he f\u00fcr optimalen Tragekomfort<br \/>\nVorn mit Power-Netz verst\u00e4rkt - Kaschiert die Bauchpartie<br \/>\nSchmetterlings-Druck seitlich<\/p>\n<p>Shapewear und Wohlf\u00fchlslip in Einem.<br \/>\nOptisch k\u00f6nnen die Unterhosen mit einem niedlichen Schmetterlingsdruck punkten.<br \/>\nDie Slips sitzen dank ihrer weichen Stoffqualit\u00e4t besonders komfortabel.<br \/>\nDurch spezielle Eins\u00e4tze am Bauch verschwinden kleine P\u00f6lsterchen und zaubern sofort eine tolle Silhouette.<\/p>\n<p>Materia\u0142: bawe\u0142na 90%, elastan 10% LYCRA<br \/>\nWskaz\u00f3wki dotycz\u0105ce piel\u0119gnacji: Pra\u0107 w pralce<\/p>\n<p>Kolor: czarny<br \/>\nMuster: Schmetterling<br \/>\nRozmiar: 40\/42<\/p>","protected":false},"excerpt":{"rendered":"<table class=\"dv_characteristicsTable\">\n<caption>MASSANGABE<\/caption>\n<tbody>\n<tr>\n<td class=\"left\">Rozmiar<\/td>\n<td>40\/42<\/td>\n<\/tr>\n<tr>\n<td class=\"left\">Gr\u00f6\u00dfentyp<\/td>\n<td>Normalgr\u00f6\u00dfen<\/td>\n<\/tr>\n<\/tbody>\n<\/table>\n<table class=\"dv_characteristicsTable\">\n<caption>FARBE<\/caption>\n<tbody>\n<tr>\n<td class=\"left\">Kolor<\/td>\n<td>schwarz<\/td>\n<\/tr>\n<\/tbody>\n<\/table>\n<table class=\"dv_characteristicsTable\">\n<caption>PRODUKTDETAILS<\/caption>\n<tbody>\n<tr>\n<td class=\"left\">Ausstattung<\/td>\n<td>Bawe\u0142niany klin<\/td>\n<\/tr>\n<tr>\n<td class=\"left\">Instrukcje dotycz\u0105ce piel\u0119gnacji<\/td>\n<td>Pranie w pralce<\/td>\n<\/tr>\n<\/tbody>\n<\/table>\n<table class=\"dv_characteristicsTable\">\n<caption>MATERIAL<\/caption>\n<tbody>\n<tr>\n<td class=\"left\">Sk\u0142ad materia\u0142u<\/td>\n<td>Obermaterial: 90% Baumwolle\u00a0, 10% Elasthan LYCRA\u00ae. Powernetz: 90% Polyamid, 10% Elasthan<\/td>\n<\/tr>\n<\/tbody>\n<\/table>","protected":false},"featured_media":79412,"comment_status":"open","ping_status":"closed","template":"","meta":{"_seopress_robots_primary_cat":"","_seopress_titles_title":"","_seopress_titles_desc":"","_seopress_robots_index":""},"product_brand":[],"product_cat":[1348,1444,1501],"product_tag":[],"class_list":{"0":"post-79296","1":"product","2":"type-product","3":"status-publish","4":"has-post-thumbnail","6":"product_cat-damen-mode","7":"product_cat-unterwaesche","8":"product_cat-slips","9":"product_shipping_class-standard-versand","11":"first","12":"instock","13":"sale","14":"taxable","15":"shipping-taxable","16":"purchasable","17":"product-type-simple"},"_links":{"self":[{"href":"https:\/\/www.soanam.de\/pl\/wp-json\/wp\/v2\/product\/79296","targetHints":{"allow":["GET"]}}],"collection":[{"href":"https:\/\/www.soanam.de\/pl\/wp-json\/wp\/v2\/product"}],"about":[{"href":"https:\/\/www.soanam.de\/pl\/wp-json\/wp\/v2\/types\/product"}],"replies":[{"embeddable":true,"href":"https:\/\/www.soanam.de\/pl\/wp-json\/wp\/v2\/comments?post=79296"}],"wp:featuredmedia":[{"embeddable":true,"href":"https:\/\/www.soanam.de\/pl\/wp-json\/wp\/v2\/media\/79412"}],"wp:attachment":[{"href":"https:\/\/www.soanam.de\/pl\/wp-json\/wp\/v2\/media?parent=79296"}],"wp:term":[{"taxonomy":"product_brand","embeddable":true,"href":"https:\/\/www.soanam.de\/pl\/wp-json\/wp\/v2\/product_brand?post=79296"},{"taxonomy":"product_cat","embeddable":true,"href":"https:\/\/www.soanam.de\/pl\/wp-json\/wp\/v2\/product_cat?post=79296"},{"taxonomy":"product_tag","embeddable":true,"href":"https:\/\/www.soanam.de\/pl\/wp-json\/wp\/v2\/product_tag?post=79296"}],"curies":[{"name":"wp","href":"https:\/\/api.w.org\/{rel}","templated":true}]}}