{"id":79279,"date":"2023-12-13T22:36:17","date_gmt":"2023-12-13T21:36:17","guid":{"rendered":"https:\/\/www.soanam.de\/?post_type=product&#038;p=79279"},"modified":"2023-12-13T22:38:47","modified_gmt":"2023-12-13T21:38:47","slug":"go-in-bikinislip-im-10er-pack-in-weiss-groesse-48-50","status":"publish","type":"product","link":"https:\/\/www.soanam.de\/pl\/produkt\/go-in-bikinislip-im-10er-pack-in-weiss-groesse-48-50\/","title":{"rendered":"Go in Bikinislip im 10er Pack, in Wei\u00df, Gr\u00f6\u00dfe 48\/50"},"content":{"rendered":"<p>Bikinislips im 10er-Pack von Go in<br \/>\nMit elastischen Abschl\u00fcssen an Taillen- und Beinausschnitten<br \/>\nWykonane z mi\u0119kkiej, elastycznej tkaniny bawe\u0142nianej<\/p>\n<p>Der 10er-Pack Bikinislips von Go In verw\u00f6hnt Frauen mit Qualit\u00e4t und Passform.<br \/>\nDer klassische Schnitt des H\u00f6schens garantiert einen erstklassigen Sitz.<br \/>\nEin hoher Beinausschnitt, schmales B\u00fcndchen und softe Qualit\u00e4t machen den Slip unentbehrlich.<\/p>\n<p>Materia\u0142: bawe\u0142na 95%, elastan 5%<br \/>\nWskaz\u00f3wki dotycz\u0105ce piel\u0119gnacji: Pra\u0107 w pralce<\/p>\n<p>Kolor: bia\u0142y<br \/>\nWz\u00f3r: bez<br \/>\nRozmiar: 48\/50<\/p>","protected":false},"excerpt":{"rendered":"<table class=\"dv_characteristicsTable\">\n<caption>MASSANGABE<\/caption>\n<tbody>\n<tr>\n<td class=\"left\">Rozmiar<\/td>\n<td>48\/50<\/td>\n<\/tr>\n<tr>\n<td class=\"left\">Gr\u00f6\u00dfentyp<\/td>\n<td>Normalgr\u00f6\u00dfen<\/td>\n<\/tr>\n<\/tbody>\n<\/table>\n<table class=\"dv_characteristicsTable\">\n<caption>FARBE<\/caption>\n<tbody>\n<tr>\n<td class=\"left\">Kolor<\/td>\n<td>wei\u00df<\/td>\n<\/tr>\n<\/tbody>\n<\/table>\n<table class=\"dv_characteristicsTable\">\n<caption>PRODUKTDETAILS<\/caption>\n<tbody>\n<tr>\n<td class=\"left\">Ausstattung<\/td>\n<td>Bawe\u0142niany klin<\/td>\n<\/tr>\n<tr>\n<td class=\"left\">Instrukcje dotycz\u0105ce piel\u0119gnacji<\/td>\n<td>Pranie w pralce<\/td>\n<\/tr>\n<\/tbody>\n<\/table>\n<table class=\"dv_characteristicsTable\">\n<caption>MATERIAL<\/caption>\n<tbody>\n<tr>\n<td class=\"left\">Sk\u0142ad materia\u0142u<\/td>\n<td>Obermaterial: 95% Baumwolle\u00a0, 5% Elasthan<\/td>\n<\/tr>\n<\/tbody>\n<\/table>","protected":false},"featured_media":79399,"comment_status":"open","ping_status":"closed","template":"","meta":{"_seopress_robots_primary_cat":"","_seopress_titles_title":"","_seopress_titles_desc":"","_seopress_robots_index":""},"product_brand":[],"product_cat":[1348,1444,1501],"product_tag":[],"class_list":{"0":"post-79279","1":"product","2":"type-product","3":"status-publish","4":"has-post-thumbnail","6":"product_cat-damen-mode","7":"product_cat-unterwaesche","8":"product_cat-slips","9":"product_shipping_class-standard-versand","11":"first","12":"instock","13":"sale","14":"taxable","15":"shipping-taxable","16":"purchasable","17":"product-type-simple"},"_links":{"self":[{"href":"https:\/\/www.soanam.de\/pl\/wp-json\/wp\/v2\/product\/79279","targetHints":{"allow":["GET"]}}],"collection":[{"href":"https:\/\/www.soanam.de\/pl\/wp-json\/wp\/v2\/product"}],"about":[{"href":"https:\/\/www.soanam.de\/pl\/wp-json\/wp\/v2\/types\/product"}],"replies":[{"embeddable":true,"href":"https:\/\/www.soanam.de\/pl\/wp-json\/wp\/v2\/comments?post=79279"}],"wp:featuredmedia":[{"embeddable":true,"href":"https:\/\/www.soanam.de\/pl\/wp-json\/wp\/v2\/media\/79399"}],"wp:attachment":[{"href":"https:\/\/www.soanam.de\/pl\/wp-json\/wp\/v2\/media?parent=79279"}],"wp:term":[{"taxonomy":"product_brand","embeddable":true,"href":"https:\/\/www.soanam.de\/pl\/wp-json\/wp\/v2\/product_brand?post=79279"},{"taxonomy":"product_cat","embeddable":true,"href":"https:\/\/www.soanam.de\/pl\/wp-json\/wp\/v2\/product_cat?post=79279"},{"taxonomy":"product_tag","embeddable":true,"href":"https:\/\/www.soanam.de\/pl\/wp-json\/wp\/v2\/product_tag?post=79279"}],"curies":[{"name":"wp","href":"https:\/\/api.w.org\/{rel}","templated":true}]}}