{"id":79221,"date":"2023-12-13T22:35:01","date_gmt":"2023-12-13T21:35:01","guid":{"rendered":"https:\/\/www.soanam.de\/?post_type=product&#038;p=79221"},"modified":"2023-12-13T22:37:54","modified_gmt":"2023-12-13T21:37:54","slug":"lascana-pyjamahose-mit-seitenstreifen-aus-spitze-in-rosenholz-groesse-44-46","status":"publish","type":"product","link":"https:\/\/www.soanam.de\/pl\/produkt\/lascana-pyjamahose-mit-seitenstreifen-aus-spitze-in-rosenholz-groesse-44-46\/","title":{"rendered":"Spodnie od pi\u017camy LASCANA z koronkowymi paskami po bokach, w kolorze r\u00f3\u017canym, rozmiar 44\/46"},"content":{"rendered":"<p>Pojedyncze spodnie od pi\u017camy od Lascana<br \/>\nZ elastycznym paskiem w talii i bocznymi paskami wykonanymi z delikatnej koronki<br \/>\nMetalowe logo w krat\u0119<br \/>\nMi\u0119kki, lej\u0105cy materia\u0142 z mieszanki wiskozy<\/p>\n<p>Lej\u0105cy, rozci\u0105gliwy materia\u0142 wiskozowy delikatnie i mi\u0119kko pie\u015bci sk\u00f3r\u0119, gwarantuj\u0105c doskona\u0142e samopoczucie podczas noszenia, kt\u00f3re jest dodatkowo wzmocnione przez swobodny kr\u00f3j i elastyczny pas.<br \/>\nUwodzicielska koronkowa wstawka na bocznych szwach nadaje tym figom od pi\u017camy Lascana odrobin\u0119 ekstra.<\/p>\n<p>Materia\u0142: wiskoza 95%, elastan 5%<br \/>\nWskaz\u00f3wki dotycz\u0105ce piel\u0119gnacji: Pra\u0107 w pralce<\/p>\n<p>Kolor: palisander<br \/>\nWz\u00f3r: bez<br \/>\nRozmiar: 44\/46<\/p>\n<p>Rozmiar talii: 84 cm<br \/>\nD\u0142ugo\u015b\u0107 stopnia: 80 cm<br \/>\nCa\u0142kowita d\u0142ugo\u015b\u0107: 107 cm<\/p>","protected":false},"excerpt":{"rendered":"<table class=\"dv_characteristicsTable\">\n<tbody>\n<tr>\n<td class=\"left\">Rozmiar<\/td>\n<td>44\/46<\/td>\n<\/tr>\n<tr>\n<td class=\"left\">Gr\u00f6\u00dfentyp<\/td>\n<td>Normalgr\u00f6\u00dfen<\/td>\n<\/tr>\n<tr>\n<td class=\"left\">Sk\u0142ad materia\u0142u<\/td>\n<td>Obermaterial: 95% Viskose, 5% Elasthan<\/td>\n<\/tr>\n<tr>\n<td class=\"left\">Instrukcje dotycz\u0105ce piel\u0119gnacji<\/td>\n<td>Pranie w pralce<\/td>\n<\/tr>\n<tr>\n<td class=\"left\">Optik<\/td>\n<td>unifarben<\/td>\n<\/tr>\n<tr>\n<td class=\"left\">Stil<\/td>\n<td>sexy<\/td>\n<\/tr>\n<tr>\n<td class=\"left\">Kolor<\/td>\n<td>palisander<\/td>\n<\/tr>\n<tr>\n<td class=\"left\">Bundabschluss<\/td>\n<td>elastischer Bund<\/td>\n<\/tr>\n<tr>\n<td class=\"left\">Beinform<\/td>\n<td>gerade<\/td>\n<\/tr>\n<tr>\n<td class=\"left\">Dopasowanie<\/td>\n<td>Basic<\/td>\n<\/tr>\n<tr>\n<td class=\"left\">Schnittform L\u00e4nge<\/td>\n<td>lang<\/td>\n<\/tr>\n<tr>\n<td class=\"left\">Applikationen<\/td>\n<td>Spitze<\/td>\n<\/tr>\n<tr>\n<td class=\"left\">Besondere Merkmale<\/td>\n<td>mit Seitenstreifen aus transparenter Spitze<\/td>\n<\/tr>\n<\/tbody>\n<\/table>","protected":false},"featured_media":79349,"comment_status":"open","ping_status":"closed","template":"","meta":{"_seopress_robots_primary_cat":"","_seopress_titles_title":"","_seopress_titles_desc":"","_seopress_robots_index":""},"product_brand":[],"product_cat":[1348,1520,1521],"product_tag":[],"class_list":{"0":"post-79221","1":"product","2":"type-product","3":"status-publish","4":"has-post-thumbnail","6":"product_cat-damen-mode","7":"product_cat-nachtwaesche","8":"product_cat-einzelteile","9":"product_shipping_class-standard-versand","11":"first","12":"instock","13":"sale","14":"taxable","15":"shipping-taxable","16":"purchasable","17":"product-type-simple"},"_links":{"self":[{"href":"https:\/\/www.soanam.de\/pl\/wp-json\/wp\/v2\/product\/79221","targetHints":{"allow":["GET"]}}],"collection":[{"href":"https:\/\/www.soanam.de\/pl\/wp-json\/wp\/v2\/product"}],"about":[{"href":"https:\/\/www.soanam.de\/pl\/wp-json\/wp\/v2\/types\/product"}],"replies":[{"embeddable":true,"href":"https:\/\/www.soanam.de\/pl\/wp-json\/wp\/v2\/comments?post=79221"}],"wp:featuredmedia":[{"embeddable":true,"href":"https:\/\/www.soanam.de\/pl\/wp-json\/wp\/v2\/media\/79349"}],"wp:attachment":[{"href":"https:\/\/www.soanam.de\/pl\/wp-json\/wp\/v2\/media?parent=79221"}],"wp:term":[{"taxonomy":"product_brand","embeddable":true,"href":"https:\/\/www.soanam.de\/pl\/wp-json\/wp\/v2\/product_brand?post=79221"},{"taxonomy":"product_cat","embeddable":true,"href":"https:\/\/www.soanam.de\/pl\/wp-json\/wp\/v2\/product_cat?post=79221"},{"taxonomy":"product_tag","embeddable":true,"href":"https:\/\/www.soanam.de\/pl\/wp-json\/wp\/v2\/product_tag?post=79221"}],"curies":[{"name":"wp","href":"https:\/\/api.w.org\/{rel}","templated":true}]}}