{"id":79199,"date":"2023-12-13T22:34:30","date_gmt":"2023-12-13T21:34:30","guid":{"rendered":"https:\/\/www.soanam.de\/?post_type=product&#038;p=79199"},"modified":"2023-12-13T22:37:14","modified_gmt":"2023-12-13T21:37:14","slug":"yume-sleepwear-koc-dzieciecy-ksiezyc-recznie-haftowany-w-kolorze-niebieskim-kremowym-135cm-x-100cm","status":"publish","type":"product","link":"https:\/\/www.soanam.de\/pl\/produkt\/yume-sleepwear-kinderdecke-mond-handbestickt-in-blau-creme-135cm-x-100cm\/","title":{"rendered":"Kocyk dzieci\u0119cy Yume Sleepwear \"Moon\", r\u0119cznie haftowany, w kolorze niebieskim \/ kremowym (135 cm x 100 cm)"},"content":{"rendered":"<h3>Opis<\/h3>\n<p>Zaprojektowana z my\u015bl\u0105 o \u015bnie, Yume to kolekcja wykwintnej bielizny nocnej, charakterystycznych r\u0119cznie haftowanych koc\u00f3w i czaruj\u0105cych akcesori\u00f3w dla dzieci inspirowanych wielowiekowymi azjatyckimi rytua\u0142ami, kt\u00f3re obejmuj\u0105 wygodne ubrania na przej\u015bcie od szumu dnia do spokoju nocy.<br \/>\nYume opiera si\u0119 na tradycyjnych wzorach, kt\u00f3re sprawdzaj\u0105 si\u0119 od wiek\u00f3w i dostosowuj\u0105 si\u0119 do potrzeb dzieci i naszego poczucia pi\u0119kna.<br \/>\nWykonane z mi\u0119kkiej, dwuwarstwowej tkaniny bawe\u0142nianej, produkty s\u0105 wygodne, pi\u0119kne i przyjazne, z delikatnym wyko\u0144czeniem.<br \/>\nMamy nadziej\u0119, \u017ce b\u0119d\u0105 one s\u0142u\u017cy\u0107 jako wszechstronny przyjaciel dzieci podczas czasami trudnego przej\u015bcia od emocji dnia do spokojnego snu i zapewni\u0105 poczucie przytulnego spokoju.<br \/>\nProdukty Yume s\u0105 trwa\u0142e i mog\u0105 by\u0107 noszone przez kolejne pokolenia dzieci.<\/p>\n<h3>Opis artyku\u0142u<\/h3>\n<p>Kocyki dla dzieci Yume s\u0105 wykonane z wielowarstwowych tkanin i s\u0105 r\u0119cznie robione i haftowane przez kobiety w czasoch\u0142onnej pracy domowej. Hafty symbolizuj\u0105 elementy natury, dla kt\u00f3rych hafciarki (wewn\u0105trz) s\u0105 wa\u017cne: s\u0142o\u0144ca, ksi\u0119\u017cyce, deszcz, ry\u017c.<br \/>\nKocyki dzieci\u0119ce maj\u0105 rozmiar 100x135 cm i mog\u0105 by\u0107 r\u00f3wnie\u017c u\u017cywane po okresie dzieci\u0144stwa jako du\u017cy \"przytulny szalik\" lub do ogrzania bioder. Wszystkie kocyki mo\u017cna pra\u0107 w pralce w temperaturze do 40C.<\/p>\n<h3>szczeg\u00f3\u0142y<\/h3>\n<p>Kolor: niebieski \/ kremowy<br \/>\nMateria\u0142: 100% Premium - wielowarstwowa bawe\u0142na<br \/>\nRozmiar: 135 cm x 100 cm<br \/>\nR\u0119cznie haftowane<br \/>\nMo\u017cna pra\u0107 w pralce w temperaturze 40\u00b0C<br \/>\nWyprodukowano w Tajlandii<\/p>","protected":false},"excerpt":{"rendered":"<h3>Artikelmerkmale<\/h3>\n<p>Stan produktu: Nowy z etykiet\u0105: Nowy, nieu\u017cywany i nienoszony produkt w oryginalnym opakowaniu.<\/p>\n<p>Produktart: Decke<br \/>\nL\u00e4nge: 135 cm<br \/>\nF\u00fcllmaterial: nicht zutreffend<br \/>\nMateria\u0142: bawe\u0142na 100%<br \/>\nPflegeanleitung: Maschinenw\u00e4sche<br \/>\nFarbe: Blau<br \/>\nBreite: 100 cm<br \/>\nMarke: Yume<br \/>\nRozmiar: 135 cm x 100 cm<\/p>","protected":false},"featured_media":79312,"comment_status":"open","ping_status":"closed","template":"","meta":{"_seopress_robots_primary_cat":"","_seopress_titles_title":"","_seopress_titles_desc":"","_seopress_robots_index":""},"product_brand":[],"product_cat":[1400],"product_tag":[],"class_list":{"0":"post-79199","1":"product","2":"type-product","3":"status-publish","4":"has-post-thumbnail","6":"product_cat-wohnzubehoer","7":"product_shipping_class-standard-versand","9":"first","10":"instock","11":"sale","12":"taxable","13":"shipping-taxable","14":"purchasable","15":"product-type-simple"},"_links":{"self":[{"href":"https:\/\/www.soanam.de\/pl\/wp-json\/wp\/v2\/product\/79199","targetHints":{"allow":["GET"]}}],"collection":[{"href":"https:\/\/www.soanam.de\/pl\/wp-json\/wp\/v2\/product"}],"about":[{"href":"https:\/\/www.soanam.de\/pl\/wp-json\/wp\/v2\/types\/product"}],"replies":[{"embeddable":true,"href":"https:\/\/www.soanam.de\/pl\/wp-json\/wp\/v2\/comments?post=79199"}],"wp:featuredmedia":[{"embeddable":true,"href":"https:\/\/www.soanam.de\/pl\/wp-json\/wp\/v2\/media\/79312"}],"wp:attachment":[{"href":"https:\/\/www.soanam.de\/pl\/wp-json\/wp\/v2\/media?parent=79199"}],"wp:term":[{"taxonomy":"product_brand","embeddable":true,"href":"https:\/\/www.soanam.de\/pl\/wp-json\/wp\/v2\/product_brand?post=79199"},{"taxonomy":"product_cat","embeddable":true,"href":"https:\/\/www.soanam.de\/pl\/wp-json\/wp\/v2\/product_cat?post=79199"},{"taxonomy":"product_tag","embeddable":true,"href":"https:\/\/www.soanam.de\/pl\/wp-json\/wp\/v2\/product_tag?post=79199"}],"curies":[{"name":"wp","href":"https:\/\/api.w.org\/{rel}","templated":true}]}}