{"id":79183,"date":"2023-12-13T22:33:59","date_gmt":"2023-12-13T21:33:59","guid":{"rendered":"https:\/\/www.soanam.de\/?post_type=product&#038;p=79183"},"modified":"2023-12-13T22:36:46","modified_gmt":"2023-12-13T21:36:46","slug":"arizona-bootcut-jeans-shaping-in-dark-blue-used-groesse-38","status":"publish","type":"product","link":"https:\/\/www.soanam.de\/pl\/produkt\/arizona-bootcut-jeans-shaping-in-dark-blue-used-groesse-38\/","title":{"rendered":"D\u017cinsy Arizona bootcut SHAPING, kolor granatowy, rozmiar 38"},"content":{"rendered":"<p>D\u017cinsy z wysokim stanem od ARIZONA<br \/>\nBootcut, wysoki stan<br \/>\nOdrodzenie mody w latach dziewi\u0119\u0107dziesi\u0105tych<br \/>\nZ efektem rozci\u0105gni\u0119tego brzucha<br \/>\nWykonane z elastycznego denimu<\/p>\n<p>Die High-Waist-Jeans von Arizona zaubert eine traumhafte Figur - Die hohe H\u00fcfte verschlankt, die figurbetont geschnittenen Beine wirken l\u00e4nger und der Bootcut am Beinende macht sie optisch schmaler.<br \/>\nTe jeansy z 5 kieszeniami idealnie pasuj\u0105 i s\u0105 bardzo wygodne dzi\u0119ki przytulnemu d\u017cinsowemu materia\u0142owi.<\/p>\n<p>Materia\u0142: bawe\u0142na 79%, poliester 19%, elastan 2%<br \/>\nWskaz\u00f3wki dotycz\u0105ce piel\u0119gnacji: Mo\u017cna pra\u0107 w pralce w temperaturze 40\u00b0<\/p>\n<p>Kolor: u\u017cywany ciemnoniebieski<br \/>\nRozmiar: EUR 38<\/p>\n<p>Rozmiar talii: 74 cm<br \/>\nObw\u00f3d bioder: 98 cm<br \/>\nD\u0142ugo\u015b\u0107 stopnia: 82 cm<br \/>\nCa\u0142kowita d\u0142ugo\u015b\u0107: 110 cm<\/p>","protected":false},"excerpt":{"rendered":"<table class=\"dv_characteristicsTable\">\n<tbody>\n<tr>\n<td class=\"left\">Rozmiar<\/td>\n<td>38<\/td>\n<\/tr>\n<tr>\n<td class=\"left\">Gr\u00f6\u00dfentyp<\/td>\n<td>Normalgr\u00f6\u00dfen<\/td>\n<\/tr>\n<tr>\n<td class=\"left\">Sk\u0142ad materia\u0142u<\/td>\n<td>Obermaterial: 79% Baumwolle, 19% Polyester, 2% Elasthan<\/td>\n<\/tr>\n<tr>\n<td class=\"left\">Materialart<\/td>\n<td>D\u017cinsy<\/td>\n<\/tr>\n<tr>\n<td class=\"left\">Materialeigenschaften<\/td>\n<td>Stretch, elastisch<\/td>\n<\/tr>\n<tr>\n<td class=\"left\">Instrukcje dotycz\u0105ce piel\u0119gnacji<\/td>\n<td>Pranie w pralce<\/td>\n<\/tr>\n<tr>\n<td class=\"left\">Stil<\/td>\n<td>Basic<\/td>\n<\/tr>\n<tr>\n<td class=\"left\">Waschung<\/td>\n<td>used<\/td>\n<\/tr>\n<tr>\n<td class=\"left\">Kolor<\/td>\n<td>darkblue, used<\/td>\n<\/tr>\n<tr>\n<td class=\"left\">Leibh\u00f6he<\/td>\n<td>hoch<\/td>\n<\/tr>\n<tr>\n<td class=\"left\">Bundabschluss<\/td>\n<td>durchgesteppt<\/td>\n<\/tr>\n<tr>\n<td class=\"left\">Beinform<\/td>\n<td>Bootcut<\/td>\n<\/tr>\n<tr>\n<td class=\"left\">Dopasowanie<\/td>\n<td>bootcut fit<\/td>\n<\/tr>\n<tr>\n<td class=\"left\">Schnittform L\u00e4nge<\/td>\n<td>lang<\/td>\n<\/tr>\n<tr>\n<td class=\"left\">L\u00e4nge der G\u00fcrtelschlaufe<\/td>\n<td>6,5 cm<\/td>\n<\/tr>\n<tr>\n<td class=\"left\">Torby<\/td>\n<td>aufgesetzte Taschen, Eingrifftaschen<\/td>\n<\/tr>\n<tr>\n<td class=\"left\">Verschluss<\/td>\n<td>Knopf<\/td>\n<\/tr>\n<tr>\n<td class=\"left\">Besondere Merkmale<\/td>\n<td>High Waist<\/td>\n<\/tr>\n<\/tbody>\n<\/table>","protected":false},"featured_media":77738,"comment_status":"open","ping_status":"closed","template":"","meta":{"_seopress_robots_primary_cat":"","_seopress_titles_title":"","_seopress_titles_desc":"","_seopress_robots_index":""},"product_brand":[],"product_cat":[1348,1349,1350],"product_tag":[],"class_list":{"0":"post-79183","1":"product","2":"type-product","3":"status-publish","4":"has-post-thumbnail","6":"product_cat-damen-mode","7":"product_cat-hosen-damen-mode","8":"product_cat-jeans-hosen-damen-mode","9":"product_shipping_class-standard-versand","11":"first","12":"instock","13":"sale","14":"taxable","15":"shipping-taxable","16":"purchasable","17":"product-type-simple"},"_links":{"self":[{"href":"https:\/\/www.soanam.de\/pl\/wp-json\/wp\/v2\/product\/79183","targetHints":{"allow":["GET"]}}],"collection":[{"href":"https:\/\/www.soanam.de\/pl\/wp-json\/wp\/v2\/product"}],"about":[{"href":"https:\/\/www.soanam.de\/pl\/wp-json\/wp\/v2\/types\/product"}],"replies":[{"embeddable":true,"href":"https:\/\/www.soanam.de\/pl\/wp-json\/wp\/v2\/comments?post=79183"}],"wp:featuredmedia":[{"embeddable":true,"href":"https:\/\/www.soanam.de\/pl\/wp-json\/wp\/v2\/media\/77738"}],"wp:attachment":[{"href":"https:\/\/www.soanam.de\/pl\/wp-json\/wp\/v2\/media?parent=79183"}],"wp:term":[{"taxonomy":"product_brand","embeddable":true,"href":"https:\/\/www.soanam.de\/pl\/wp-json\/wp\/v2\/product_brand?post=79183"},{"taxonomy":"product_cat","embeddable":true,"href":"https:\/\/www.soanam.de\/pl\/wp-json\/wp\/v2\/product_cat?post=79183"},{"taxonomy":"product_tag","embeddable":true,"href":"https:\/\/www.soanam.de\/pl\/wp-json\/wp\/v2\/product_tag?post=79183"}],"curies":[{"name":"wp","href":"https:\/\/api.w.org\/{rel}","templated":true}]}}