{"id":79162,"date":"2023-12-13T22:01:31","date_gmt":"2023-12-13T21:01:31","guid":{"rendered":"https:\/\/www.soanam.de\/?post_type=product&#038;p=79162"},"modified":"2023-12-13T22:36:12","modified_gmt":"2023-12-13T21:36:12","slug":"arizona-high-waist-bootcut-jeans-shaping-in-black-groesse-46","status":"publish","type":"product","link":"https:\/\/www.soanam.de\/pl\/produkt\/arizona-high-waist-bootcut-jeans-shaping-in-black-groesse-46\/","title":{"rendered":"Arizona High Waist Bootcut Jeans SHAPING, kolor czarny, rozmiar 46"},"content":{"rendered":"<p>D\u017cinsy z wysokim stanem od ARIZONA<br \/>\nBootcut, wysoki stan<br \/>\nZ efektem ukrycia brzuszka<br \/>\nOdrodzenie mody w latach dziewi\u0119\u0107dziesi\u0105tych<br \/>\nWykonane z wysokiej jako\u015bci elastycznego denimu<\/p>\n<p>Te d\u017cinsy z wysokim stanem marki Arizona w stylu bootcut przyci\u0105gaj\u0105 wzrok.<br \/>\nWysokie biodra wyszczuplaj\u0105, podkre\u015blaj\u0105ce figur\u0119 nogawki wydaj\u0105 si\u0119 d\u0142u\u017csze, a kr\u00f3j bootcut na ko\u0144cu nogawek sprawia, \u017ce wygl\u0105daj\u0105 one szczuplej.<br \/>\nCo wi\u0119cej, spodnie pasuj\u0105 jak ula\u0142 dzi\u0119ki elastycznemu materia\u0142owi d\u017cinsowemu.<\/p>\n<p>Materia\u0142: bawe\u0142na 72%, poliester 26%, elastan 2%<br \/>\nWskaz\u00f3wki dotycz\u0105ce piel\u0119gnacji: Pra\u0107 w pralce<\/p>\n<p>Kolor: czarny<br \/>\nWz\u00f3r: bez<br \/>\nRozmiar: 46<\/p>\n<p>Rozmiar talii: 92 cm<br \/>\nObw\u00f3d bioder: 107 cm<br \/>\nD\u0142ugo\u015b\u0107 stopnia: 76 cm<br \/>\nCa\u0142kowita d\u0142ugo\u015b\u0107: 103 cm<\/p>\n<p>Ten nowy przedmiot jest zwrotem klienta bez etykiety.<\/p>","protected":false},"excerpt":{"rendered":"<table class=\"dv_characteristicsTable\">\n<tbody>\n<tr>\n<td class=\"left\">Rozmiar<\/td>\n<td>46<\/td>\n<\/tr>\n<tr>\n<td class=\"left\">Gr\u00f6\u00dfentyp<\/td>\n<td>Normalgr\u00f6\u00dfen<\/td>\n<\/tr>\n<tr>\n<td class=\"left\">Sk\u0142ad materia\u0142u<\/td>\n<td>Obermaterial: 72% Baumwolle, 26% Polyester, 2% Elasthan<\/td>\n<\/tr>\n<tr>\n<td class=\"left\">Materialart<\/td>\n<td>D\u017cinsy<\/td>\n<\/tr>\n<tr>\n<td class=\"left\">Materialeigenschaften<\/td>\n<td>Stretch, elastisch<\/td>\n<\/tr>\n<tr>\n<td class=\"left\">Instrukcje dotycz\u0105ce piel\u0119gnacji<\/td>\n<td>Pranie w pralce<\/td>\n<\/tr>\n<tr>\n<td class=\"left\">Stil<\/td>\n<td>Basic<\/td>\n<\/tr>\n<tr>\n<td class=\"left\">Kolor<\/td>\n<td>black<\/td>\n<\/tr>\n<tr>\n<td class=\"left\">Leibh\u00f6he<\/td>\n<td>hoch<\/td>\n<\/tr>\n<tr>\n<td class=\"left\">Bundabschluss<\/td>\n<td>durchgesteppt<\/td>\n<\/tr>\n<tr>\n<td class=\"left\">Beinform<\/td>\n<td>Bootcut<\/td>\n<\/tr>\n<tr>\n<td class=\"left\">Dopasowanie<\/td>\n<td>bootcut fit<\/td>\n<\/tr>\n<tr>\n<td class=\"left\">Schnittform L\u00e4nge<\/td>\n<td>lang<\/td>\n<\/tr>\n<tr>\n<td class=\"left\">L\u00e4nge der G\u00fcrtelschlaufe<\/td>\n<td>6,5 cm<\/td>\n<\/tr>\n<tr>\n<td class=\"left\">Torby<\/td>\n<td>aufgesetzte Taschen, Eingrifftaschen<\/td>\n<\/tr>\n<tr>\n<td class=\"left\">Verschluss<\/td>\n<td>Knopf<\/td>\n<\/tr>\n<tr>\n<td class=\"left\">Besondere Merkmale<\/td>\n<td>High Waist<\/td>\n<\/tr>\n<\/tbody>\n<\/table>","protected":false},"featured_media":79272,"comment_status":"open","ping_status":"closed","template":"","meta":{"_seopress_robots_primary_cat":"","_seopress_titles_title":"","_seopress_titles_desc":"","_seopress_robots_index":""},"product_brand":[],"product_cat":[1348,1349,1350],"product_tag":[],"class_list":{"0":"post-79162","1":"product","2":"type-product","3":"status-publish","4":"has-post-thumbnail","6":"product_cat-damen-mode","7":"product_cat-hosen-damen-mode","8":"product_cat-jeans-hosen-damen-mode","9":"product_shipping_class-standard-versand","11":"first","12":"instock","13":"sale","14":"taxable","15":"shipping-taxable","16":"purchasable","17":"product-type-simple"},"_links":{"self":[{"href":"https:\/\/www.soanam.de\/pl\/wp-json\/wp\/v2\/product\/79162","targetHints":{"allow":["GET"]}}],"collection":[{"href":"https:\/\/www.soanam.de\/pl\/wp-json\/wp\/v2\/product"}],"about":[{"href":"https:\/\/www.soanam.de\/pl\/wp-json\/wp\/v2\/types\/product"}],"replies":[{"embeddable":true,"href":"https:\/\/www.soanam.de\/pl\/wp-json\/wp\/v2\/comments?post=79162"}],"wp:featuredmedia":[{"embeddable":true,"href":"https:\/\/www.soanam.de\/pl\/wp-json\/wp\/v2\/media\/79272"}],"wp:attachment":[{"href":"https:\/\/www.soanam.de\/pl\/wp-json\/wp\/v2\/media?parent=79162"}],"wp:term":[{"taxonomy":"product_brand","embeddable":true,"href":"https:\/\/www.soanam.de\/pl\/wp-json\/wp\/v2\/product_brand?post=79162"},{"taxonomy":"product_cat","embeddable":true,"href":"https:\/\/www.soanam.de\/pl\/wp-json\/wp\/v2\/product_cat?post=79162"},{"taxonomy":"product_tag","embeddable":true,"href":"https:\/\/www.soanam.de\/pl\/wp-json\/wp\/v2\/product_tag?post=79162"}],"curies":[{"name":"wp","href":"https:\/\/api.w.org\/{rel}","templated":true}]}}