{"id":79161,"date":"2023-12-13T22:01:31","date_gmt":"2023-12-13T21:01:31","guid":{"rendered":"https:\/\/www.soanam.de\/?post_type=product&#038;p=79161"},"modified":"2023-12-13T22:36:08","modified_gmt":"2023-12-13T21:36:08","slug":"lee-straight-fit-jeans-extreme-motion-in-maddox-blue-groesse-w33xl34","status":"publish","type":"product","link":"https:\/\/www.soanam.de\/pl\/produkt\/lee-straight-fit-jeans-extreme-motion-in-maddox-blue-groesse-w33xl34\/","title":{"rendered":"Lee Straight-Fit-Jeans Extreme Motion, in Maddox Blue, Gr\u00f6\u00dfe W33xL34"},"content":{"rendered":"<p>Lee Jeans f\u00fcr Herren<br \/>\nProste dopasowanie\/prosty kszta\u0142t<br \/>\nGerades Bein, normale Leibh\u00f6he<br \/>\nAngenehmer Tragekomfort durch Baumwollmischung<\/p>\n<p>W\u00e4hrend der Used-Look der Hose f\u00fcr eine coole Ausstrahlung sorgt, bringen Details wie die Kombination aus Knopf und Rei\u00dfverschluss oder der Labelpatch an der R\u00fcckseite eine klassische Note ins Spiel.<br \/>\nAngenehmer Tragekomfort ist dir in dem Modell mit mittlerer Leibh\u00f6he aufgrund des Stretchanteils ebenfalls sicher.<\/p>\n<p>Materia\u0142: bawe\u0142na 98%, elastan 2%<br \/>\nWskaz\u00f3wki dotycz\u0105ce piel\u0119gnacji: Pra\u0107 w pralce<\/p>\n<p>Farbe: maddox<br \/>\nWz\u00f3r: bez<br \/>\nGr\u00f6\u00dfe: W33 L34<\/p>\n<p>Rozmiar talii: 86 cm<br \/>\nObw\u00f3d bioder: 106 cm<br \/>\nSchrittl\u00e4nge: 83cm<br \/>\nGesamtl\u00e4nge: 112cm<\/p>\n<p>Ten nowy przedmiot jest zwrotem klienta bez etykiety.<\/p>","protected":false},"excerpt":{"rendered":"<table class=\"dv_characteristicsTable\">\n<tbody>\n<tr>\n<td class=\"left\">Rozmiar<\/td>\n<td>33<\/td>\n<\/tr>\n<tr>\n<td class=\"left\">Hosenl\u00e4nge<\/td>\n<td>34<\/td>\n<\/tr>\n<tr>\n<td class=\"left\">Sk\u0142ad materia\u0142u<\/td>\n<td>Obermaterial: 98% Baumwolle, 2% Elasthan<\/td>\n<\/tr>\n<tr>\n<td class=\"left\">Instrukcje dotycz\u0105ce piel\u0119gnacji<\/td>\n<td>Pranie w pralce<\/td>\n<\/tr>\n<tr>\n<td class=\"left\">Stil<\/td>\n<td>casual<\/td>\n<\/tr>\n<tr>\n<td class=\"left\">Kolor<\/td>\n<td>maddox<\/td>\n<\/tr>\n<tr>\n<td class=\"left\">Leibh\u00f6he<\/td>\n<td>normal<\/td>\n<\/tr>\n<tr>\n<td class=\"left\">Beinform<\/td>\n<td>gerade<\/td>\n<\/tr>\n<tr>\n<td class=\"left\">Dopasowanie<\/td>\n<td>normal<\/td>\n<\/tr>\n<tr>\n<td class=\"left\">Schnittform L\u00e4nge<\/td>\n<td>lang<\/td>\n<\/tr>\n<tr>\n<td class=\"left\">G\u00fcrtelschlaufen<\/td>\n<td>ja<\/td>\n<\/tr>\n<tr>\n<td class=\"left\">Applikationen<\/td>\n<td>Badges, Leder-Badge<\/td>\n<\/tr>\n<tr>\n<td class=\"left\">Torby<\/td>\n<td>Ges\u00e4\u00dftaschen, Eingrifftaschen<\/td>\n<\/tr>\n<tr>\n<td class=\"left\">Verschluss<\/td>\n<td>Zamek b\u0142yskawiczny<\/td>\n<\/tr>\n<tr>\n<td class=\"left\">Besondere Merkmale<\/td>\n<td>Straight-Fit-Jeans<\/td>\n<\/tr>\n<\/tbody>\n<\/table>","protected":false},"featured_media":79268,"comment_status":"open","ping_status":"closed","template":"","meta":{"_seopress_robots_primary_cat":"","_seopress_titles_title":"","_seopress_titles_desc":"","_seopress_robots_index":""},"product_brand":[],"product_cat":[1345,1346,1347],"product_tag":[],"class_list":{"0":"post-79161","1":"product","2":"type-product","3":"status-publish","4":"has-post-thumbnail","6":"product_cat-herrenmode","7":"product_cat-hosen","8":"product_cat-jeans","9":"product_shipping_class-standard-versand","11":"first","12":"instock","13":"sale","14":"taxable","15":"shipping-taxable","16":"purchasable","17":"product-type-simple"},"_links":{"self":[{"href":"https:\/\/www.soanam.de\/pl\/wp-json\/wp\/v2\/product\/79161","targetHints":{"allow":["GET"]}}],"collection":[{"href":"https:\/\/www.soanam.de\/pl\/wp-json\/wp\/v2\/product"}],"about":[{"href":"https:\/\/www.soanam.de\/pl\/wp-json\/wp\/v2\/types\/product"}],"replies":[{"embeddable":true,"href":"https:\/\/www.soanam.de\/pl\/wp-json\/wp\/v2\/comments?post=79161"}],"wp:featuredmedia":[{"embeddable":true,"href":"https:\/\/www.soanam.de\/pl\/wp-json\/wp\/v2\/media\/79268"}],"wp:attachment":[{"href":"https:\/\/www.soanam.de\/pl\/wp-json\/wp\/v2\/media?parent=79161"}],"wp:term":[{"taxonomy":"product_brand","embeddable":true,"href":"https:\/\/www.soanam.de\/pl\/wp-json\/wp\/v2\/product_brand?post=79161"},{"taxonomy":"product_cat","embeddable":true,"href":"https:\/\/www.soanam.de\/pl\/wp-json\/wp\/v2\/product_cat?post=79161"},{"taxonomy":"product_tag","embeddable":true,"href":"https:\/\/www.soanam.de\/pl\/wp-json\/wp\/v2\/product_tag?post=79161"}],"curies":[{"name":"wp","href":"https:\/\/api.w.org\/{rel}","templated":true}]}}