{"id":79131,"date":"2023-12-13T22:00:35","date_gmt":"2023-12-13T21:00:35","guid":{"rendered":"https:\/\/www.soanam.de\/?post_type=product&#038;p=79131"},"modified":"2025-12-08T14:24:56","modified_gmt":"2025-12-08T13:24:56","slug":"goldkenn-jack-daniels-original-recipe-tennessee-honey-schokolade-100g","status":"publish","type":"product","link":"https:\/\/www.soanam.de\/pl\/produkt\/goldkenn-jack-daniels-original-recipe-tennessee-honey-schokolade-100g\/","title":{"rendered":"Goldkenn Jack Daniel's Original Recipe Tennessee Honey Chocolate 100g"},"content":{"rendered":"<h3>Opis<\/h3>\n<blockquote><p><span style=\"color: #ff0000;\">Zakaz sprzeda\u017cy osobom poni\u017cej 18 roku \u017cycia.<\/span><br \/>\n<span style=\"color: #ff0000;\">Sk\u0142adaj\u0105c zam\u00f3wienie, u\u017cytkownik potwierdza, \u017ce osi\u0105gn\u0105\u0142 wymagany prawem minimalny wiek.<\/span><br \/>\n<span style=\"color: #ff0000;\">W razie w\u0105tpliwo\u015bci towar zostanie wys\u0142any dopiero po weryfikacji wieku.<\/span><\/p><\/blockquote>\n<p>Achtung, nicht f\u00fcr Kinder geeignet. Die Jack Daniel\u2019s Tennessee Honey Goldkenn Schokolade ist wirklich nur was f\u00fcr die Gro\u00dfen. Feinste Schweizer Milchschokolade umh\u00fcllt mit einem knackig-zarten Mantel, die F\u00fcllung besteht aus dem beliebten Tennessee Whiskey. Den besonderen Geschmack erh\u00e4lt sie vom Whiskey selber, der \u00fcber eine leichte Honig-Note verf\u00fcgt. Definitiv was f\u00fcr Genie\u00dfer!<\/p>\n<p>14,6 x 7,1 x 2 cm<br \/>\nWaga netto: 100g<\/p>","protected":false},"excerpt":{"rendered":"<h3>Artikelmerkmale<\/h3>\n<p>Stan produktu: Nowy z etykiet\u0105: Nowy, nieu\u017cywany i nienoszony produkt w oryginalnym opakowaniu.<\/p>\n<p>Hersteller: Goldkenn<br \/>\nGewicht : 100 g<br \/>\nZutatenverzeichnis:<br \/>\nZucker, Kakaomasse, Kakaobutter, Jack Daniel's Tennessee Honey 8%, Vollmilchpulver, Magermilchpulver, Butterreinfett, Emulgator: Sojalecithin, Vanille-Extrakt, Kakao mind. 37%, kann Spuren von Haseln\u00fcssen enthalten, kann Spuren von Mandeln enthalten, Kann Spuren von Pekann\u00fcssen enthalten, kann Spuren von Waln\u00fcssen enthalten, kann Spuren von Cashewn\u00fcsse enthalten, Kann Spuren von Pistazien enthalten, kann Spuren von Ei enthalten, kann Spuren von Gluten enthalten, enth\u00e4lt Alkohol<br \/>\nVerkehrsbezeichnung : Schokosnack<br \/>\nAllergene : Schalenfr\u00fcchte<br \/>\nLebensmittelunternehmen : Goldkenn<br \/>\nN\u00e4hrwertdeklaration : Brennwert: 1865 KJ \/ 445 kcal, Fett: 19 g, davon ges\u00e4ttigte Fetts\u00e4uren: 11 g, Kohlenhydrate: 56 g, davon Zucker: 54 g, Eiwei\u00df: 7 g, Salz: 0,15 g<br \/>\nEAN : 7610403072561<br \/>\nHerstellernummer : 2484390001<\/p>","protected":false},"featured_media":79246,"comment_status":"open","ping_status":"closed","template":"","meta":{"_seopress_robots_primary_cat":"","_seopress_titles_title":"","_seopress_titles_desc":"","_seopress_robots_index":""},"product_brand":[],"product_cat":[1730],"product_tag":[],"class_list":{"0":"post-79131","1":"product","2":"type-product","3":"status-publish","4":"has-post-thumbnail","6":"product_cat-sonstiges-2","7":"product_shipping_class-standard-versand","9":"first","10":"instock","11":"sale","12":"taxable","13":"shipping-taxable","14":"purchasable","15":"product-type-simple"},"_links":{"self":[{"href":"https:\/\/www.soanam.de\/pl\/wp-json\/wp\/v2\/product\/79131","targetHints":{"allow":["GET"]}}],"collection":[{"href":"https:\/\/www.soanam.de\/pl\/wp-json\/wp\/v2\/product"}],"about":[{"href":"https:\/\/www.soanam.de\/pl\/wp-json\/wp\/v2\/types\/product"}],"replies":[{"embeddable":true,"href":"https:\/\/www.soanam.de\/pl\/wp-json\/wp\/v2\/comments?post=79131"}],"wp:featuredmedia":[{"embeddable":true,"href":"https:\/\/www.soanam.de\/pl\/wp-json\/wp\/v2\/media\/79246"}],"wp:attachment":[{"href":"https:\/\/www.soanam.de\/pl\/wp-json\/wp\/v2\/media?parent=79131"}],"wp:term":[{"taxonomy":"product_brand","embeddable":true,"href":"https:\/\/www.soanam.de\/pl\/wp-json\/wp\/v2\/product_brand?post=79131"},{"taxonomy":"product_cat","embeddable":true,"href":"https:\/\/www.soanam.de\/pl\/wp-json\/wp\/v2\/product_cat?post=79131"},{"taxonomy":"product_tag","embeddable":true,"href":"https:\/\/www.soanam.de\/pl\/wp-json\/wp\/v2\/product_tag?post=79131"}],"curies":[{"name":"wp","href":"https:\/\/api.w.org\/{rel}","templated":true}]}}