{"id":79130,"date":"2023-12-13T22:00:35","date_gmt":"2023-12-13T21:00:35","guid":{"rendered":"https:\/\/www.soanam.de\/?post_type=product&#038;p=79130"},"modified":"2023-12-13T22:35:33","modified_gmt":"2023-12-13T21:35:33","slug":"nike-swoosh-womens-medium-support-1-piece-pad-sports-bra-in-schwarz-groesse-m","status":"publish","type":"product","link":"https:\/\/www.soanam.de\/pl\/produkt\/nike-swoosh-womens-medium-support-1-piece-pad-sports-bra-in-schwarz-groesse-m\/","title":{"rendered":"Damski biustonosz sportowy Nike Swoosh Medium-Support 1-Piece Pad, kolor czarny, rozmiar M"},"content":{"rendered":"<p>Sport BH von Nike<br \/>\nAbnehmbare, einteilige Polsterung<br \/>\nMittleren Halt f\u00fcr Workouts, Spinning, Crosstraining, Tennis und Laufen<br \/>\nDri-Fit Technology<\/p>\n<p>Der Nike Swoosh Sport-BH sorgt f\u00fcr klassischen Schutz und mittleren Halt bei Aktivit\u00e4ten wie Spinning, Cardio und Tanzkursen.<br \/>\nDie herausnehmbare Polsterung wurde \u00fcberarbeitet, damit sie beim Workout nicht verrutscht.<br \/>\nDri-FIT-Technologie leitet den Schwei\u00df vom K\u00f6rper weg und sorgt f\u00fcr trockenen Tragekomfort.<\/p>\n<p>Material: 82% Polyester, 18% Elasthan<br \/>\nWskaz\u00f3wki dotycz\u0105ce piel\u0119gnacji: Pra\u0107 w pralce<\/p>\n<p>Kolor: czarny<br \/>\nMuster: Swoosh Logo<br \/>\nRozmiar: 38<\/p>","protected":false},"excerpt":{"rendered":"<table class=\"dv_characteristicsTable\">\n<caption>MASSANGABE<\/caption>\n<tbody>\n<tr>\n<td class=\"left\">Rozmiar<\/td>\n<td>M (38)<\/td>\n<\/tr>\n<tr>\n<td class=\"left\">Gr\u00f6\u00dfentyp<\/td>\n<td>Normalgr\u00f6\u00dfen<\/td>\n<\/tr>\n<\/tbody>\n<\/table>\n<table class=\"dv_characteristicsTable\">\n<caption>FARBE<\/caption>\n<tbody>\n<tr>\n<td class=\"left\">Kolor<\/td>\n<td>schwarz<\/td>\n<\/tr>\n<\/tbody>\n<\/table>\n<table class=\"dv_characteristicsTable\">\n<caption>MATERIAL<\/caption>\n<tbody>\n<tr>\n<td class=\"left\">Sk\u0142ad materia\u0142u<\/td>\n<td>Obermaterial: 82% Polyester, 18% Elasthan<\/td>\n<\/tr>\n<tr>\n<td class=\"left\">Instrukcje dotycz\u0105ce piel\u0119gnacji<\/td>\n<td>Pranie w pralce<\/td>\n<\/tr>\n<\/tbody>\n<\/table>\n<table class=\"dv_characteristicsTable\">\n<caption>OPTIK\/STIL<\/caption>\n<tbody>\n<tr>\n<td class=\"left\">Stil<\/td>\n<td>sportlich<\/td>\n<\/tr>\n<\/tbody>\n<\/table>\n<table class=\"dv_characteristicsTable\">\n<caption>SPORTARTDETAILS<\/caption>\n<tbody>\n<tr>\n<td class=\"left\">Sportart<\/td>\n<td>Fitness<\/td>\n<\/tr>\n<\/tbody>\n<\/table>","protected":false},"featured_media":79242,"comment_status":"open","ping_status":"closed","template":"","meta":{"_seopress_robots_primary_cat":"","_seopress_titles_title":"","_seopress_titles_desc":"","_seopress_robots_index":""},"product_brand":[],"product_cat":[1348,1402,1564],"product_tag":[],"class_list":{"0":"post-79130","1":"product","2":"type-product","3":"status-publish","4":"has-post-thumbnail","6":"product_cat-damen-mode","7":"product_cat-sportbekleidung-damen-mode","8":"product_cat-sport-bhs","9":"product_shipping_class-standard-versand","11":"first","12":"instock","13":"taxable","14":"shipping-taxable","15":"purchasable","16":"product-type-simple"},"_links":{"self":[{"href":"https:\/\/www.soanam.de\/pl\/wp-json\/wp\/v2\/product\/79130","targetHints":{"allow":["GET"]}}],"collection":[{"href":"https:\/\/www.soanam.de\/pl\/wp-json\/wp\/v2\/product"}],"about":[{"href":"https:\/\/www.soanam.de\/pl\/wp-json\/wp\/v2\/types\/product"}],"replies":[{"embeddable":true,"href":"https:\/\/www.soanam.de\/pl\/wp-json\/wp\/v2\/comments?post=79130"}],"wp:featuredmedia":[{"embeddable":true,"href":"https:\/\/www.soanam.de\/pl\/wp-json\/wp\/v2\/media\/79242"}],"wp:attachment":[{"href":"https:\/\/www.soanam.de\/pl\/wp-json\/wp\/v2\/media?parent=79130"}],"wp:term":[{"taxonomy":"product_brand","embeddable":true,"href":"https:\/\/www.soanam.de\/pl\/wp-json\/wp\/v2\/product_brand?post=79130"},{"taxonomy":"product_cat","embeddable":true,"href":"https:\/\/www.soanam.de\/pl\/wp-json\/wp\/v2\/product_cat?post=79130"},{"taxonomy":"product_tag","embeddable":true,"href":"https:\/\/www.soanam.de\/pl\/wp-json\/wp\/v2\/product_tag?post=79130"}],"curies":[{"name":"wp","href":"https:\/\/api.w.org\/{rel}","templated":true}]}}