{"id":79128,"date":"2023-12-13T22:00:34","date_gmt":"2023-12-13T21:00:34","guid":{"rendered":"https:\/\/www.soanam.de\/?post_type=product&#038;p=79128"},"modified":"2023-12-13T22:35:14","modified_gmt":"2023-12-13T21:35:14","slug":"idealny-stanik-bikini-z-wyrafinowanym-sznurowaniem-w-kolorze-oliwkowym-rozmiar-38","status":"publish","type":"product","link":"https:\/\/www.soanam.de\/pl\/produkt\/bench-bustier-bikini-top-perfect-mit-raffinierter-schnuerung-in-oliv-groesse-38\/","title":{"rendered":"Bench. G\u00f3ra od bikini PERFECT z wyrafinowanym sznurowaniem, oliwkowa, rozmiar 38"},"content":{"rendered":"<p>Mix-Kini von Bench<br \/>\nTiefer Ausschnitt\/Dekollet\u00e9<br \/>\nIm R\u00fccken gekreuzte Tr\u00e4ger<br \/>\nModische Schn\u00fcrung<br \/>\nOhne B\u00fcgel<br \/>\nHerausnehmbare Cups<\/p>\n<p>Das Bustiertop von Bench teilt das Vorderteil in zwei Segmente, die durch \u00fcberkreuzte Bindeb\u00e4nder miteinander verbunden werden.<br \/>\nMit den doppelten Spaghettitr\u00e4gern wird das sch\u00f6ne Gestaltungselement erneut aufgegriffen.<br \/>\nZusammen mit dem sportiven Schnitt des Oberteils ergibt sich eine tolle Optik mit raffinierten Details.<\/p>\n<p>Materia\u0142: poliamid 84%, elastan 16%<br \/>\nWskaz\u00f3wki dotycz\u0105ce piel\u0119gnacji: Pranie r\u0119czne<\/p>\n<p>Farbe: oliv<br \/>\nWz\u00f3r: bez<br \/>\nRozmiar: 38<\/p>","protected":false},"excerpt":{"rendered":"<table class=\"dv_characteristicsTable\">\n<caption>MASSANGABE<\/caption>\n<tbody>\n<tr>\n<td class=\"left\">Rozmiar<\/td>\n<td>38<\/td>\n<\/tr>\n<tr>\n<td class=\"left\">Gr\u00f6\u00dfentyp<\/td>\n<td>Normalgr\u00f6\u00dfen<\/td>\n<\/tr>\n<\/tbody>\n<\/table>\n<table class=\"dv_characteristicsTable\">\n<caption>FARBE<\/caption>\n<tbody>\n<tr>\n<td class=\"left\">Kolor<\/td>\n<td>oliv<\/td>\n<\/tr>\n<\/tbody>\n<\/table>\n<table class=\"dv_characteristicsTable\">\n<caption>PRODUKTDETAILS<\/caption>\n<tbody>\n<tr>\n<td class=\"left\">Instrukcje dotycz\u0105ce piel\u0119gnacji<\/td>\n<td>Pranie r\u0119czne<\/td>\n<\/tr>\n<\/tbody>\n<\/table>\n<table class=\"dv_characteristicsTable\">\n<caption>K\u00d6RBCHEN \/ CUP<\/caption>\n<tbody>\n<tr>\n<td class=\"left\">B\u00fcgel<\/td>\n<td>ohne B\u00fcgel<\/td>\n<\/tr>\n<tr>\n<td class=\"left\">Details Schale<\/td>\n<td>herausnehmbare Softcups<\/td>\n<\/tr>\n<\/tbody>\n<\/table>\n<table class=\"dv_characteristicsTable\">\n<caption>TR\u00c4GER<\/caption>\n<tbody>\n<tr>\n<td class=\"left\">Details Tr\u00e4ger<\/td>\n<td>Kreuztr\u00e4ger<br \/>\nDoppeltr\u00e4ger<\/td>\n<\/tr>\n<\/tbody>\n<\/table>\n<table class=\"dv_characteristicsTable\">\n<caption>MATERIAL<\/caption>\n<tbody>\n<tr>\n<td class=\"left\">Materia\u0142<\/td>\n<td>Polyamid<\/td>\n<\/tr>\n<tr>\n<td class=\"left\">Sk\u0142ad materia\u0142u<\/td>\n<td>Obermaterial: 84% Polyamid, 16% Elasthan. Futter: 100% Polyester<\/td>\n<\/tr>\n<tr>\n<td class=\"left\">Materialart<\/td>\n<td>Microfaser<\/td>\n<\/tr>\n<\/tbody>\n<\/table>\n<table class=\"dv_characteristicsTable\">\n<caption>OPTIK \/ STIL<\/caption>\n<tbody>\n<tr>\n<td class=\"left\">Optik<\/td>\n<td>unifarben<\/td>\n<\/tr>\n<\/tbody>\n<\/table>","protected":false},"featured_media":79229,"comment_status":"open","ping_status":"closed","template":"","meta":{"_seopress_robots_primary_cat":"","_seopress_titles_title":"","_seopress_titles_desc":"","_seopress_robots_index":""},"product_brand":[],"product_cat":[1348,1562,1563],"product_tag":[],"class_list":{"0":"post-79128","1":"product","2":"type-product","3":"status-publish","4":"has-post-thumbnail","6":"product_cat-damen-mode","7":"product_cat-bademode","8":"product_cat-einzelteile-bademode","9":"product_shipping_class-standard-versand","11":"first","12":"instock","13":"sale","14":"taxable","15":"shipping-taxable","16":"purchasable","17":"product-type-simple"},"_links":{"self":[{"href":"https:\/\/www.soanam.de\/pl\/wp-json\/wp\/v2\/product\/79128","targetHints":{"allow":["GET"]}}],"collection":[{"href":"https:\/\/www.soanam.de\/pl\/wp-json\/wp\/v2\/product"}],"about":[{"href":"https:\/\/www.soanam.de\/pl\/wp-json\/wp\/v2\/types\/product"}],"replies":[{"embeddable":true,"href":"https:\/\/www.soanam.de\/pl\/wp-json\/wp\/v2\/comments?post=79128"}],"wp:featuredmedia":[{"embeddable":true,"href":"https:\/\/www.soanam.de\/pl\/wp-json\/wp\/v2\/media\/79229"}],"wp:attachment":[{"href":"https:\/\/www.soanam.de\/pl\/wp-json\/wp\/v2\/media?parent=79128"}],"wp:term":[{"taxonomy":"product_brand","embeddable":true,"href":"https:\/\/www.soanam.de\/pl\/wp-json\/wp\/v2\/product_brand?post=79128"},{"taxonomy":"product_cat","embeddable":true,"href":"https:\/\/www.soanam.de\/pl\/wp-json\/wp\/v2\/product_cat?post=79128"},{"taxonomy":"product_tag","embeddable":true,"href":"https:\/\/www.soanam.de\/pl\/wp-json\/wp\/v2\/product_tag?post=79128"}],"curies":[{"name":"wp","href":"https:\/\/api.w.org\/{rel}","templated":true}]}}