{"id":79126,"date":"2023-12-13T22:00:34","date_gmt":"2023-12-13T21:00:34","guid":{"rendered":"https:\/\/www.soanam.de\/?post_type=product&#038;p=79126"},"modified":"2023-12-13T22:35:06","modified_gmt":"2023-12-13T21:35:06","slug":"meskie-spodnie-garniturowe-hugo-boss-brider1-slim-fit-ze-sznurkiem-w-kolorze-granatowym-rozmiar-56","status":"publish","type":"product","link":"https:\/\/www.soanam.de\/pl\/produkt\/hugo-boss-brider1-slim-fit-herren-anzughose-mit-tunnelzug-in-marineblau-gr-56\/","title":{"rendered":"HUGO BOSS Brider1 - M\u0119skie spodnie garniturowe slim fit ze sznurkiem w kolorze granatowym, rozmiar 56"},"content":{"rendered":"<h3>Opis<\/h3>\n<p>Te spodnie garniturowe od BOSS s\u0105 wykonane z mieszanki bawe\u0142ny i maj\u0105 w\u0105ski kr\u00f3j. Maj\u0105 elastyczn\u0105 wstawk\u0119 w pasie, wewn\u0119trzny sznurek i zak\u0142adki. Podkre\u015blaj\u0105 smuk\u0142\u0105 sylwetk\u0119.<\/p>\n<p><strong>szczeg\u00f3\u0142y<\/strong><br \/>\nM\u0119skie spodnie garniturowe od BOSS<br \/>\nMieszanka bawe\u0142ny<br \/>\nSlim Fit<br \/>\nElastyczna wstawka w pasie<br \/>\nWewn\u0119trzny sznurek \u015bci\u0105gaj\u0105cy<br \/>\nZapi\u0119cie na haczyk i zamek b\u0142yskawiczny<br \/>\nFrancuskie kieszenie z rozci\u0119ciem<br \/>\nkieszenie ze \u015bci\u0105gaczem z ty\u0142u<br \/>\nPlisy<br \/>\nPlisy<br \/>\nKolor: granatowy<\/p>\n<p><strong>Materia\u0142 i piel\u0119gnacja<\/strong><br \/>\nG\u0142\u00f3wny materia\u0142 1: bawe\u0142na 53%, poliester 47%<br \/>\nPodszewka 1: wiskoza 100%<br \/>\nPodszewka torby: bawe\u0142na 100%<br \/>\nZalecane czyszczenie na sucho<\/p>","protected":false},"excerpt":{"rendered":"<h3>Artikelmerkmale<\/h3>\n<p>Stan produktu: Nowy z etykiet\u0105: Nowy, nieu\u017cywany i nienoszony produkt w oryginalnym opakowaniu.<\/p>\n<table border=\"0\" frame=\"VOID\" rules=\"NONE\" cellspacing=\"0\">\n<colgroup>\n<col width=\"118\" \/>\n<col width=\"216\" \/><\/colgroup>\n<tbody>\n<tr>\n<td align=\"LEFT\" width=\"118\" height=\"17\">Abteilung:<\/td>\n<td align=\"LEFT\" width=\"216\">Herren<\/td>\n<\/tr>\n<tr>\n<td align=\"LEFT\" height=\"17\">Anlass:<\/td>\n<td align=\"LEFT\">Business, Freizeit<\/td>\n<\/tr>\n<tr>\n<td align=\"LEFT\" height=\"17\">Beinform:<\/td>\n<td align=\"LEFT\">Tapered<\/td>\n<\/tr>\n<tr>\n<td align=\"LEFT\" height=\"17\">Funkcje specjalne:<\/td>\n<td align=\"LEFT\">elastischem Einsatz am Bund<\/td>\n<\/tr>\n<tr>\n<td align=\"LEFT\" height=\"17\">EAN:<\/td>\n<td align=\"LEFT\">4021406458321<\/td>\n<\/tr>\n<tr>\n<td align=\"LEFT\" height=\"17\">Kolor:<\/td>\n<td align=\"LEFT\">Niebieski<\/td>\n<\/tr>\n<tr>\n<td align=\"LEFT\" height=\"17\">Gewebeart:<\/td>\n<td align=\"LEFT\">Mieszanka bawe\u0142ny<\/td>\n<\/tr>\n<tr>\n<td align=\"LEFT\" height=\"17\">Gr\u00f6\u00dfe:<\/td>\n<td align=\"LEFT\">56<\/td>\n<\/tr>\n<tr>\n<td align=\"LEFT\" height=\"17\">Gr\u00f6\u00dfenkategorie:<\/td>\n<td align=\"LEFT\">Normalgr\u00f6\u00dfe<\/td>\n<\/tr>\n<tr>\n<td align=\"LEFT\" height=\"17\">Jahreszeit:<\/td>\n<td align=\"LEFT\">Fr\u00fchling, Herbst, Sommer, Winter<\/td>\n<\/tr>\n<tr>\n<td align=\"LEFT\" height=\"17\">Marke:<\/td>\n<td align=\"LEFT\">HUGO BOSS<\/td>\n<\/tr>\n<tr>\n<td align=\"LEFT\" height=\"17\">Materia\u0142:<\/td>\n<td align=\"LEFT\">Bawe\u0142na, poliester<\/td>\n<\/tr>\n<tr>\n<td align=\"LEFT\" height=\"17\">Wz\u00f3r:<\/td>\n<td align=\"LEFT\">Ohne Muster<\/td>\n<\/tr>\n<tr>\n<td align=\"LEFT\" height=\"17\">Passform:<\/td>\n<td align=\"LEFT\">Slim<\/td>\n<\/tr>\n<tr>\n<td align=\"LEFT\" height=\"17\">Produktart:<\/td>\n<td align=\"LEFT\">Spodnie<\/td>\n<\/tr>\n<tr>\n<td align=\"LEFT\" height=\"17\">Schrittl\u00e4nge:<\/td>\n<td align=\"LEFT\">ohne Angabe<\/td>\n<\/tr>\n<tr>\n<td align=\"LEFT\" height=\"17\">Stil:<\/td>\n<td align=\"LEFT\">Anzughose<\/td>\n<\/tr>\n<tr>\n<td align=\"LEFT\" height=\"17\">Taillenumfang:<\/td>\n<td align=\"LEFT\">ohne Angabe<\/td>\n<\/tr>\n<tr>\n<td align=\"LEFT\" height=\"17\">Thema:<\/td>\n<td align=\"LEFT\">Designer<\/td>\n<\/tr>\n<tr>\n<td align=\"LEFT\" height=\"17\">Verschluss:<\/td>\n<td align=\"LEFT\">Zamek b\u0142yskawiczny<\/td>\n<\/tr>\n<tr>\n<td align=\"LEFT\" height=\"17\">Vintage:<\/td>\n<td align=\"LEFT\">Nein<\/td>\n<\/tr>\n<\/tbody>\n<\/table>","protected":false},"featured_media":79223,"comment_status":"open","ping_status":"closed","template":"","meta":{"_seopress_robots_primary_cat":"","_seopress_titles_title":"","_seopress_titles_desc":"","_seopress_robots_index":""},"product_brand":[],"product_cat":[1345,1368,1489],"product_tag":[],"class_list":{"0":"post-79126","1":"product","2":"type-product","3":"status-publish","4":"has-post-thumbnail","6":"product_cat-herrenmode","7":"product_cat-anzuege-anzugsteile","8":"product_cat-anzugshosen","9":"product_shipping_class-standard-versand","11":"first","12":"instock","13":"sale","14":"taxable","15":"shipping-taxable","16":"purchasable","17":"product-type-simple"},"_links":{"self":[{"href":"https:\/\/www.soanam.de\/pl\/wp-json\/wp\/v2\/product\/79126","targetHints":{"allow":["GET"]}}],"collection":[{"href":"https:\/\/www.soanam.de\/pl\/wp-json\/wp\/v2\/product"}],"about":[{"href":"https:\/\/www.soanam.de\/pl\/wp-json\/wp\/v2\/types\/product"}],"replies":[{"embeddable":true,"href":"https:\/\/www.soanam.de\/pl\/wp-json\/wp\/v2\/comments?post=79126"}],"wp:featuredmedia":[{"embeddable":true,"href":"https:\/\/www.soanam.de\/pl\/wp-json\/wp\/v2\/media\/79223"}],"wp:attachment":[{"href":"https:\/\/www.soanam.de\/pl\/wp-json\/wp\/v2\/media?parent=79126"}],"wp:term":[{"taxonomy":"product_brand","embeddable":true,"href":"https:\/\/www.soanam.de\/pl\/wp-json\/wp\/v2\/product_brand?post=79126"},{"taxonomy":"product_cat","embeddable":true,"href":"https:\/\/www.soanam.de\/pl\/wp-json\/wp\/v2\/product_cat?post=79126"},{"taxonomy":"product_tag","embeddable":true,"href":"https:\/\/www.soanam.de\/pl\/wp-json\/wp\/v2\/product_tag?post=79126"}],"curies":[{"name":"wp","href":"https:\/\/api.w.org\/{rel}","templated":true}]}}