{"id":79108,"date":"2023-12-13T22:00:09","date_gmt":"2023-12-13T21:00:09","guid":{"rendered":"https:\/\/www.soanam.de\/?post_type=product&#038;p=79108"},"modified":"2023-12-13T22:34:47","modified_gmt":"2023-12-13T21:34:47","slug":"petite-fleur-gold-set-corsage-mit-string-mit-strapshaltern-in-schwarz-groesse-90b-44-46","status":"publish","type":"product","link":"https:\/\/www.soanam.de\/pl\/produkt\/petite-fleur-gold-set-corsage-mit-string-mit-strapshaltern-in-schwarz-groesse-90b-44-46\/","title":{"rendered":"zestaw petite fleur gold: stanik ze stringami z paskami do po\u0144czoch, w kolorze czarnym, rozmiar 90B, 44\/46"},"content":{"rendered":"<p>Uwodzicielski komplet sk\u0142adaj\u0105cy si\u0119 z gorseciku i string\u00f3w od Petite Fleur Gold<br \/>\nMiseczki z profilowanymi fiszbinami dla optymalnego wsparcia<br \/>\nWykonane z przezroczystego materia\u0142u siatkowego z paskami do po\u0144czoch<br \/>\nZawiera pasuj\u0105ce stringi ze zintegrowanym bawe\u0142nianym klinem<\/p>\n<p>Delikatna siateczka w po\u0142\u0105czeniu z eleganckimi paskami do po\u0144czoch i delikatn\u0105 koronk\u0105.<br \/>\nMiseczki s\u0105 w ca\u0142o\u015bci wykonane z lekko przezroczystej, kwiatowej koronki i maj\u0105 zintegrowane fiszbiny dla dodatkowego wsparcia. Delikatne wyko\u0144czenie wok\u00f3\u0142 miseczki i ozdobna kokardka na \u015brodku z przodu nadaj\u0105 gorsetowi figlarny charakter. Gorset ko\u0144czy si\u0119 na dole cienkimi paskami do po\u0144czoch, kt\u00f3re mo\u017cna indywidualnie regulowa\u0107. Dopasowane majtki wykonane z mi\u0119kkiej siateczki ze zintegrowanym bawe\u0142nianym klinem umiej\u0119tnie uzupe\u0142niaj\u0105 str\u00f3j.<\/p>\n<p>Materia\u0142: poliamid 90%, elastan 10%<br \/>\nWskaz\u00f3wki dotycz\u0105ce piel\u0119gnacji: Pranie r\u0119czne<\/p>\n<p>Kolor: czarny<br \/>\nWz\u00f3r: Kwiaty<\/p>\n<p>Rozmiar struny 44\/46<br \/>\nCorsage Gr\u00f6\u00dfe 90B<\/p>\n<p>Obw\u00f3d pod biustem: 90<br \/>\nK\u00f6rbchengr\u00f6\u00dfe: Cup B<\/p>","protected":false},"excerpt":{"rendered":"<table class=\"dv_characteristicsTable\">\n<caption>MASSANGABE<\/caption>\n<tbody>\n<tr>\n<td class=\"left\">K\u00f6rbchengr\u00f6\u00dfe<\/td>\n<td>Cup B<\/td>\n<\/tr>\n<tr>\n<td class=\"left\">Unterbrustumfang<\/td>\n<td>90<\/td>\n<\/tr>\n<\/tbody>\n<\/table>\n<table class=\"dv_characteristicsTable\">\n<caption>FARBE<\/caption>\n<tbody>\n<tr>\n<td class=\"left\">Kolor<\/td>\n<td>schwarz<\/td>\n<\/tr>\n<\/tbody>\n<\/table>\n<table class=\"dv_characteristicsTable\">\n<caption>MATERIAL<\/caption>\n<tbody>\n<tr>\n<td class=\"left\">Sk\u0142ad materia\u0142u<\/td>\n<td>Obermaterial: 90% Polyamid, 10% Elasthan<\/td>\n<\/tr>\n<tr>\n<td class=\"left\">Instrukcje dotycz\u0105ce piel\u0119gnacji<\/td>\n<td>Pranie r\u0119czne<\/td>\n<\/tr>\n<\/tbody>\n<\/table>\n<table class=\"dv_characteristicsTable\">\n<caption>PRODUKTDETAILS OBERTEIL<\/caption>\n<tbody>\n<tr>\n<td class=\"left\">Art Tr\u00e4ger<\/td>\n<td>mit Tr\u00e4ger<\/td>\n<\/tr>\n<\/tbody>\n<\/table>","protected":false},"featured_media":79211,"comment_status":"open","ping_status":"closed","template":"","meta":{"_seopress_robots_primary_cat":"","_seopress_titles_title":"","_seopress_titles_desc":"","_seopress_robots_index":""},"product_brand":[],"product_cat":[1348,1444,1560],"product_tag":[],"class_list":{"0":"post-79108","1":"product","2":"type-product","3":"status-publish","4":"has-post-thumbnail","6":"product_cat-damen-mode","7":"product_cat-unterwaesche","8":"product_cat-sets","9":"product_shipping_class-standard-versand","11":"first","12":"instock","13":"sale","14":"taxable","15":"shipping-taxable","16":"purchasable","17":"product-type-simple"},"_links":{"self":[{"href":"https:\/\/www.soanam.de\/pl\/wp-json\/wp\/v2\/product\/79108","targetHints":{"allow":["GET"]}}],"collection":[{"href":"https:\/\/www.soanam.de\/pl\/wp-json\/wp\/v2\/product"}],"about":[{"href":"https:\/\/www.soanam.de\/pl\/wp-json\/wp\/v2\/types\/product"}],"replies":[{"embeddable":true,"href":"https:\/\/www.soanam.de\/pl\/wp-json\/wp\/v2\/comments?post=79108"}],"wp:featuredmedia":[{"embeddable":true,"href":"https:\/\/www.soanam.de\/pl\/wp-json\/wp\/v2\/media\/79211"}],"wp:attachment":[{"href":"https:\/\/www.soanam.de\/pl\/wp-json\/wp\/v2\/media?parent=79108"}],"wp:term":[{"taxonomy":"product_brand","embeddable":true,"href":"https:\/\/www.soanam.de\/pl\/wp-json\/wp\/v2\/product_brand?post=79108"},{"taxonomy":"product_cat","embeddable":true,"href":"https:\/\/www.soanam.de\/pl\/wp-json\/wp\/v2\/product_cat?post=79108"},{"taxonomy":"product_tag","embeddable":true,"href":"https:\/\/www.soanam.de\/pl\/wp-json\/wp\/v2\/product_tag?post=79108"}],"curies":[{"name":"wp","href":"https:\/\/api.w.org\/{rel}","templated":true}]}}