{"id":79091,"date":"2023-12-13T21:59:43","date_gmt":"2023-12-13T20:59:43","guid":{"rendered":"https:\/\/www.soanam.de\/?post_type=product&#038;p=79091"},"modified":"2023-12-13T22:34:27","modified_gmt":"2023-12-13T21:34:27","slug":"petite-fleur-gold-bodystocking-in-schwarz-groesse-one-size","status":"publish","type":"product","link":"https:\/\/www.soanam.de\/pl\/produkt\/petite-fleur-gold-bodystocking-in-schwarz-groesse-one-size\/","title":{"rendered":"petite fleur z\u0142ote bodystocking, w kolorze czarnym, rozmiar One Size"},"content":{"rendered":"<p>Bodystocking im Straps-Look<br \/>\nMit doppelten Spaghettitr\u00e4ger - im R\u00fccken gekreuzt<br \/>\nIn hoch elastischer Qualit\u00e4t<br \/>\nEmpfohlen f\u00fcr die Gr\u00f6\u00dfen 32-46<\/p>\n<p>Die Bodystumpfhose im sexy Straps-Look wird dich begeistern.<br \/>\nSchmale Spaghettitr\u00e4ger und eine feinmaschige, hoch elastische Qualit\u00e4t sorgen f\u00fcr einen perfekten Sitz und eine filigrane Allover-Spitze verh\u00fcllt und betont gleichzeitig geheimnisvoll deine Kurven.<\/p>\n<p>Materia\u0142: poliamid 92%, elastan 8%<br \/>\nWskaz\u00f3wki dotycz\u0105ce piel\u0119gnacji: Pranie r\u0119czne<\/p>\n<p>Kolor: czarny<br \/>\nMuster: Blumen- und Streifenmuster<br \/>\nGr\u00f6\u00dfe: 32-46<\/p>","protected":false},"excerpt":{"rendered":"<table class=\"dv_characteristicsTable\">\n<caption>MASSANGABE<\/caption>\n<tbody>\n<tr>\n<td class=\"left\">Rozmiar<\/td>\n<td>- (32\/46)<\/td>\n<\/tr>\n<tr>\n<td class=\"left\">Gr\u00f6\u00dfentyp<\/td>\n<td>Normalgr\u00f6\u00dfen<\/td>\n<\/tr>\n<\/tbody>\n<\/table>\n<table class=\"dv_characteristicsTable\">\n<caption>FARBE<\/caption>\n<tbody>\n<tr>\n<td class=\"left\">Kolor<\/td>\n<td>schwarz<\/td>\n<\/tr>\n<\/tbody>\n<\/table>\n<table class=\"dv_characteristicsTable\">\n<caption>PRODUKTDETAILS<\/caption>\n<tbody>\n<tr>\n<td class=\"left\">Dopasowanie<\/td>\n<td>elastisch<\/td>\n<\/tr>\n<tr>\n<td class=\"left\">Instrukcje dotycz\u0105ce piel\u0119gnacji<\/td>\n<td>Pranie r\u0119czne<br \/>\nWaschen im Waschbeutel empfohlen<\/td>\n<\/tr>\n<\/tbody>\n<\/table>\n<table class=\"dv_characteristicsTable\">\n<caption>MATERIAL<\/caption>\n<tbody>\n<tr>\n<td class=\"left\">Sk\u0142ad materia\u0142u<\/td>\n<td>Obermaterial: 92% Polyamid, 8% Elasthan<\/td>\n<\/tr>\n<tr>\n<td class=\"left\">Art Material<\/td>\n<td>Netz<\/td>\n<\/tr>\n<tr>\n<td class=\"left\">Details Material<\/td>\n<td>weich<br \/>\nleicht<\/td>\n<\/tr>\n<tr>\n<td class=\"left\">Materialeigenschaften<\/td>\n<td>elastisch<\/td>\n<\/tr>\n<\/tbody>\n<\/table>\n<table class=\"dv_characteristicsTable\">\n<caption>OPTIK\/STIL<\/caption>\n<tbody>\n<tr>\n<td class=\"left\">Optik<\/td>\n<td>Netz<br \/>\ngemustert<\/td>\n<\/tr>\n<\/tbody>\n<\/table>","protected":false},"featured_media":79193,"comment_status":"open","ping_status":"closed","template":"","meta":{"_seopress_robots_primary_cat":"","_seopress_titles_title":"","_seopress_titles_desc":"","_seopress_robots_index":""},"product_brand":[],"product_cat":[1348,1444,1514],"product_tag":[],"class_list":{"0":"post-79091","1":"product","2":"type-product","3":"status-publish","4":"has-post-thumbnail","6":"product_cat-damen-mode","7":"product_cat-unterwaesche","8":"product_cat-bodies","9":"product_shipping_class-standard-versand","11":"first","12":"instock","13":"taxable","14":"shipping-taxable","15":"purchasable","16":"product-type-simple"},"_links":{"self":[{"href":"https:\/\/www.soanam.de\/pl\/wp-json\/wp\/v2\/product\/79091","targetHints":{"allow":["GET"]}}],"collection":[{"href":"https:\/\/www.soanam.de\/pl\/wp-json\/wp\/v2\/product"}],"about":[{"href":"https:\/\/www.soanam.de\/pl\/wp-json\/wp\/v2\/types\/product"}],"replies":[{"embeddable":true,"href":"https:\/\/www.soanam.de\/pl\/wp-json\/wp\/v2\/comments?post=79091"}],"wp:featuredmedia":[{"embeddable":true,"href":"https:\/\/www.soanam.de\/pl\/wp-json\/wp\/v2\/media\/79193"}],"wp:attachment":[{"href":"https:\/\/www.soanam.de\/pl\/wp-json\/wp\/v2\/media?parent=79091"}],"wp:term":[{"taxonomy":"product_brand","embeddable":true,"href":"https:\/\/www.soanam.de\/pl\/wp-json\/wp\/v2\/product_brand?post=79091"},{"taxonomy":"product_cat","embeddable":true,"href":"https:\/\/www.soanam.de\/pl\/wp-json\/wp\/v2\/product_cat?post=79091"},{"taxonomy":"product_tag","embeddable":true,"href":"https:\/\/www.soanam.de\/pl\/wp-json\/wp\/v2\/product_tag?post=79091"}],"curies":[{"name":"wp","href":"https:\/\/api.w.org\/{rel}","templated":true}]}}