{"id":79090,"date":"2023-12-13T21:59:42","date_gmt":"2023-12-13T20:59:42","guid":{"rendered":"https:\/\/www.soanam.de\/?post_type=product&#038;p=79090"},"modified":"2023-12-13T22:34:06","modified_gmt":"2023-12-13T21:34:06","slug":"lascana-pyjamahose-mit-seitenstreifen-aus-spitze-in-schwarz-groesse-44-46","status":"publish","type":"product","link":"https:\/\/www.soanam.de\/pl\/produkt\/lascana-pyjamahose-mit-seitenstreifen-aus-spitze-in-schwarz-groesse-44-46\/","title":{"rendered":"Spodnie od pi\u017camy LASCANA z koronkowymi paskami po bokach, czarne, rozmiar 44\/46"},"content":{"rendered":"<p>Einzelne Pyjamahose von Lascana in hochwertigem Design<br \/>\nMit elastischem Bund und Spitze an Seitenn\u00e4hten<br \/>\nMi\u0119kki, lej\u0105cy materia\u0142 z mieszanki wiskozy<\/p>\n<p>Die Pyjamahose von Lascana ist nicht einfach nur irgendeine Schlafanzughose, denn sie hat einen verf\u00fchrerischen Spitzeneinsatz an den Seitenn\u00e4hten.<br \/>\nDas flie\u00dfende, elastische Viskosematerial umschmeichelt sanft und weich deine Haut und garantiert dir ein super angenehmes Tragegef\u00fchl, das durch den legeren Schnitt und den elastischen Hosenbund noch verst\u00e4rkt wird.<\/p>\n<p>Materia\u0142: wiskoza 95%, elastan 5%<br \/>\nWskaz\u00f3wki dotycz\u0105ce piel\u0119gnacji: Pra\u0107 w pralce<\/p>\n<p>Kolor: czarny<br \/>\nMuster: Seitenstreifen aus Spitze<br \/>\nRozmiar: 44\/46<\/p>\n<p>D\u0142ugo\u015b\u0107 stopnia: 80 cm<br \/>\nCa\u0142kowita d\u0142ugo\u015b\u0107: 107 cm<\/p>","protected":false},"excerpt":{"rendered":"<table class=\"dv_characteristicsTable\">\n<tbody>\n<tr>\n<td class=\"left\">Rozmiar<\/td>\n<td>44\/46<\/td>\n<\/tr>\n<tr>\n<td class=\"left\">Gr\u00f6\u00dfentyp<\/td>\n<td>Normalgr\u00f6\u00dfen<\/td>\n<\/tr>\n<tr>\n<td class=\"left\">Sk\u0142ad materia\u0142u<\/td>\n<td>Obermaterial: 95% Viskose, 5% Elasthan<\/td>\n<\/tr>\n<tr>\n<td class=\"left\">Instrukcje dotycz\u0105ce piel\u0119gnacji<\/td>\n<td>Pranie w pralce<\/td>\n<\/tr>\n<tr>\n<td class=\"left\">Optik<\/td>\n<td>unifarben<\/td>\n<\/tr>\n<tr>\n<td class=\"left\">Stil<\/td>\n<td>sexy<\/td>\n<\/tr>\n<tr>\n<td class=\"left\">Kolor<\/td>\n<td>schwarz<\/td>\n<\/tr>\n<tr>\n<td class=\"left\">Bundabschluss<\/td>\n<td>elastischer Bund<\/td>\n<\/tr>\n<tr>\n<td class=\"left\">Beinform<\/td>\n<td>gerade<\/td>\n<\/tr>\n<tr>\n<td class=\"left\">Dopasowanie<\/td>\n<td>Basic<\/td>\n<\/tr>\n<tr>\n<td class=\"left\">Schnittform L\u00e4nge<\/td>\n<td>lang<\/td>\n<\/tr>\n<tr>\n<td class=\"left\">Applikationen<\/td>\n<td>Spitze<\/td>\n<\/tr>\n<tr>\n<td class=\"left\">Besondere Merkmale<\/td>\n<td>mit Seitenstreifen aus transparenter Spitze<\/td>\n<\/tr>\n<\/tbody>\n<\/table>","protected":false},"featured_media":79190,"comment_status":"open","ping_status":"closed","template":"","meta":{"_seopress_robots_primary_cat":"","_seopress_titles_title":"","_seopress_titles_desc":"","_seopress_robots_index":""},"product_brand":[],"product_cat":[1348,1520,1521],"product_tag":[],"class_list":{"0":"post-79090","1":"product","2":"type-product","3":"status-publish","4":"has-post-thumbnail","6":"product_cat-damen-mode","7":"product_cat-nachtwaesche","8":"product_cat-einzelteile","9":"product_shipping_class-standard-versand","11":"first","12":"instock","13":"sale","14":"taxable","15":"shipping-taxable","16":"purchasable","17":"product-type-simple"},"_links":{"self":[{"href":"https:\/\/www.soanam.de\/pl\/wp-json\/wp\/v2\/product\/79090","targetHints":{"allow":["GET"]}}],"collection":[{"href":"https:\/\/www.soanam.de\/pl\/wp-json\/wp\/v2\/product"}],"about":[{"href":"https:\/\/www.soanam.de\/pl\/wp-json\/wp\/v2\/types\/product"}],"replies":[{"embeddable":true,"href":"https:\/\/www.soanam.de\/pl\/wp-json\/wp\/v2\/comments?post=79090"}],"wp:featuredmedia":[{"embeddable":true,"href":"https:\/\/www.soanam.de\/pl\/wp-json\/wp\/v2\/media\/79190"}],"wp:attachment":[{"href":"https:\/\/www.soanam.de\/pl\/wp-json\/wp\/v2\/media?parent=79090"}],"wp:term":[{"taxonomy":"product_brand","embeddable":true,"href":"https:\/\/www.soanam.de\/pl\/wp-json\/wp\/v2\/product_brand?post=79090"},{"taxonomy":"product_cat","embeddable":true,"href":"https:\/\/www.soanam.de\/pl\/wp-json\/wp\/v2\/product_cat?post=79090"},{"taxonomy":"product_tag","embeddable":true,"href":"https:\/\/www.soanam.de\/pl\/wp-json\/wp\/v2\/product_tag?post=79090"}],"curies":[{"name":"wp","href":"https:\/\/api.w.org\/{rel}","templated":true}]}}