{"id":79071,"date":"2023-12-13T21:59:03","date_gmt":"2023-12-13T20:59:03","guid":{"rendered":"https:\/\/www.soanam.de\/?post_type=product&#038;p=79071"},"modified":"2023-12-13T22:01:50","modified_gmt":"2023-12-13T21:01:50","slug":"buffalo-strumpfhose-mit-blickdichten-overknee-struempfen-in-schwarz-groesse-44-46","status":"publish","type":"product","link":"https:\/\/www.soanam.de\/pl\/produkt\/buffalo-strumpfhose-mit-blickdichten-overknee-struempfen-in-schwarz-groesse-44-46\/","title":{"rendered":"Buffalo Strumpfhose mit blickdichten Overknee Str\u00fcmpfen, in Schwarz, Gr\u00f6\u00dfe 44\/46"},"content":{"rendered":"<p>Overknee-Strumpfhose mit blickdichten Overknee Str\u00fcmpfen<br \/>\nReizvoll durch die Kombination von fein und Strick<br \/>\nAngenehm tragbar durch hohen Elasthananteil<\/p>\n<p>Die raffinierte Kombination aus attraktivem Netzeinsatz und blickdichtem Feinstrumpf erhebt die Strumpfhose von Buffalo zu einem vielseitigen Fashionpiece.<br \/>\nDer erh\u00f6hte und verst\u00e4rkte Bund tr\u00e4gt sich besonders bequem, daf\u00fcr sorgt auch die angenehme Materialmischung mit hohem Stretchanteil.<\/p>\n<p>Materia\u0142: poliamid 90%, elastan 10%<br \/>\nWskaz\u00f3wki dotycz\u0105ce piel\u0119gnacji: Pra\u0107 w pralce<\/p>\n<p>Kolor: czarny<br \/>\nMuster: Mix aus Strick und Netz<br \/>\nRozmiar: 44\/46<\/p>","protected":false},"excerpt":{"rendered":"<table class=\"dv_characteristicsTable\">\n<tbody>\n<tr>\n<td class=\"left\">Rozmiar<\/td>\n<td>44\/46<\/td>\n<\/tr>\n<tr>\n<td class=\"left\">Gr\u00f6\u00dfentyp<\/td>\n<td>Normalgr\u00f6\u00dfen<\/td>\n<\/tr>\n<\/tbody>\n<\/table>\n<table class=\"dv_characteristicsTable\">\n<tbody>\n<tr>\n<td class=\"left\">Kolor<\/td>\n<td>schwarz<\/td>\n<\/tr>\n<\/tbody>\n<\/table>\n<table class=\"dv_characteristicsTable\">\n<tbody>\n<tr>\n<td class=\"left\">Dopasowanie<\/td>\n<td>elastisch<\/td>\n<\/tr>\n<tr>\n<td class=\"left\">Griff<\/td>\n<td>feiner Griff<\/td>\n<\/tr>\n<tr>\n<td class=\"left\">Instrukcje dotycz\u0105ce piel\u0119gnacji<\/td>\n<td>Pranie w pralce<\/td>\n<\/tr>\n<\/tbody>\n<\/table>\n<table class=\"dv_characteristicsTable\">\n<tbody>\n<tr>\n<td class=\"left\">Sk\u0142ad materia\u0142u<\/td>\n<td>90% Polyamid, 10% Elasthan<\/td>\n<\/tr>\n<tr>\n<td class=\"left\">Art Material<\/td>\n<td>Strick<br \/>\nNetz<\/td>\n<\/tr>\n<tr>\n<td class=\"left\">Materialeigenschaften<\/td>\n<td>elastisch<\/td>\n<\/tr>\n<\/tbody>\n<\/table>\n<table class=\"dv_characteristicsTable\">\n<tbody>\n<tr>\n<td class=\"left\">Applikationen<\/td>\n<td>Netz<\/td>\n<\/tr>\n<tr>\n<td class=\"left\">Optik<\/td>\n<td>Netz<br \/>\nuni<\/td>\n<\/tr>\n<\/tbody>\n<\/table>","protected":false},"featured_media":79178,"comment_status":"open","ping_status":"closed","template":"","meta":{"_seopress_robots_primary_cat":"","_seopress_titles_title":"","_seopress_titles_desc":"","_seopress_robots_index":""},"product_brand":[],"product_cat":[1348,1444,1445],"product_tag":[],"class_list":{"0":"post-79071","1":"product","2":"type-product","3":"status-publish","4":"has-post-thumbnail","6":"product_cat-damen-mode","7":"product_cat-unterwaesche","8":"product_cat-strumpfhosen","9":"product_shipping_class-standard-versand","11":"first","12":"instock","13":"sale","14":"taxable","15":"shipping-taxable","16":"purchasable","17":"product-type-simple"},"_links":{"self":[{"href":"https:\/\/www.soanam.de\/pl\/wp-json\/wp\/v2\/product\/79071","targetHints":{"allow":["GET"]}}],"collection":[{"href":"https:\/\/www.soanam.de\/pl\/wp-json\/wp\/v2\/product"}],"about":[{"href":"https:\/\/www.soanam.de\/pl\/wp-json\/wp\/v2\/types\/product"}],"replies":[{"embeddable":true,"href":"https:\/\/www.soanam.de\/pl\/wp-json\/wp\/v2\/comments?post=79071"}],"wp:featuredmedia":[{"embeddable":true,"href":"https:\/\/www.soanam.de\/pl\/wp-json\/wp\/v2\/media\/79178"}],"wp:attachment":[{"href":"https:\/\/www.soanam.de\/pl\/wp-json\/wp\/v2\/media?parent=79071"}],"wp:term":[{"taxonomy":"product_brand","embeddable":true,"href":"https:\/\/www.soanam.de\/pl\/wp-json\/wp\/v2\/product_brand?post=79071"},{"taxonomy":"product_cat","embeddable":true,"href":"https:\/\/www.soanam.de\/pl\/wp-json\/wp\/v2\/product_cat?post=79071"},{"taxonomy":"product_tag","embeddable":true,"href":"https:\/\/www.soanam.de\/pl\/wp-json\/wp\/v2\/product_tag?post=79071"}],"curies":[{"name":"wp","href":"https:\/\/api.w.org\/{rel}","templated":true}]}}