{"id":79048,"date":"2023-12-13T21:58:38","date_gmt":"2023-12-13T20:58:38","guid":{"rendered":"https:\/\/www.soanam.de\/?post_type=product&#038;p=79048"},"modified":"2023-12-13T22:01:14","modified_gmt":"2023-12-13T21:01:14","slug":"petite-fleur-stringi-w-zestawie-3-sztuk-w-kolorze-czarnym-rozmiar-40-42","status":"publish","type":"product","link":"https:\/\/www.soanam.de\/pl\/produkt\/petite-fleur-formstring-im-3er-pack-in-schwarz-groesse-40-42\/","title":{"rendered":"stringi petite fleur w zestawie 3 sztuk, w kolorze czarnym, rozmiar 40\/42"},"content":{"rendered":"<p>Stringi ze zintegrowan\u0105 siatk\u0105 zasilaj\u0105c\u0105<br \/>\nVorn verst\u00e4rkt - Kaschiert die Bauchpartie<br \/>\nSprawia, \u017ce ma\u0142e problematyczne obszary pod ubraniem znikaj\u0105<\/p>\n<p>Dzi\u0119ki zintegrowanej siateczce i wzmocnionej przedniej cz\u0119\u015bci, stringi s\u0105 zaprojektowane tak, aby umiej\u0119tnie ukrywa\u0107 wybrzuszenia brzucha.<br \/>\nStringi zachwycaj\u0105 r\u00f3wnie\u017c wysokiej jako\u015bci, wygodnym materia\u0142em i dlatego \u015bwietnie nadaj\u0105 si\u0119 na co dzie\u0144.<\/p>\n<p>Materia\u0142: bawe\u0142na 90%, elastan 10% LYCRA<br \/>\nWskaz\u00f3wki dotycz\u0105ce piel\u0119gnacji: Pra\u0107 w pralce<\/p>\n<p>Kolor: czarny<br \/>\nWz\u00f3r: bez<br \/>\nRozmiar: 40\/42<\/p>","protected":false},"excerpt":{"rendered":"<table class=\"dv_characteristicsTable\">\n<tbody>\n<tr>\n<td class=\"left\">Rozmiar<\/td>\n<td>40\/42<\/td>\n<\/tr>\n<tr>\n<td class=\"left\">Gr\u00f6\u00dfentyp<\/td>\n<td>Normalgr\u00f6\u00dfen<\/td>\n<\/tr>\n<\/tbody>\n<\/table>\n<table class=\"dv_characteristicsTable\">\n<tbody>\n<tr>\n<td class=\"left\">Kolor<\/td>\n<td>schwarz<\/td>\n<\/tr>\n<\/tbody>\n<\/table>\n<table class=\"dv_characteristicsTable\">\n<tbody>\n<tr>\n<td class=\"left\">Ausstattung<\/td>\n<td>Bawe\u0142niany klin<\/td>\n<\/tr>\n<tr>\n<td class=\"left\">Formeffekt<\/td>\n<td>leicht<\/td>\n<\/tr>\n<tr>\n<td class=\"left\">Instrukcje dotycz\u0105ce piel\u0119gnacji<\/td>\n<td>Pranie w pralce<\/td>\n<\/tr>\n<\/tbody>\n<\/table>\n<table class=\"dv_characteristicsTable\">\n<caption>\u00a0<\/caption>\n<tbody>\n<tr>\n<td class=\"left\">Materia\u0142<\/td>\n<td>Obermaterial: 90% Baumwolle\u00a0, 10% Elasthan LYCRA\u00ae<\/p>\n<p>Meshfutter: 90% Polyamid, 10% Elasthan<\/td>\n<\/tr>\n<\/tbody>\n<\/table>","protected":false},"featured_media":79149,"comment_status":"open","ping_status":"closed","template":"","meta":{"_seopress_robots_primary_cat":"","_seopress_titles_title":"","_seopress_titles_desc":"","_seopress_robots_index":""},"product_brand":[],"product_cat":[1348,1444,1517],"product_tag":[],"class_list":{"0":"post-79048","1":"product","2":"type-product","3":"status-publish","4":"has-post-thumbnail","6":"product_cat-damen-mode","7":"product_cat-unterwaesche","8":"product_cat-strings","9":"product_shipping_class-standard-versand","11":"first","12":"instock","13":"taxable","14":"shipping-taxable","15":"purchasable","16":"product-type-simple"},"_links":{"self":[{"href":"https:\/\/www.soanam.de\/pl\/wp-json\/wp\/v2\/product\/79048","targetHints":{"allow":["GET"]}}],"collection":[{"href":"https:\/\/www.soanam.de\/pl\/wp-json\/wp\/v2\/product"}],"about":[{"href":"https:\/\/www.soanam.de\/pl\/wp-json\/wp\/v2\/types\/product"}],"replies":[{"embeddable":true,"href":"https:\/\/www.soanam.de\/pl\/wp-json\/wp\/v2\/comments?post=79048"}],"wp:featuredmedia":[{"embeddable":true,"href":"https:\/\/www.soanam.de\/pl\/wp-json\/wp\/v2\/media\/79149"}],"wp:attachment":[{"href":"https:\/\/www.soanam.de\/pl\/wp-json\/wp\/v2\/media?parent=79048"}],"wp:term":[{"taxonomy":"product_brand","embeddable":true,"href":"https:\/\/www.soanam.de\/pl\/wp-json\/wp\/v2\/product_brand?post=79048"},{"taxonomy":"product_cat","embeddable":true,"href":"https:\/\/www.soanam.de\/pl\/wp-json\/wp\/v2\/product_cat?post=79048"},{"taxonomy":"product_tag","embeddable":true,"href":"https:\/\/www.soanam.de\/pl\/wp-json\/wp\/v2\/product_tag?post=79048"}],"curies":[{"name":"wp","href":"https:\/\/api.w.org\/{rel}","templated":true}]}}