{"id":79030,"date":"2023-12-13T21:58:16","date_gmt":"2023-12-13T20:58:16","guid":{"rendered":"https:\/\/www.soanam.de\/?post_type=product&#038;p=79030"},"modified":"2024-03-07T12:38:30","modified_gmt":"2024-03-07T11:38:30","slug":"jette-joop-mini-stringi-w-kolorze-czarnym-rozmiar-36-38","status":"publish","type":"product","link":"https:\/\/www.soanam.de\/pl\/produkt\/jette-joop-ministring-in-schwarz-groesse-36-38\/","title":{"rendered":"Mini stringi JETTE JOOP w kolorze czarnym, rozmiar 36\/38"},"content":{"rendered":"<p>Mini stringi wykonane z przezroczystej koronki<br \/>\nZ detalami z kryszta\u0142u g\u00f3rskiego po bokach<br \/>\nBawe\u0142niany klin<\/p>\n<p>Majtki wykonane s\u0105 w ca\u0142o\u015bci z przezroczystej koronki, co nadaje im wyj\u0105tkowo ekscytuj\u0105cy i kobiecy wygl\u0105d.<br \/>\nStringi uzupe\u0142niaj\u0105 detale z kryszta\u0142k\u00f3w g\u00f3rskich.<\/p>\n<p>Materia\u0142: poliamid 90%, elastan 10%<br \/>\nWskaz\u00f3wki dotycz\u0105ce piel\u0119gnacji: Pranie r\u0119czne<\/p>\n<p>Kolor: czarny<br \/>\nWz\u00f3r: Kwiaty<br \/>\nRozmiar: 36\/38<\/p>","protected":false},"excerpt":{"rendered":"<table class=\"dv_characteristicsTable\">\n<caption>\u00a0<\/caption>\n<tbody>\n<tr>\n<td class=\"left\">Rozmiar<\/td>\n<td>36<\/td>\n<\/tr>\n<tr>\n<td class=\"left\">Gr\u00f6\u00dfentyp<\/td>\n<td>Normalgr\u00f6\u00dfen<\/td>\n<\/tr>\n<\/tbody>\n<\/table>\n<table class=\"dv_characteristicsTable\">\n<caption>\u00a0<\/caption>\n<tbody>\n<tr>\n<td class=\"left\">Kolor<\/td>\n<td>schwarz<\/td>\n<\/tr>\n<\/tbody>\n<\/table>\n<table class=\"dv_characteristicsTable\">\n<tbody>\n<tr>\n<td class=\"left\">Sk\u0142ad materia\u0142u<\/td>\n<td>90% Polyamid, 10% Elasthan<\/td>\n<\/tr>\n<tr>\n<td class=\"left\">Instrukcje dotycz\u0105ce piel\u0119gnacji<\/td>\n<td>Pranie r\u0119czne<\/td>\n<\/tr>\n<\/tbody>\n<\/table>","protected":false},"featured_media":79135,"comment_status":"open","ping_status":"closed","template":"","meta":{"_seopress_robots_primary_cat":"","_seopress_titles_title":"","_seopress_titles_desc":"","_seopress_robots_index":""},"product_brand":[],"product_cat":[1348,1444,1517],"product_tag":[],"class_list":{"0":"post-79030","1":"product","2":"type-product","3":"status-publish","4":"has-post-thumbnail","6":"product_cat-damen-mode","7":"product_cat-unterwaesche","8":"product_cat-strings","9":"product_shipping_class-standard-versand","11":"first","12":"outofstock","13":"sale","14":"taxable","15":"shipping-taxable","16":"purchasable","17":"product-type-simple"},"_links":{"self":[{"href":"https:\/\/www.soanam.de\/pl\/wp-json\/wp\/v2\/product\/79030","targetHints":{"allow":["GET"]}}],"collection":[{"href":"https:\/\/www.soanam.de\/pl\/wp-json\/wp\/v2\/product"}],"about":[{"href":"https:\/\/www.soanam.de\/pl\/wp-json\/wp\/v2\/types\/product"}],"replies":[{"embeddable":true,"href":"https:\/\/www.soanam.de\/pl\/wp-json\/wp\/v2\/comments?post=79030"}],"wp:featuredmedia":[{"embeddable":true,"href":"https:\/\/www.soanam.de\/pl\/wp-json\/wp\/v2\/media\/79135"}],"wp:attachment":[{"href":"https:\/\/www.soanam.de\/pl\/wp-json\/wp\/v2\/media?parent=79030"}],"wp:term":[{"taxonomy":"product_brand","embeddable":true,"href":"https:\/\/www.soanam.de\/pl\/wp-json\/wp\/v2\/product_brand?post=79030"},{"taxonomy":"product_cat","embeddable":true,"href":"https:\/\/www.soanam.de\/pl\/wp-json\/wp\/v2\/product_cat?post=79030"},{"taxonomy":"product_tag","embeddable":true,"href":"https:\/\/www.soanam.de\/pl\/wp-json\/wp\/v2\/product_tag?post=79030"}],"curies":[{"name":"wp","href":"https:\/\/api.w.org\/{rel}","templated":true}]}}