{"id":79029,"date":"2023-12-13T21:58:15","date_gmt":"2023-12-13T20:58:15","guid":{"rendered":"https:\/\/www.soanam.de\/?post_type=product&#038;p=79029"},"modified":"2023-12-13T22:00:39","modified_gmt":"2023-12-13T21:00:39","slug":"tommy-hilfiger-curve-thong-in-navy-groesse-2xl","status":"publish","type":"product","link":"https:\/\/www.soanam.de\/pl\/produkt\/tommy-hilfiger-curve-thong-in-navy-groesse-2xl\/","title":{"rendered":"Tommy Hilfiger Curve \u2013 Thong, in Navy, Gr\u00f6\u00dfe 2XL"},"content":{"rendered":"<p>Damen Slip von Tommy Hilfiger<br \/>\nK\u00f6rpernaher Schnitt<br \/>\nElastischer Bund mit Brand-Schriftzug<br \/>\nMieszanka bawe\u0142ny z zawarto\u015bci\u0105 stretchu<\/p>\n<p>Der Thong von Tommy Hilfiger ist aus einer Baumwollmischung mit Stretch-Anteil gefertigt.<\/p>\n<p>Er kommt in gro\u00dfen Gr\u00f6\u00dfen, k\u00f6rpernaher Passform und mit elastischem Bund mit Logo-Schriftzug.<\/p>\n<p>Material: 53% Baumwolle, 35% Modal, 12% Elasthan<br \/>\nWskaz\u00f3wki dotycz\u0105ce piel\u0119gnacji: Pranie w pralce 30\u00b0<\/p>\n<p>Kolor: granatowy<br \/>\nMuster: Logo<br \/>\nRozmiar: 2XL<\/p>","protected":false},"excerpt":{"rendered":"<p>Damen Slip von Tommy Hilfiger<\/p>\n<p>Mieszanka bawe\u0142ny z zawarto\u015bci\u0105 stretchu<\/p>\n<p>K\u00f6rpernaher Schnitt<\/p>\n<p>Elastischer Bund mit Brand-Schriftzug<\/p>\n<p>Ziernaht<\/p>\n<p>Kolor: granatowy<br \/>\nMuster: Logo<br \/>\nRozmiar: 2XL<\/p>","protected":false},"featured_media":79132,"comment_status":"open","ping_status":"closed","template":"","meta":{"_seopress_robots_primary_cat":"","_seopress_titles_title":"","_seopress_titles_desc":"","_seopress_robots_index":""},"product_brand":[],"product_cat":[1348,1444,1517],"product_tag":[],"class_list":{"0":"post-79029","1":"product","2":"type-product","3":"status-publish","4":"has-post-thumbnail","6":"product_cat-damen-mode","7":"product_cat-unterwaesche","8":"product_cat-strings","9":"product_shipping_class-standard-versand","11":"first","12":"instock","13":"sale","14":"taxable","15":"shipping-taxable","16":"purchasable","17":"product-type-simple"},"_links":{"self":[{"href":"https:\/\/www.soanam.de\/pl\/wp-json\/wp\/v2\/product\/79029","targetHints":{"allow":["GET"]}}],"collection":[{"href":"https:\/\/www.soanam.de\/pl\/wp-json\/wp\/v2\/product"}],"about":[{"href":"https:\/\/www.soanam.de\/pl\/wp-json\/wp\/v2\/types\/product"}],"replies":[{"embeddable":true,"href":"https:\/\/www.soanam.de\/pl\/wp-json\/wp\/v2\/comments?post=79029"}],"wp:featuredmedia":[{"embeddable":true,"href":"https:\/\/www.soanam.de\/pl\/wp-json\/wp\/v2\/media\/79132"}],"wp:attachment":[{"href":"https:\/\/www.soanam.de\/pl\/wp-json\/wp\/v2\/media?parent=79029"}],"wp:term":[{"taxonomy":"product_brand","embeddable":true,"href":"https:\/\/www.soanam.de\/pl\/wp-json\/wp\/v2\/product_brand?post=79029"},{"taxonomy":"product_cat","embeddable":true,"href":"https:\/\/www.soanam.de\/pl\/wp-json\/wp\/v2\/product_cat?post=79029"},{"taxonomy":"product_tag","embeddable":true,"href":"https:\/\/www.soanam.de\/pl\/wp-json\/wp\/v2\/product_tag?post=79029"}],"curies":[{"name":"wp","href":"https:\/\/api.w.org\/{rel}","templated":true}]}}