{"id":79014,"date":"2023-12-13T21:57:51","date_gmt":"2023-12-13T20:57:51","guid":{"rendered":"https:\/\/www.soanam.de\/?post_type=product&#038;p=79014"},"modified":"2023-12-13T22:00:22","modified_gmt":"2023-12-13T21:00:22","slug":"jette-spitzen-body-mit-buegel-in-schwarz-groesse-80c","status":"publish","type":"product","link":"https:\/\/www.soanam.de\/pl\/produkt\/jette-spitzen-body-mit-buegel-in-schwarz-groesse-80c\/","title":{"rendered":"Koronkowe body JETTE z fiszbinami, w kolorze czarnym, rozmiar 80C"},"content":{"rendered":"<p>Body aus zarter Spitze<br \/>\nZierschleife auf dem Steg<br \/>\nAufregende Schn\u00fcrung vorne<\/p>\n<p>Verf\u00fchrerische wird es bei dem Spitzenbody von Designerin Jette Joop durch den tiefen V-Ausschnitt, der durch die auff\u00e4lligen B\u00fcgel und dem kleinen Schleifchen darauf das Dekollet\u00e9 in den Mittelpunkt stellt.<br \/>\nZarte, transparente Spitze, weich und elastisch mit dekorativer Schn\u00fcrung liegt angenehm auf der Haut.<\/p>\n<p>Materia\u0142: poliamid 90%, elastan 10%<br \/>\nWskaz\u00f3wki dotycz\u0105ce piel\u0119gnacji: Pranie r\u0119czne<\/p>\n<p>Kolor: czarny<br \/>\nWz\u00f3r: Kwiaty<br \/>\nGr\u00f6\u00dfe: 80C<\/p>\n<p>Obw\u00f3d pod biustem: 80<br \/>\nRozmiar fili\u017canki: fili\u017canka C<\/p>\n<p>Ca\u0142kowita d\u0142ugo\u015b\u0107: 74 cm<\/p>","protected":false},"excerpt":{"rendered":"<table class=\"dv_characteristicsTable\">\n<tbody>\n<tr>\n<td class=\"left\">K\u00f6rbchengr\u00f6\u00dfe<\/td>\n<td>Cup C<\/td>\n<\/tr>\n<tr>\n<td class=\"left\">Unterbrustumfang<\/td>\n<td>80<\/td>\n<\/tr>\n<\/tbody>\n<\/table>\n<table class=\"dv_characteristicsTable\">\n<caption>\u00a0<\/caption>\n<tbody>\n<tr>\n<td class=\"left\">Sk\u0142ad materia\u0142u<\/td>\n<td>90% Polyamid, 10% Elasthan<\/td>\n<\/tr>\n<tr>\n<td class=\"left\">Materialart<\/td>\n<td>Spitze<\/td>\n<\/tr>\n<tr>\n<td class=\"left\">Instrukcje dotycz\u0105ce piel\u0119gnacji<\/td>\n<td>Pranie r\u0119czne<\/td>\n<\/tr>\n<\/tbody>\n<\/table>\n<table class=\"dv_characteristicsTable\">\n<tbody>\n<tr>\n<td class=\"left\">Stil<\/td>\n<td>sexy<\/td>\n<\/tr>\n<\/tbody>\n<\/table>\n<table class=\"dv_characteristicsTable\">\n<caption>\u00a0<\/caption>\n<tbody>\n<tr>\n<td class=\"left\">Kolor<\/td>\n<td>schwarz<\/td>\n<\/tr>\n<\/tbody>\n<\/table>\n<table class=\"dv_characteristicsTable\">\n<caption>\u00a0<\/caption>\n<tbody>\n<tr>\n<td class=\"left\">Ausschnitt<\/td>\n<td>tiefer V-Ausschnitt<\/td>\n<\/tr>\n<tr>\n<td class=\"left\">Przewo\u017anik<\/td>\n<td>mit Tr\u00e4ger<\/td>\n<\/tr>\n<tr>\n<td class=\"left\">Tr\u00e4gerdetails<\/td>\n<td>breit<\/td>\n<\/tr>\n<\/tbody>\n<\/table>\n<table class=\"dv_characteristicsTable\">\n<caption>\u00a0<\/caption>\n<tbody>\n<tr>\n<td class=\"left\">Verschluss<\/td>\n<td>Haken &amp; \u00d6sen<\/td>\n<\/tr>\n<tr>\n<td class=\"left\">Verschlussdetails<\/td>\n<td>im Schritt<\/td>\n<\/tr>\n<tr>\n<td class=\"left\">Besondere Merkmale<\/td>\n<td>mit B\u00fcgel<\/td>\n<\/tr>\n<\/tbody>\n<\/table>\n<table class=\"dv_characteristicsTable\">\n<caption>\u00a0<\/caption>\n<tbody>\n<tr>\n<td class=\"left\">B\u00fcgel<\/td>\n<td>mit B\u00fcgel<\/td>\n<\/tr>\n<\/tbody>\n<\/table>","protected":false},"featured_media":79117,"comment_status":"open","ping_status":"closed","template":"","meta":{"_seopress_robots_primary_cat":"","_seopress_titles_title":"","_seopress_titles_desc":"","_seopress_robots_index":""},"product_brand":[],"product_cat":[1348,1444,1514],"product_tag":[],"class_list":{"0":"post-79014","1":"product","2":"type-product","3":"status-publish","4":"has-post-thumbnail","6":"product_cat-damen-mode","7":"product_cat-unterwaesche","8":"product_cat-bodies","9":"product_shipping_class-standard-versand","11":"first","12":"instock","13":"sale","14":"taxable","15":"shipping-taxable","16":"purchasable","17":"product-type-simple"},"_links":{"self":[{"href":"https:\/\/www.soanam.de\/pl\/wp-json\/wp\/v2\/product\/79014","targetHints":{"allow":["GET"]}}],"collection":[{"href":"https:\/\/www.soanam.de\/pl\/wp-json\/wp\/v2\/product"}],"about":[{"href":"https:\/\/www.soanam.de\/pl\/wp-json\/wp\/v2\/types\/product"}],"replies":[{"embeddable":true,"href":"https:\/\/www.soanam.de\/pl\/wp-json\/wp\/v2\/comments?post=79014"}],"wp:featuredmedia":[{"embeddable":true,"href":"https:\/\/www.soanam.de\/pl\/wp-json\/wp\/v2\/media\/79117"}],"wp:attachment":[{"href":"https:\/\/www.soanam.de\/pl\/wp-json\/wp\/v2\/media?parent=79014"}],"wp:term":[{"taxonomy":"product_brand","embeddable":true,"href":"https:\/\/www.soanam.de\/pl\/wp-json\/wp\/v2\/product_brand?post=79014"},{"taxonomy":"product_cat","embeddable":true,"href":"https:\/\/www.soanam.de\/pl\/wp-json\/wp\/v2\/product_cat?post=79014"},{"taxonomy":"product_tag","embeddable":true,"href":"https:\/\/www.soanam.de\/pl\/wp-json\/wp\/v2\/product_tag?post=79014"}],"curies":[{"name":"wp","href":"https:\/\/api.w.org\/{rel}","templated":true}]}}