{"id":79013,"date":"2023-12-13T21:57:51","date_gmt":"2023-12-13T20:57:51","guid":{"rendered":"https:\/\/www.soanam.de\/?post_type=product&#038;p=79013"},"modified":"2023-12-13T22:00:18","modified_gmt":"2023-12-13T21:00:18","slug":"jette-stringbody-in-schwarz-groesse-38","status":"publish","type":"product","link":"https:\/\/www.soanam.de\/pl\/produkt\/jette-stringbody-in-schwarz-groesse-38\/","title":{"rendered":"Sznurkowe body JETTE w kolorze czarnym, rozmiar 38"},"content":{"rendered":"<p>Stringbody aus zarter Spitze von Jette Joop<br \/>\nB\u00fcgellos<br \/>\nGlitzerdetail<br \/>\nMit verstellbarem Druckknopfverschluss im Schritt<br \/>\nZ bawe\u0142nianym klinem dla wygodnego dopasowania<\/p>\n<p>Der Body von Jette Joop ist aus zarter Spitze verarbeitet.\u00a0 Vorn ist ein Strasselement zu finden, hinten ein tiefer R\u00fcckenausschnitt.<br \/>\nDer Body wird im Schritt mit einem Druckknopfverschluss geschlossen.<\/p>\n<p>Material: 83% Polyamid, 11% Elasthan, 6% Polyester<br \/>\nWskaz\u00f3wki dotycz\u0105ce piel\u0119gnacji: Pranie r\u0119czne<\/p>\n<p>Kolor: czarny<br \/>\nWz\u00f3r: Kwiaty<br \/>\nRozmiar: 38<\/p>\n<p>Ca\u0142kowita d\u0142ugo\u015b\u0107: 67 cm<\/p>","protected":false},"excerpt":{"rendered":"<table class=\"dv_characteristicsTable\">\n<caption>\u00a0<\/caption>\n<tbody>\n<tr>\n<td class=\"left\">Materia\u0142<\/td>\n<td>83% Polyamid, 11% Elasthan, 6% Polyester<\/td>\n<\/tr>\n<tr>\n<td class=\"left\">Instrukcje dotycz\u0105ce piel\u0119gnacji<\/td>\n<td>Pranie r\u0119czne<\/td>\n<\/tr>\n<\/tbody>\n<\/table>\n<table class=\"dv_characteristicsTable\">\n<caption>\u00a0<\/caption>\n<tbody>\n<tr>\n<td class=\"left\">Kolor<\/td>\n<td>schwarz<\/td>\n<\/tr>\n<\/tbody>\n<\/table>\n<p>Muster:\u00a0 Bl\u00fcten im Spitzeneinsatz<\/p>\n<p>Details: Strass<\/p>","protected":false},"featured_media":79103,"comment_status":"open","ping_status":"closed","template":"","meta":{"_seopress_robots_primary_cat":"","_seopress_titles_title":"","_seopress_titles_desc":"","_seopress_robots_index":""},"product_brand":[],"product_cat":[1348,1444,1514],"product_tag":[],"class_list":{"0":"post-79013","1":"product","2":"type-product","3":"status-publish","4":"has-post-thumbnail","6":"product_cat-damen-mode","7":"product_cat-unterwaesche","8":"product_cat-bodies","9":"product_shipping_class-standard-versand","11":"first","12":"instock","13":"sale","14":"taxable","15":"shipping-taxable","16":"purchasable","17":"product-type-simple"},"_links":{"self":[{"href":"https:\/\/www.soanam.de\/pl\/wp-json\/wp\/v2\/product\/79013","targetHints":{"allow":["GET"]}}],"collection":[{"href":"https:\/\/www.soanam.de\/pl\/wp-json\/wp\/v2\/product"}],"about":[{"href":"https:\/\/www.soanam.de\/pl\/wp-json\/wp\/v2\/types\/product"}],"replies":[{"embeddable":true,"href":"https:\/\/www.soanam.de\/pl\/wp-json\/wp\/v2\/comments?post=79013"}],"wp:featuredmedia":[{"embeddable":true,"href":"https:\/\/www.soanam.de\/pl\/wp-json\/wp\/v2\/media\/79103"}],"wp:attachment":[{"href":"https:\/\/www.soanam.de\/pl\/wp-json\/wp\/v2\/media?parent=79013"}],"wp:term":[{"taxonomy":"product_brand","embeddable":true,"href":"https:\/\/www.soanam.de\/pl\/wp-json\/wp\/v2\/product_brand?post=79013"},{"taxonomy":"product_cat","embeddable":true,"href":"https:\/\/www.soanam.de\/pl\/wp-json\/wp\/v2\/product_cat?post=79013"},{"taxonomy":"product_tag","embeddable":true,"href":"https:\/\/www.soanam.de\/pl\/wp-json\/wp\/v2\/product_tag?post=79013"}],"curies":[{"name":"wp","href":"https:\/\/api.w.org\/{rel}","templated":true}]}}