{"id":79011,"date":"2023-12-13T21:57:50","date_gmt":"2023-12-13T20:57:50","guid":{"rendered":"https:\/\/www.soanam.de\/?post_type=product&#038;p=79011"},"modified":"2023-12-13T22:00:13","modified_gmt":"2023-12-13T21:00:13","slug":"nuance-t-shirt-body-w-zestawie-2-sztuk-w-kolorze-bialym-i-nugatowym-rozmiar-75f","status":"publish","type":"product","link":"https:\/\/www.soanam.de\/pl\/produkt\/nuance-t-shirt-body-im-2er-pack-in-weiss-und-nougat-groesse-75f\/","title":{"rendered":"Body z koszulk\u0105 Nuance w 2-paku, w kolorze bia\u0142ym i nugatowym, rozmiar 75F"},"content":{"rendered":"<p>Koszulka biustonosza z bezszwowymi formowanymi miseczkami<br \/>\nUkrywa ma\u0142e problematyczne obszary w talii i biodrach<br \/>\nIdealny pod obcis\u0142e ubrania<br \/>\nWykonane z wysokiej jako\u015bci mikrofibry<\/p>\n<p>\u015awietne podstawowe body od Nuance w praktycznym podw\u00f3jnym opakowaniu, charakteryzuj\u0105ce si\u0119 prostot\u0105 i wygod\u0105.<br \/>\nBezszwowe, formowane miseczki ze zintegrowanymi fiszbinami zapewniaj\u0105 naturalny kszta\u0142t i niezawodne wsparcie.<br \/>\nBody mo\u017cna \u0142atwo odpi\u0105\u0107 w kroku i ma mi\u0119kki bawe\u0142niany klin<\/p>\n<p>Materia\u0142: 77% poliamid TACTEL\u00ae, 16% elastan LYCRA\u00ae, 7% bawe\u0142na<br \/>\nWskaz\u00f3wki dotycz\u0105ce piel\u0119gnacji: Pranie r\u0119czne<\/p>\n<p>Kolor: bia\u0142y, nugatowy<br \/>\nWz\u00f3r: bez<br \/>\nRozmiar: 75F<\/p>\n<p>Obw\u00f3d pod biustem: 75<br \/>\nRozmiar fili\u017canki: Fili\u017canka F<\/p>\n<p>Ca\u0142kowita d\u0142ugo\u015b\u0107: 70 cm<\/p>","protected":false},"excerpt":{"rendered":"<table class=\"dv_characteristicsTable\">\n<caption>\u00a0<\/caption>\n<tbody>\n<tr>\n<td class=\"left\">K\u00f6rbchengr\u00f6\u00dfe<\/td>\n<td>Cup F<\/td>\n<\/tr>\n<tr>\n<td class=\"left\">Unterbrustumfang<\/td>\n<td>75<\/td>\n<\/tr>\n<\/tbody>\n<\/table>\n<table class=\"dv_characteristicsTable\">\n<caption>\u00a0<\/caption>\n<tbody>\n<tr>\n<td class=\"left\">Materia\u0142<\/td>\n<td>77% Polyamid TACTEL\u00ae, 16% Elasthan LYCRA\u00ae, 7% Baumwolle<\/td>\n<\/tr>\n<tr>\n<td class=\"left\">Materialeigenschaften<\/td>\n<td>Lycra<\/td>\n<\/tr>\n<tr>\n<td class=\"left\">Instrukcje dotycz\u0105ce piel\u0119gnacji<\/td>\n<td>Pranie r\u0119czne<\/td>\n<\/tr>\n<\/tbody>\n<\/table>\n<table class=\"dv_characteristicsTable\">\n<tbody>\n<tr>\n<td class=\"left\">Stil<\/td>\n<td>Basic<\/td>\n<\/tr>\n<\/tbody>\n<\/table>\n<table class=\"dv_characteristicsTable\">\n<caption>\u00a0<\/caption>\n<tbody>\n<tr>\n<td class=\"left\">Kolor<\/td>\n<td>nougat<\/td>\n<\/tr>\n<tr>\n<td class=\"left\">Farbe Packst\u00fcck 2<\/td>\n<td>wei\u00df<\/td>\n<\/tr>\n<\/tbody>\n<\/table>\n<table class=\"dv_characteristicsTable\">\n<caption>\u00a0<\/caption>\n<tbody>\n<tr>\n<td class=\"left\">Ausschnitt<\/td>\n<td>eckiger Ausschnitt<\/td>\n<\/tr>\n<tr>\n<td class=\"left\">\u00c4rmel<\/td>\n<td>ohne \u00c4rmel<\/td>\n<\/tr>\n<tr>\n<td class=\"left\">Przewo\u017anik<\/td>\n<td>mit Tr\u00e4ger<\/td>\n<\/tr>\n<tr>\n<td class=\"left\">Tr\u00e4gerdetails<\/td>\n<td>verstellbar<\/td>\n<\/tr>\n<tr>\n<td class=\"left\">Dopasowanie<\/td>\n<td>figurbetont<\/td>\n<\/tr>\n<\/tbody>\n<\/table>\n<table class=\"dv_characteristicsTable\">\n<caption>\u00a0<\/caption>\n<tbody>\n<tr>\n<td class=\"left\">Verschluss<\/td>\n<td>Haken &amp; \u00d6sen<\/td>\n<\/tr>\n<tr>\n<td class=\"left\">Verschlussdetails<\/td>\n<td>hinten<\/td>\n<\/tr>\n<tr>\n<td class=\"left\">Besondere Merkmale<\/td>\n<td>mit B\u00fcgel<\/td>\n<\/tr>\n<\/tbody>\n<\/table>\n<table class=\"dv_characteristicsTable\">\n<caption>\u00a0<\/caption>\n<tbody>\n<tr>\n<td class=\"left\">Cupdetails<\/td>\n<td>nahtlos vorgeformt<br \/>\nohne Schale<\/td>\n<\/tr>\n<tr>\n<td class=\"left\">B\u00fcgel<\/td>\n<td>mit B\u00fcgel<\/td>\n<\/tr>\n<\/tbody>\n<\/table>","protected":false},"featured_media":79111,"comment_status":"open","ping_status":"closed","template":"","meta":{"_seopress_robots_primary_cat":"","_seopress_titles_title":"","_seopress_titles_desc":"","_seopress_robots_index":""},"product_brand":[],"product_cat":[1348,1444,1514],"product_tag":[],"class_list":{"0":"post-79011","1":"product","2":"type-product","3":"status-publish","4":"has-post-thumbnail","6":"product_cat-damen-mode","7":"product_cat-unterwaesche","8":"product_cat-bodies","9":"product_shipping_class-standard-versand","11":"first","12":"instock","13":"sale","14":"taxable","15":"shipping-taxable","16":"purchasable","17":"product-type-simple"},"_links":{"self":[{"href":"https:\/\/www.soanam.de\/pl\/wp-json\/wp\/v2\/product\/79011","targetHints":{"allow":["GET"]}}],"collection":[{"href":"https:\/\/www.soanam.de\/pl\/wp-json\/wp\/v2\/product"}],"about":[{"href":"https:\/\/www.soanam.de\/pl\/wp-json\/wp\/v2\/types\/product"}],"replies":[{"embeddable":true,"href":"https:\/\/www.soanam.de\/pl\/wp-json\/wp\/v2\/comments?post=79011"}],"wp:featuredmedia":[{"embeddable":true,"href":"https:\/\/www.soanam.de\/pl\/wp-json\/wp\/v2\/media\/79111"}],"wp:attachment":[{"href":"https:\/\/www.soanam.de\/pl\/wp-json\/wp\/v2\/media?parent=79011"}],"wp:term":[{"taxonomy":"product_brand","embeddable":true,"href":"https:\/\/www.soanam.de\/pl\/wp-json\/wp\/v2\/product_brand?post=79011"},{"taxonomy":"product_cat","embeddable":true,"href":"https:\/\/www.soanam.de\/pl\/wp-json\/wp\/v2\/product_cat?post=79011"},{"taxonomy":"product_tag","embeddable":true,"href":"https:\/\/www.soanam.de\/pl\/wp-json\/wp\/v2\/product_tag?post=79011"}],"curies":[{"name":"wp","href":"https:\/\/api.w.org\/{rel}","templated":true}]}}