{"id":78990,"date":"2023-12-13T21:57:19","date_gmt":"2023-12-13T20:57:19","guid":{"rendered":"https:\/\/www.soanam.de\/?post_type=product&#038;p=78990"},"modified":"2023-12-13T21:59:50","modified_gmt":"2023-12-13T20:59:50","slug":"lisa-witt-pianote-foundations-10-ksiazek-do-gry-na-pianinie-po-angielsku","status":"publish","type":"product","link":"https:\/\/www.soanam.de\/pl\/produkt\/lisa-witt-pianote-foundations-10-buecher-zum-klavierspielen-englisch\/","title":{"rendered":"Lisa Witt pianote FOUNDATIONS - 10 ksi\u0105\u017cek do gry na fortepianie, Angielski"},"content":{"rendered":"<h3>Opis<\/h3>\n<p>Kompletny program nauczania Pianote na wyci\u0105gni\u0119cie r\u0119ki<\/p>\n<p>Przygotuj si\u0119 na otwarcie jedynego podr\u0119cznika do gry na pianinie, jakiego kiedykolwiek b\u0119dziesz potrzebowa\u0107.<\/p>\n<p>Te 10 ksi\u0105\u017cek w twardej oprawie obejmuje CA\u0141Y program nauczania Pianote Foundations i poprowadzi Ci\u0119 od nigdy wcze\u015bniej nie dotkni\u0119tego fortepianu do improwizacji jazzowej i tworzenia w\u0142asnych pi\u0119knych progresji akord\u00f3w i melodii.<\/p>\n<p>Osza\u0142amiaj\u0105ce projekty i kolorowe obrazy zapewniaj\u0105 przejrzysto\u015b\u0107 nauki, kt\u00f3rej nie mo\u017cna znale\u017a\u0107 nigdzie indziej. Kiedy lepiej widzisz i rozumiesz koncepcj\u0119, mo\u017cesz j\u0105 szybciej zapami\u0119ta\u0107 i zastosowa\u0107 we w\u0142asnej grze.<\/p>\n<p>Otrzymasz r\u00f3wnie\u017c wsparcie i pomoc od prawdziwych nauczycieli na ka\u017cdym kroku, aby upewni\u0107 si\u0119, \u017ce osi\u0105gniesz po\u017c\u0105dane wyniki.<\/p>\n<p>Wszystko, czego potrzebujesz, aby<br \/>\naby sta\u0107 si\u0119 zainspirowanym, skoncentrowanym i lepszym w grze na pianinie.<\/p>\n<p>Ksi\u0105\u017cka 1 - Witamy na klawiaturze<br \/>\nZeszyt 2 - Kadry i czytanie z nut<br \/>\nKsi\u0105\u017cka 3 - Zanurz si\u0119 g\u0142\u0119biej w kluczowe kompetencje<br \/>\nKsi\u0105\u017cka 4 - Klucze i inwersje<br \/>\nKsi\u0105\u017cka 5 - Skr\u00f3ty klawiszowe dla p\u0142askich d\u017awi\u0119k\u00f3w i akord\u00f3w<br \/>\nKsi\u0105\u017cka 6 - Zrozumienie kluczy pomocniczych<br \/>\nKsi\u0119ga 7 - Kr\u0105g Pi\u0105tych<br \/>\nKsi\u0105\u017cka 8 - Nauka improwizacji<br \/>\nKsi\u0105\u017cka 9 - Si\u00f3dmy akord i blues<br \/>\nKsi\u0105\u017cka 10 - Wprowadzenie do jazzu<\/p>","protected":false},"excerpt":{"rendered":"<h3>Artikelmerkmale<\/h3>\n<p>Stan produktu: Nowy z etykiet\u0105: Nowy, nieu\u017cywany i nienoszony produkt w oryginalnym opakowaniu.<\/p>\n<table style=\"height: 406px;\" border=\"0\" width=\"400\" frame=\"VOID\" rules=\"NONE\" cellspacing=\"0\">\n<colgroup>\n<col width=\"133\" \/>\n<col width=\"1570\" \/><\/colgroup>\n<tbody>\n<tr>\n<td align=\"LEFT\" width=\"133\" height=\"17\">Autor:<\/td>\n<td align=\"LEFT\" width=\"1570\">Lisa Witt<\/td>\n<\/tr>\n<tr>\n<td align=\"LEFT\" height=\"17\">Funkcje specjalne:<\/td>\n<td align=\"LEFT\">Boxset<\/td>\n<\/tr>\n<tr>\n<td align=\"LEFT\" height=\"17\">Bundesland:<\/td>\n<td align=\"LEFT\">Baden-W\u00fcrttemberg, Bayern, Berlin, Brandenburg, Bremen, Hamburg, Hessen, Mecklenburg-Vorpommern, Niedersachsen, Nordrhein-Westfalen, Rheinland-Pfalz, Saarland, Sachsen, Sachsen-Anhalt, Schleswig-Holstein, Th\u00fcringen<\/td>\n<\/tr>\n<tr>\n<td align=\"LEFT\" height=\"17\">Erscheinungsjahr:<\/td>\n<td align=\"LEFT\">2019<\/td>\n<\/tr>\n<tr>\n<td align=\"LEFT\" height=\"17\">Fach:<\/td>\n<td align=\"LEFT\">Musik<\/td>\n<\/tr>\n<tr>\n<td align=\"LEFT\" height=\"17\">Fachbereich:<\/td>\n<td align=\"LEFT\">Klavier<\/td>\n<\/tr>\n<tr>\n<td align=\"LEFT\" height=\"17\">Format:<\/td>\n<td align=\"LEFT\">Buch, Gebundene Ausgabe<\/td>\n<\/tr>\n<tr>\n<td align=\"LEFT\" height=\"17\">ISBN:<\/td>\n<td align=\"LEFT\">9781774210062<\/td>\n<\/tr>\n<tr>\n<td align=\"LEFT\" height=\"17\">Niveau:<\/td>\n<td align=\"LEFT\">Anf\u00e4nger, Zwischenstufe<\/td>\n<\/tr>\n<tr>\n<td align=\"LEFT\" height=\"17\">Produktart:<\/td>\n<td align=\"LEFT\">Arbeitshilfe<\/td>\n<\/tr>\n<tr>\n<td align=\"LEFT\" height=\"17\">Publikationsname:<\/td>\n<td align=\"LEFT\">pianote FOUNDATIONS<\/td>\n<\/tr>\n<tr>\n<td align=\"LEFT\" height=\"17\">Reihe:<\/td>\n<td align=\"LEFT\">pianote<\/td>\n<\/tr>\n<tr>\n<td align=\"LEFT\" height=\"17\">Sprache:<\/td>\n<td align=\"LEFT\">Englisch<\/td>\n<\/tr>\n<tr>\n<td align=\"LEFT\" height=\"17\">Verlag:<\/td>\n<td align=\"LEFT\">nieznany<\/td>\n<\/tr>\n<\/tbody>\n<\/table>","protected":false},"featured_media":79094,"comment_status":"open","ping_status":"closed","template":"","meta":{"_seopress_robots_primary_cat":"","_seopress_titles_title":"","_seopress_titles_desc":"","_seopress_robots_index":""},"product_brand":[],"product_cat":[1730],"product_tag":[],"class_list":{"0":"post-78990","1":"product","2":"type-product","3":"status-publish","4":"has-post-thumbnail","6":"product_cat-sonstiges-2","7":"product_shipping_class-standard-versand","9":"first","10":"instock","11":"sale","12":"taxable","13":"shipping-taxable","14":"purchasable","15":"product-type-simple"},"_links":{"self":[{"href":"https:\/\/www.soanam.de\/pl\/wp-json\/wp\/v2\/product\/78990","targetHints":{"allow":["GET"]}}],"collection":[{"href":"https:\/\/www.soanam.de\/pl\/wp-json\/wp\/v2\/product"}],"about":[{"href":"https:\/\/www.soanam.de\/pl\/wp-json\/wp\/v2\/types\/product"}],"replies":[{"embeddable":true,"href":"https:\/\/www.soanam.de\/pl\/wp-json\/wp\/v2\/comments?post=78990"}],"wp:featuredmedia":[{"embeddable":true,"href":"https:\/\/www.soanam.de\/pl\/wp-json\/wp\/v2\/media\/79094"}],"wp:attachment":[{"href":"https:\/\/www.soanam.de\/pl\/wp-json\/wp\/v2\/media?parent=78990"}],"wp:term":[{"taxonomy":"product_brand","embeddable":true,"href":"https:\/\/www.soanam.de\/pl\/wp-json\/wp\/v2\/product_brand?post=78990"},{"taxonomy":"product_cat","embeddable":true,"href":"https:\/\/www.soanam.de\/pl\/wp-json\/wp\/v2\/product_cat?post=78990"},{"taxonomy":"product_tag","embeddable":true,"href":"https:\/\/www.soanam.de\/pl\/wp-json\/wp\/v2\/product_tag?post=78990"}],"curies":[{"name":"wp","href":"https:\/\/api.w.org\/{rel}","templated":true}]}}