{"id":78989,"date":"2023-12-13T21:57:19","date_gmt":"2023-12-13T20:57:19","guid":{"rendered":"https:\/\/www.soanam.de\/?post_type=product&#038;p=78989"},"modified":"2023-12-13T21:59:38","modified_gmt":"2023-12-13T20:59:38","slug":"kmb-chelsea-ankle-boot-z-cienkiego-zamszu-czarny-rozmiar-39","status":"publish","type":"product","link":"https:\/\/www.soanam.de\/pl\/produkt\/kmb-chelsea-stiefelette-aus-feinem-veloursleder-schwarz-groesse-39\/","title":{"rendered":"Buty za kostk\u0119 KMB Chelsea z cienkiego zamszu, czarne, rozmiar 39"},"content":{"rendered":"<h3>Opis<\/h3>\n<p>Wysokiej jako\u015bci zamsz w eleganckiej czerni, elastyczna wstawka w kszta\u0142cie litery V i migda\u0142owa sylwetka z blokowym obcasem sprawiaj\u0105, \u017ce te botki KMB s\u0105 stylowymi towarzyszami na co dzie\u0144.<\/p>\n<p>Mi\u0119kka wy\u015bci\u00f3\u0142ka z mieszanki sk\u00f3ry i materia\u0142u tekstylnego<br \/>\nHiszpa\u0144ska marka oznacza niezwyk\u0142y design<br \/>\nantypo\u015blizgowa podeszwa zewn\u0119trzna<\/p>\n<p><strong>Dalsze szczeg\u00f3\u0142y dotycz\u0105ce produktu<\/strong><\/p>\n<p>Materia\u0142 cholewki: zamsz<br \/>\nMateria\u0142 wewn\u0119trzny: sk\u00f3ra<br \/>\nWk\u0142adka: sk\u00f3ra<br \/>\nZapi\u0119cie: wsuwane<br \/>\nPodeszwa: syntetyczna<br \/>\nWysoko\u015b\u0107 obcasa: 6<br \/>\nKszta\u0142t pi\u0119ty: obcas blokowy<br \/>\nPalce: okr\u0105g\u0142e<br \/>\nTyp ko\u0144c\u00f3wki: zamkni\u0119ta<\/p>","protected":false},"excerpt":{"rendered":"<h3>Artikelmerkmale<\/h3>\n<p>Stan produktu: Nowy z etykiet\u0105: Nowy, nieu\u017cywany i nienoszony produkt w oryginalnym opakowaniu.<\/p>\n<table border=\"0\" frame=\"VOID\" rules=\"NONE\" cellspacing=\"0\">\n<colgroup>\n<col width=\"133\" \/>\n<col width=\"127\" \/><\/colgroup>\n<tbody>\n<tr>\n<td align=\"LEFT\" width=\"133\" height=\"17\">Absatzart:<\/td>\n<td align=\"LEFT\" width=\"127\">Blockabsatz<\/td>\n<\/tr>\n<tr>\n<td align=\"LEFT\" height=\"17\">Absatzh\u00f6he:<\/td>\n<td align=\"LEFT\">Mittel (5 bis 7,5 cm)<\/td>\n<\/tr>\n<tr>\n<td align=\"LEFT\" height=\"17\">Abteilung:<\/td>\n<td align=\"LEFT\">Damen<\/td>\n<\/tr>\n<tr>\n<td align=\"LEFT\" height=\"17\">Charakter:<\/td>\n<td align=\"LEFT\">ohne Angabe<\/td>\n<\/tr>\n<tr>\n<td align=\"LEFT\" height=\"17\">EU-Schuhgr\u00f6\u00dfe:<\/td>\n<td align=\"LEFT\">EUR 39<\/td>\n<\/tr>\n<tr>\n<td align=\"LEFT\" height=\"17\">Kolor:<\/td>\n<td align=\"LEFT\">Czarny<\/td>\n<\/tr>\n<tr>\n<td align=\"LEFT\" height=\"17\">Futtermaterial:<\/td>\n<td align=\"LEFT\">Leder-Textil-Mix<\/td>\n<\/tr>\n<tr>\n<td align=\"LEFT\" height=\"17\">Innensohlenmaterial:<\/td>\n<td align=\"LEFT\">Sk\u00f3ra<\/td>\n<\/tr>\n<tr>\n<td align=\"LEFT\" height=\"17\">Jahreszeit:<\/td>\n<td align=\"LEFT\">Fr\u00fchling, Herbst<\/td>\n<\/tr>\n<tr>\n<td align=\"LEFT\" height=\"17\">Laufsohlenmaterial:<\/td>\n<td align=\"LEFT\">Syntetyczny<\/td>\n<\/tr>\n<tr>\n<td align=\"LEFT\" height=\"17\">Marke:<\/td>\n<td align=\"LEFT\">KMB<\/td>\n<\/tr>\n<tr>\n<td align=\"LEFT\" height=\"17\">Modell:<\/td>\n<td align=\"LEFT\">A2623<\/td>\n<\/tr>\n<tr>\n<td align=\"LEFT\" height=\"17\">Materia\u0142 cholewki:<\/td>\n<td align=\"LEFT\">Wildleder<\/td>\n<\/tr>\n<tr>\n<td align=\"LEFT\" height=\"17\">Produktart:<\/td>\n<td align=\"LEFT\">Buty<\/td>\n<\/tr>\n<tr>\n<td align=\"LEFT\" height=\"17\">Schuhgr\u00f6\u00dfe:<\/td>\n<td align=\"LEFT\">EUR 39<\/td>\n<\/tr>\n<tr>\n<td align=\"LEFT\" height=\"17\">Schuhschaft-Typ:<\/td>\n<td align=\"LEFT\">Kn\u00f6chel<\/td>\n<\/tr>\n<tr>\n<td align=\"LEFT\" height=\"17\">Schuhweite:<\/td>\n<td align=\"LEFT\">F<\/td>\n<\/tr>\n<tr>\n<td align=\"LEFT\" height=\"17\">Stil:<\/td>\n<td align=\"LEFT\">Stiefelette<\/td>\n<\/tr>\n<tr>\n<td align=\"LEFT\" height=\"17\">Thema:<\/td>\n<td align=\"LEFT\">Elegant<\/td>\n<\/tr>\n<tr>\n<td align=\"LEFT\" height=\"17\">UK-Schuhgr\u00f6\u00dfe:<\/td>\n<td align=\"LEFT\">UK 6<\/td>\n<\/tr>\n<tr>\n<td align=\"LEFT\" height=\"17\">US-Schuhgr\u00f6\u00dfe:<\/td>\n<td align=\"LEFT\">US 8<\/td>\n<\/tr>\n<tr>\n<td align=\"LEFT\" height=\"17\">Vintage:<\/td>\n<td align=\"LEFT\">Nein<\/td>\n<\/tr>\n<\/tbody>\n<\/table>","protected":false},"featured_media":79085,"comment_status":"open","ping_status":"closed","template":"","meta":{"_seopress_robots_primary_cat":"","_seopress_titles_title":"","_seopress_titles_desc":"","_seopress_robots_index":""},"product_brand":[],"product_cat":[1348,1360,1385,1482,1490],"product_tag":[],"class_list":{"0":"post-78989","1":"product","2":"type-product","3":"status-publish","4":"has-post-thumbnail","6":"product_cat-damen-mode","7":"product_cat-schuhe","8":"product_cat-stiefel","9":"product_cat-chelsea-boots","10":"product_cat-stiefeletten","11":"product_shipping_class-standard-versand","13":"first","14":"instock","15":"sale","16":"taxable","17":"shipping-taxable","18":"purchasable","19":"product-type-simple"},"_links":{"self":[{"href":"https:\/\/www.soanam.de\/pl\/wp-json\/wp\/v2\/product\/78989","targetHints":{"allow":["GET"]}}],"collection":[{"href":"https:\/\/www.soanam.de\/pl\/wp-json\/wp\/v2\/product"}],"about":[{"href":"https:\/\/www.soanam.de\/pl\/wp-json\/wp\/v2\/types\/product"}],"replies":[{"embeddable":true,"href":"https:\/\/www.soanam.de\/pl\/wp-json\/wp\/v2\/comments?post=78989"}],"wp:featuredmedia":[{"embeddable":true,"href":"https:\/\/www.soanam.de\/pl\/wp-json\/wp\/v2\/media\/79085"}],"wp:attachment":[{"href":"https:\/\/www.soanam.de\/pl\/wp-json\/wp\/v2\/media?parent=78989"}],"wp:term":[{"taxonomy":"product_brand","embeddable":true,"href":"https:\/\/www.soanam.de\/pl\/wp-json\/wp\/v2\/product_brand?post=78989"},{"taxonomy":"product_cat","embeddable":true,"href":"https:\/\/www.soanam.de\/pl\/wp-json\/wp\/v2\/product_cat?post=78989"},{"taxonomy":"product_tag","embeddable":true,"href":"https:\/\/www.soanam.de\/pl\/wp-json\/wp\/v2\/product_tag?post=78989"}],"curies":[{"name":"wp","href":"https:\/\/api.w.org\/{rel}","templated":true}]}}