{"id":78968,"date":"2023-12-13T21:56:52","date_gmt":"2023-12-13T20:56:52","guid":{"rendered":"https:\/\/www.soanam.de\/?post_type=product&#038;p=78968"},"modified":"2023-12-13T21:59:19","modified_gmt":"2023-12-13T20:59:19","slug":"beats-by-dr-dre-pill-2-0-glosnik-bezprzewodowy-bluetooth-biale-zloto","status":"publish","type":"product","link":"https:\/\/www.soanam.de\/pl\/produkt\/beats-by-dr-dre-pill-2-0-bluetooth-drahtloser-lautsprecher-weiss-gold\/","title":{"rendered":"Bezprzewodowy g\u0142o\u015bnik Bluetooth Beats by Dr Dre Pill 2.0 bia\u0142y\/z\u0142oty"},"content":{"rendered":"<h3>Opis<\/h3>\n<p><strong>Najwa\u017cniejsze wydarzenia<\/strong><\/p>\n<p>* Bluetooth Drahtloser Lautsprecher Wei\u00df\/Gold<br \/>\n* Starker Sound<br \/>\n* Tragbares System mit Line-In Eingang<br \/>\n* P\/N: MH752AM\/A<br \/>\n* OVP Besch\u00e4digt \/ nicht vorhanden - wird in normaler Verpackung verschickt<br \/>\n* Originalzubeh\u00f6r Aux und USB-Kabel<br \/>\n* Zustand: sehr gut<\/p>\n<p><strong>Dane techniczne<\/strong><\/p>\n<p>Beats by Dr. Dre Pill 2.0<\/p>\n<p>Hersteller: Beats by Dr. Dre<br \/>\nHerstellernummer: MH752AM\/A<br \/>\nProduktkategorie: Lautsprechersystem<br \/>\nKolor: bia\u0142y<br \/>\nSchnittstellen: Kopfh\u00f6reranschluss, Micro-USB, 3,5mm Klinke<br \/>\nBesonderheiten: Bluetooth Drahtloser<br \/>\nEnergieoptionen: USB-Ladefunktion<\/p>","protected":false},"excerpt":{"rendered":"<h3>Artikelmerkmale<\/h3>\n<p>Stan produktu: Nowy z etykiet\u0105: Nowy, nieu\u017cywany i nienoszony produkt w oryginalnym opakowaniu.<\/p>\n<table style=\"height: 667px;\" border=\"0\" width=\"562\" frame=\"VOID\" rules=\"NONE\" cellspacing=\"0\">\n<colgroup>\n<col width=\"186\" \/>\n<col width=\"278\" \/><\/colgroup>\n<tbody>\n<tr>\n<td align=\"LEFT\" width=\"186\" height=\"17\">Abspielbares Medienformat:<\/td>\n<td align=\"LEFT\" width=\"278\">AVI<\/td>\n<\/tr>\n<tr>\n<td align=\"LEFT\" height=\"17\">Akkukapazit\u00e4t:<\/td>\n<td align=\"LEFT\">2000 mAh<\/td>\n<\/tr>\n<tr>\n<td align=\"LEFT\" height=\"17\">Angebotspaket:<\/td>\n<td align=\"LEFT\">Ja<\/td>\n<\/tr>\n<tr>\n<td align=\"LEFT\" height=\"17\">Audioeing\u00e4nge:<\/td>\n<td align=\"LEFT\">Digital optisch TOSLINK<\/td>\n<\/tr>\n<tr>\n<td align=\"LEFT\" height=\"17\">Funkcje specjalne:<\/td>\n<td align=\"LEFT\">Bluetooth<\/td>\n<\/tr>\n<tr>\n<td align=\"LEFT\" height=\"17\">Kolor:<\/td>\n<td align=\"LEFT\">Wei\u00df \/ Gold<\/td>\n<\/tr>\n<tr>\n<td align=\"LEFT\" height=\"17\">Form:<\/td>\n<td align=\"LEFT\">Kugel<\/td>\n<\/tr>\n<tr>\n<td align=\"LEFT\" height=\"17\">Waga:<\/td>\n<td align=\"LEFT\">0.3 kg<\/td>\n<\/tr>\n<tr>\n<td align=\"LEFT\" height=\"17\">Herstellergarantie:<\/td>\n<td align=\"LEFT\">1 Jahr<\/td>\n<\/tr>\n<tr>\n<td align=\"LEFT\" height=\"17\">Herstellernummer:<\/td>\n<td align=\"LEFT\">MH752AM\/A<\/td>\n<\/tr>\n<tr>\n<td align=\"LEFT\" height=\"17\">Herstellungsland und -region:<\/td>\n<td align=\"LEFT\">Niemcy<\/td>\n<\/tr>\n<tr>\n<td align=\"LEFT\" height=\"17\">Konnektivit\u00e4t:<\/td>\n<td align=\"LEFT\">Bluetooth<\/td>\n<\/tr>\n<tr>\n<td align=\"LEFT\" height=\"17\">Marke:<\/td>\n<td align=\"LEFT\">Beats by Dr. Dre<\/td>\n<\/tr>\n<tr>\n<td align=\"LEFT\" height=\"17\">Markenkompatibilit\u00e4t:<\/td>\n<td align=\"LEFT\">Universal, F\u00fcr Apple<\/td>\n<\/tr>\n<tr>\n<td align=\"LEFT\" height=\"17\">Materia\u0142:<\/td>\n<td align=\"LEFT\">Tworzywo sztuczne<\/td>\n<\/tr>\n<tr>\n<td align=\"LEFT\" height=\"17\">Modell:<\/td>\n<td align=\"LEFT\">Beats Pill 2.0<\/td>\n<\/tr>\n<tr>\n<td align=\"LEFT\" height=\"17\">Modellkompatibilit\u00e4t:<\/td>\n<td align=\"LEFT\">F\u00fcr iPad Air 2, F\u00fcr iPad Mini 2, F\u00fcr iPad Mini 3<\/td>\n<\/tr>\n<tr>\n<td align=\"LEFT\" height=\"17\">Produktart:<\/td>\n<td align=\"LEFT\">Wireless Speaker<\/td>\n<\/tr>\n<tr>\n<td align=\"LEFT\" height=\"17\">RMS-Leistung:<\/td>\n<td align=\"LEFT\">20 W<\/td>\n<\/tr>\n<tr>\n<td align=\"LEFT\" height=\"17\">Smart-Home-Kompatibilit\u00e4t:<\/td>\n<td align=\"LEFT\">Alexa, Cortana, Google Assistant, Siri<\/td>\n<\/tr>\n<tr>\n<td align=\"LEFT\" height=\"17\">Systemkonfiguration:<\/td>\n<td align=\"LEFT\">2.0 Kanal<\/td>\n<\/tr>\n<\/tbody>\n<\/table>","protected":false},"featured_media":79079,"comment_status":"open","ping_status":"closed","template":"","meta":{"_seopress_robots_primary_cat":"","_seopress_titles_title":"","_seopress_titles_desc":"","_seopress_robots_index":""},"product_brand":[],"product_cat":[1400,1411],"product_tag":[],"class_list":{"0":"post-78968","1":"product","2":"type-product","3":"status-publish","4":"has-post-thumbnail","6":"product_cat-wohnzubehoer","7":"product_cat-elektrogeraete","8":"product_shipping_class-standard-versand","10":"first","11":"instock","12":"sale","13":"taxable","14":"shipping-taxable","15":"purchasable","16":"product-type-simple"},"_links":{"self":[{"href":"https:\/\/www.soanam.de\/pl\/wp-json\/wp\/v2\/product\/78968","targetHints":{"allow":["GET"]}}],"collection":[{"href":"https:\/\/www.soanam.de\/pl\/wp-json\/wp\/v2\/product"}],"about":[{"href":"https:\/\/www.soanam.de\/pl\/wp-json\/wp\/v2\/types\/product"}],"replies":[{"embeddable":true,"href":"https:\/\/www.soanam.de\/pl\/wp-json\/wp\/v2\/comments?post=78968"}],"wp:featuredmedia":[{"embeddable":true,"href":"https:\/\/www.soanam.de\/pl\/wp-json\/wp\/v2\/media\/79079"}],"wp:attachment":[{"href":"https:\/\/www.soanam.de\/pl\/wp-json\/wp\/v2\/media?parent=78968"}],"wp:term":[{"taxonomy":"product_brand","embeddable":true,"href":"https:\/\/www.soanam.de\/pl\/wp-json\/wp\/v2\/product_brand?post=78968"},{"taxonomy":"product_cat","embeddable":true,"href":"https:\/\/www.soanam.de\/pl\/wp-json\/wp\/v2\/product_cat?post=78968"},{"taxonomy":"product_tag","embeddable":true,"href":"https:\/\/www.soanam.de\/pl\/wp-json\/wp\/v2\/product_tag?post=78968"}],"curies":[{"name":"wp","href":"https:\/\/api.w.org\/{rel}","templated":true}]}}