{"id":78966,"date":"2023-12-13T21:56:51","date_gmt":"2023-12-13T20:56:51","guid":{"rendered":"https:\/\/www.soanam.de\/?post_type=product&#038;p=78966"},"modified":"2023-12-13T21:59:05","modified_gmt":"2023-12-13T20:59:05","slug":"koszulka-z-miseczka-lascana-w-kolorze-czarnym-rozmiar-90e","status":"publish","type":"product","link":"https:\/\/www.soanam.de\/pl\/produkt\/lascana-schalen-bh-hemd-in-schwarz-groesse-90e\/","title":{"rendered":"Koszulka z miseczkami LASCANA, w kolorze czarnym, rozmiar 90E"},"content":{"rendered":"<p>Top ze zintegrowanym biustonoszem<br \/>\nUltracienkie, elastyczne i oddychaj\u0105ce pow\u0142oki<br \/>\nZintegrowane fiszbiny dla optymalnego wsparcia<br \/>\nMateria\u0142 koszulki wykonany z delikatnej mikrofibry<\/p>\n<p>Bezszwowe formowane miseczki wykonane s\u0105 z ultracienkiego, elastycznego i oddychaj\u0105cego materia\u0142u, zintegrowane fiszbiny zapewniaj\u0105 optymalne wsparcie, a rami\u0105czka s\u0105 indywidualnie regulowane.<br \/>\nKoszulka jest wykonana z przyjemnie mi\u0119kkiego materia\u0142u z mikrofibry.<br \/>\nTop LASCANA ze zintegrowanym biustonoszem jest po prostu doskona\u0142y.<\/p>\n<p>Materia\u0142: poliamid 79%, elastan 21%<br \/>\nWskaz\u00f3wki dotycz\u0105ce piel\u0119gnacji: Pranie r\u0119czne<\/p>\n<p>Kolor: czarny<br \/>\nWz\u00f3r: bez<br \/>\nRozmiar: 90E<\/p>\n<p>Obw\u00f3d pod biustem: 90<br \/>\nRozmiar miseczki: miseczka E<\/p>\n<p>Ca\u0142kowita d\u0142ugo\u015b\u0107: 60 cm<\/p>","protected":false},"excerpt":{"rendered":"<table class=\"dv_characteristicsTable\">\n<caption>\u00a0<\/caption>\n<tbody>\n<tr>\n<td class=\"left\">K\u00f6rbchengr\u00f6\u00dfe<\/td>\n<td>Cup E<\/td>\n<\/tr>\n<tr>\n<td class=\"left\">Unterbrustumfang<\/td>\n<td>90<\/td>\n<\/tr>\n<\/tbody>\n<\/table>\n<table class=\"dv_characteristicsTable\">\n<caption>\u00a0<\/caption>\n<tbody>\n<tr>\n<td class=\"left\">Kolor<\/td>\n<td>schwarz<\/td>\n<\/tr>\n<\/tbody>\n<\/table>\n<table class=\"dv_characteristicsTable\">\n<tbody>\n<tr>\n<td class=\"left\">Sk\u0142ad materia\u0142u<\/td>\n<td>\u00a079% Polyamid, 21% Elasthan<\/td>\n<\/tr>\n<tr>\n<td class=\"left\">Instrukcje dotycz\u0105ce piel\u0119gnacji<\/td>\n<td>Pranie r\u0119czne<\/td>\n<\/tr>\n<\/tbody>\n<\/table>\n<table class=\"dv_characteristicsTable\">\n<tbody>\n<tr>\n<td class=\"left\">Stil<\/td>\n<td>klassisch<\/td>\n<\/tr>\n<\/tbody>\n<\/table>\n<table class=\"dv_characteristicsTable\">\n<tbody>\n<tr>\n<td class=\"left\">Cupdetails<\/td>\n<td>mit Schale<\/td>\n<\/tr>\n<tr>\n<td class=\"left\">B\u00fcgel<\/td>\n<td>mit B\u00fcgel<\/td>\n<\/tr>\n<\/tbody>\n<\/table>\n<table class=\"dv_characteristicsTable\">\n<tbody>\n<tr>\n<td class=\"left\">Verschluss<\/td>\n<td>Haken &amp; \u00d6sen<\/td>\n<\/tr>\n<\/tbody>\n<\/table>","protected":false},"featured_media":79073,"comment_status":"open","ping_status":"closed","template":"","meta":{"_seopress_robots_primary_cat":"","_seopress_titles_title":"","_seopress_titles_desc":"","_seopress_robots_index":""},"product_brand":[],"product_cat":[1348,1444,1516,1554],"product_tag":[],"class_list":{"0":"post-78966","1":"product","2":"type-product","3":"status-publish","4":"has-post-thumbnail","6":"product_cat-damen-mode","7":"product_cat-unterwaesche","8":"product_cat-bhs","9":"product_cat-unterhemden","10":"product_shipping_class-standard-versand","12":"first","13":"instock","14":"sale","15":"taxable","16":"shipping-taxable","17":"purchasable","18":"product-type-simple"},"_links":{"self":[{"href":"https:\/\/www.soanam.de\/pl\/wp-json\/wp\/v2\/product\/78966","targetHints":{"allow":["GET"]}}],"collection":[{"href":"https:\/\/www.soanam.de\/pl\/wp-json\/wp\/v2\/product"}],"about":[{"href":"https:\/\/www.soanam.de\/pl\/wp-json\/wp\/v2\/types\/product"}],"replies":[{"embeddable":true,"href":"https:\/\/www.soanam.de\/pl\/wp-json\/wp\/v2\/comments?post=78966"}],"wp:featuredmedia":[{"embeddable":true,"href":"https:\/\/www.soanam.de\/pl\/wp-json\/wp\/v2\/media\/79073"}],"wp:attachment":[{"href":"https:\/\/www.soanam.de\/pl\/wp-json\/wp\/v2\/media?parent=78966"}],"wp:term":[{"taxonomy":"product_brand","embeddable":true,"href":"https:\/\/www.soanam.de\/pl\/wp-json\/wp\/v2\/product_brand?post=78966"},{"taxonomy":"product_cat","embeddable":true,"href":"https:\/\/www.soanam.de\/pl\/wp-json\/wp\/v2\/product_cat?post=78966"},{"taxonomy":"product_tag","embeddable":true,"href":"https:\/\/www.soanam.de\/pl\/wp-json\/wp\/v2\/product_tag?post=78966"}],"curies":[{"name":"wp","href":"https:\/\/api.w.org\/{rel}","templated":true}]}}