{"id":78944,"date":"2023-12-13T21:56:23","date_gmt":"2023-12-13T20:56:23","guid":{"rendered":"https:\/\/www.soanam.de\/?post_type=product&#038;p=78944"},"modified":"2023-12-13T21:58:36","modified_gmt":"2023-12-13T20:58:36","slug":"christ-gold-kette-2-ringe-aus-375er-gelbgold-poliert-45-cm","status":"publish","type":"product","link":"https:\/\/www.soanam.de\/pl\/produkt\/christ-gold-kette-2-ringe-aus-375er-gelbgold-poliert-45-cm\/","title":{"rendered":"Z\u0142oty \u0142a\u0144cuszek CHRIST \"2 pier\u015bcienie\", z \u017c\u00f3\u0142tego z\u0142ota pr\u00f3by 375, polerowany, 45 cm"},"content":{"rendered":"<h3>Opis<\/h3>\n<p>Die Halskette von CHRIST Gold ist ein traumhaftes Schmuckst\u00fcck der ganz besonderen Art, das Sie in Kombination mit einem eleganten Business- oder Casual-Outfit stilvoll begleiten wird.<br \/>\nSie ist aus 375er Gelbgold gefertigt und \u00fcberzeugt auf ca. 45 cm L\u00e4nge.<br \/>\nEinen wunderbaren Akzent setzen die zwei miteinander verbundenen Ringe.<\/p>\n<p><strong>szczeg\u00f3\u0142y<br \/>\n<\/strong>Allgemeines<br \/>\nP\u0142e\u0107: Kobiety<br \/>\nVerschluss: Karabiner<\/p>\n<p><strong>Wymiary<\/strong><br \/>\nL\u00e4nge: 45 cm<br \/>\nSt\u00e4rke: 1 mm<br \/>\nGewicht: 1.69 g<\/p>\n<p><strong>Materia\u0142<\/strong><br \/>\nMaterial: Gelbgold<br \/>\nLegierung: 375er Gelbgold<br \/>\nOptik: poliert<br \/>\nFarbe: gold<\/p>","protected":false},"excerpt":{"rendered":"<h3>Artikelmerkmale<\/h3>\n<p>Stan produktu: Nowy z etykiet\u0105: Nowy, nieu\u017cywany i nienoszony produkt w oryginalnym opakowaniu.<\/p>\n<table border=\"0\" frame=\"VOID\" rules=\"NONE\" cellspacing=\"0\">\n<colgroup>\n<col width=\"186\" \/>\n<col width=\"137\" \/><\/colgroup>\n<tbody>\n<tr>\n<td align=\"LEFT\" width=\"186\" height=\"17\">Basismetall:<\/td>\n<td align=\"LEFT\" width=\"137\">Gelbgold<\/td>\n<\/tr>\n<tr>\n<td align=\"LEFT\" height=\"17\">Funkcje specjalne:<\/td>\n<td align=\"LEFT\">Karabinerverschluss<\/td>\n<\/tr>\n<tr>\n<td align=\"LEFT\" height=\"17\">Kolor:<\/td>\n<td align=\"LEFT\">Z\u0142oto<\/td>\n<\/tr>\n<tr>\n<td align=\"LEFT\" height=\"17\">Feingehalt:<\/td>\n<td align=\"LEFT\">14 Karat<\/td>\n<\/tr>\n<tr>\n<td align=\"LEFT\" height=\"17\">Geschlecht:<\/td>\n<td align=\"LEFT\">Damen<\/td>\n<\/tr>\n<tr>\n<td align=\"LEFT\" height=\"17\">Herstellungsland und -region:<\/td>\n<td align=\"LEFT\">Niemcy<\/td>\n<\/tr>\n<tr>\n<td align=\"LEFT\" height=\"17\">L\u00e4nge:<\/td>\n<td align=\"LEFT\">45 cm<\/td>\n<\/tr>\n<tr>\n<td align=\"LEFT\" height=\"17\">Marke:<\/td>\n<td align=\"LEFT\">CHRIST<\/td>\n<\/tr>\n<tr>\n<td align=\"LEFT\" height=\"17\">Materia\u0142:<\/td>\n<td align=\"LEFT\">Gelbgold<\/td>\n<\/tr>\n<tr>\n<td align=\"LEFT\" height=\"17\">Metall:<\/td>\n<td align=\"LEFT\">Gelbgold<\/td>\n<\/tr>\n<tr>\n<td align=\"LEFT\" height=\"17\">Modell:<\/td>\n<td align=\"LEFT\">Ringe<\/td>\n<\/tr>\n<tr>\n<td align=\"LEFT\" height=\"17\">Modifizierter Artikel:<\/td>\n<td align=\"LEFT\">Nein<\/td>\n<\/tr>\n<tr>\n<td align=\"LEFT\" height=\"17\">Motiv:<\/td>\n<td align=\"LEFT\">Ringe<\/td>\n<\/tr>\n<tr>\n<td align=\"LEFT\" height=\"17\">Produktart:<\/td>\n<td align=\"LEFT\">Halskette<\/td>\n<\/tr>\n<tr>\n<td align=\"LEFT\" height=\"17\">Stil:<\/td>\n<td align=\"LEFT\">Kette<\/td>\n<\/tr>\n<tr>\n<td align=\"LEFT\" height=\"17\">Thema:<\/td>\n<td align=\"LEFT\">Verbundenheit<\/td>\n<\/tr>\n<\/tbody>\n<\/table>","protected":false},"featured_media":79045,"comment_status":"open","ping_status":"closed","template":"","meta":{"_seopress_robots_primary_cat":"","_seopress_titles_title":"","_seopress_titles_desc":"","_seopress_robots_index":""},"product_brand":[],"product_cat":[1502,1552,1553],"product_tag":[],"class_list":{"0":"post-78944","1":"product","2":"type-product","3":"status-publish","4":"has-post-thumbnail","6":"product_cat-schmuck","7":"product_cat-echtschmuck","8":"product_cat-ketten-echtschmuck","9":"product_shipping_class-standard-versand","11":"first","12":"instock","13":"sale","14":"taxable","15":"shipping-taxable","16":"purchasable","17":"product-type-simple"},"_links":{"self":[{"href":"https:\/\/www.soanam.de\/pl\/wp-json\/wp\/v2\/product\/78944","targetHints":{"allow":["GET"]}}],"collection":[{"href":"https:\/\/www.soanam.de\/pl\/wp-json\/wp\/v2\/product"}],"about":[{"href":"https:\/\/www.soanam.de\/pl\/wp-json\/wp\/v2\/types\/product"}],"replies":[{"embeddable":true,"href":"https:\/\/www.soanam.de\/pl\/wp-json\/wp\/v2\/comments?post=78944"}],"wp:featuredmedia":[{"embeddable":true,"href":"https:\/\/www.soanam.de\/pl\/wp-json\/wp\/v2\/media\/79045"}],"wp:attachment":[{"href":"https:\/\/www.soanam.de\/pl\/wp-json\/wp\/v2\/media?parent=78944"}],"wp:term":[{"taxonomy":"product_brand","embeddable":true,"href":"https:\/\/www.soanam.de\/pl\/wp-json\/wp\/v2\/product_brand?post=78944"},{"taxonomy":"product_cat","embeddable":true,"href":"https:\/\/www.soanam.de\/pl\/wp-json\/wp\/v2\/product_cat?post=78944"},{"taxonomy":"product_tag","embeddable":true,"href":"https:\/\/www.soanam.de\/pl\/wp-json\/wp\/v2\/product_tag?post=78944"}],"curies":[{"name":"wp","href":"https:\/\/api.w.org\/{rel}","templated":true}]}}