{"id":78927,"date":"2023-12-13T21:56:00","date_gmt":"2023-12-13T20:56:00","guid":{"rendered":"https:\/\/www.soanam.de\/?post_type=product&#038;p=78927"},"modified":"2023-12-13T21:58:25","modified_gmt":"2023-12-13T20:58:25","slug":"clipper-exclusive-lange-unterhose-in-jeansblau-meliert-groesse-5","status":"publish","type":"product","link":"https:\/\/www.soanam.de\/pl\/produkt\/clipper-exclusive-lange-unterhose-in-jeansblau-meliert-groesse-5\/","title":{"rendered":"D\u0142ugie legginsy Clipper Exclusive w kolorze denim blue, c\u0119tkowane, rozmiar 5"},"content":{"rendered":"<p>Lange Unterhose von Clipper Exclusive<br \/>\nMit Eingriff und weichem Gummibund<br \/>\nBund und Beinabschluss marinefarben abgesetzt<br \/>\nWykonane z czystej bawe\u0142ny<\/p>\n<p>Die Hosen runterlassen ist nicht n\u00f6tig dank des praktischen Eingriffs.<br \/>\nUrbane Akzente setzt die raffiniert melierte Optik, w\u00e4hrend dunkel abgesetzte Paspelierungen und Ziersteppungen einen Vintage-Appeal ins Spiel bringen.<br \/>\nElastische Stretchb\u00fcndchen steigern den Tragekomfort zus\u00e4tzlich zum soften Stretchmaterial.<\/p>\n<p>Materia\u0142: bawe\u0142na 100%<br \/>\nWskaz\u00f3wki dotycz\u0105ce piel\u0119gnacji: Pra\u0107 w pralce<\/p>\n<p>Farbe: Jeansblau, meliert<br \/>\nWz\u00f3r: bez<br \/>\nGr\u00f6\u00dfe: 5<\/p>\n<p>Schrittl\u00e4nge: 69cm<br \/>\nCa\u0142kowita d\u0142ugo\u015b\u0107: 102 cm<\/p>","protected":false},"excerpt":{"rendered":"<table class=\"dv_characteristicsTable\">\n<tbody>\n<tr>\n<td class=\"left\">Rozmiar<\/td>\n<td>5<\/td>\n<\/tr>\n<tr>\n<td class=\"left\">Gr\u00f6\u00dfentyp<\/td>\n<td>Normalgr\u00f6\u00dfen<\/td>\n<\/tr>\n<\/tbody>\n<\/table>\n<table class=\"dv_characteristicsTable\">\n<caption>FARBE<\/caption>\n<tbody>\n<tr>\n<td class=\"left\">Kolor<\/td>\n<td>morski<\/td>\n<\/tr>\n<\/tbody>\n<\/table>\n<table class=\"dv_characteristicsTable\">\n<caption>PRODUKTDETAILS<\/caption>\n<tbody>\n<tr>\n<td class=\"left\">Instrukcje dotycz\u0105ce piel\u0119gnacji<\/td>\n<td>Pranie w pralce<\/td>\n<\/tr>\n<\/tbody>\n<\/table>\n<table class=\"dv_characteristicsTable\">\n<caption>PASSFORM\/SCHNITT<\/caption>\n<tbody>\n<tr>\n<td class=\"left\">Beinform<\/td>\n<td>eng anliegend<\/td>\n<\/tr>\n<tr>\n<td class=\"left\">Beinabschluss<\/td>\n<td>angesetztes B\u00fcndchen<\/td>\n<\/tr>\n<tr>\n<td class=\"left\">Bundabschluss<\/td>\n<td>angesetztes B\u00fcndchen<\/td>\n<\/tr>\n<tr>\n<td class=\"left\">Dopasowanie<\/td>\n<td>k\u00f6rpernah<\/td>\n<\/tr>\n<\/tbody>\n<\/table>\n<table class=\"dv_characteristicsTable\">\n<caption>OPTIK\/STIL<\/caption>\n<tbody>\n<tr>\n<td class=\"left\">Optik<\/td>\n<td>meliert<\/td>\n<\/tr>\n<\/tbody>\n<\/table>\n<table class=\"dv_characteristicsTable\">\n<caption>MATERIAL<\/caption>\n<tbody>\n<tr>\n<td class=\"left\">Sk\u0142ad materia\u0142u<\/td>\n<td>Obermaterial: 100% Baumwolle<\/td>\n<\/tr>\n<tr>\n<td class=\"left\">Materialeigenschaften<\/td>\n<td>dehnbar<\/td>\n<\/tr>\n<\/tbody>\n<\/table>","protected":false},"featured_media":79039,"comment_status":"open","ping_status":"closed","template":"","meta":{"_seopress_robots_primary_cat":"","_seopress_titles_title":"","_seopress_titles_desc":"","_seopress_robots_index":""},"product_brand":[],"product_cat":[1345,1549,1551],"product_tag":[],"class_list":{"0":"post-78927","1":"product","2":"type-product","3":"status-publish","4":"has-post-thumbnail","6":"product_cat-herrenmode","7":"product_cat-unterwaesche-herrenmode","8":"product_cat-lange-unterhosen","9":"product_shipping_class-standard-versand","11":"first","12":"instock","13":"sale","14":"taxable","15":"shipping-taxable","16":"purchasable","17":"product-type-simple"},"_links":{"self":[{"href":"https:\/\/www.soanam.de\/pl\/wp-json\/wp\/v2\/product\/78927","targetHints":{"allow":["GET"]}}],"collection":[{"href":"https:\/\/www.soanam.de\/pl\/wp-json\/wp\/v2\/product"}],"about":[{"href":"https:\/\/www.soanam.de\/pl\/wp-json\/wp\/v2\/types\/product"}],"replies":[{"embeddable":true,"href":"https:\/\/www.soanam.de\/pl\/wp-json\/wp\/v2\/comments?post=78927"}],"wp:featuredmedia":[{"embeddable":true,"href":"https:\/\/www.soanam.de\/pl\/wp-json\/wp\/v2\/media\/79039"}],"wp:attachment":[{"href":"https:\/\/www.soanam.de\/pl\/wp-json\/wp\/v2\/media?parent=78927"}],"wp:term":[{"taxonomy":"product_brand","embeddable":true,"href":"https:\/\/www.soanam.de\/pl\/wp-json\/wp\/v2\/product_brand?post=78927"},{"taxonomy":"product_cat","embeddable":true,"href":"https:\/\/www.soanam.de\/pl\/wp-json\/wp\/v2\/product_cat?post=78927"},{"taxonomy":"product_tag","embeddable":true,"href":"https:\/\/www.soanam.de\/pl\/wp-json\/wp\/v2\/product_tag?post=78927"}],"curies":[{"name":"wp","href":"https:\/\/api.w.org\/{rel}","templated":true}]}}