{"id":78901,"date":"2023-12-13T21:55:32","date_gmt":"2023-12-13T20:55:32","guid":{"rendered":"https:\/\/www.soanam.de\/?post_type=product&#038;p=78901"},"modified":"2023-12-13T21:57:31","modified_gmt":"2023-12-13T20:57:31","slug":"montura-iceland-anorak-men-polar-pullover-gr-xxl","status":"publish","type":"product","link":"https:\/\/www.soanam.de\/pl\/produkt\/montura-iceland-anorak-men-fleece-pullover-gr-xxl\/","title":{"rendered":"MONTURA - Iceland Anorak Men- Bluza polarowa Rozmiar XXL"},"content":{"rendered":"<h3>Opis<\/h3>\n<p>Polarowy sweter Iceland Anorak marki Montura to niezawodny spos\u00f3b na utrzymanie ciep\u0142a podczas ch\u0142odnych jesiennych i zimowych miesi\u0119cy! Zastosowanie oddychaj\u0105cego materia\u0142u Polartec Power Stretch Pro zapewnia wysoki poziom komfortu, a jednocze\u015bnie optymaln\u0105 swobod\u0119 ruch\u00f3w. Bluza polarowa Iceland Anorak marki Montura jest zatem pierwszorz\u0119dnym towarzyszem szerokiej gamy aktywno\u015bci na \u015bwie\u017cym powietrzu, kt\u00f3ry zawsze zapewnia przyjemne ciep\u0142o!<\/p>\n<h3>INFORMACJE O MATERIALE I JEGO CECHY<\/h3>\n<p>Obszar zastosowania: Wspinaczka alpejska<br \/>\nRodzaj materia\u0142u: Polar<br \/>\nTechnologia: Polartec<br \/>\nW\u0142a\u015bciwo\u015bci materia\u0142u: rozci\u0105gliwy<br \/>\nWaga: 315 g<br \/>\nDopasowanie: Normalne<br \/>\nMateria\u0142 zewn\u0119trzny: poliester 53%, poliamid 38%, elastan 9%<br \/>\nInformacje o materiale zewn\u0119trznym: Polartec Power Stretch Pro<br \/>\nZapi\u0119cie: zamek b\u0142yskawiczny z przodu do po\u0142owy d\u0142ugo\u015bci<br \/>\nKieszenie: 1 kiesze\u0144 na piersi zapinana na zamek<br \/>\nDost\u0119pne kolory: Nero \/ Rosso, Rosso, Blu Ottanio \/ Verde Acido<\/p>","protected":false},"excerpt":{"rendered":"<h3>Artikelmerkmale<\/h3>\n<p>Stan produktu: Nowy z etykiet\u0105: Nowy, nieu\u017cywany i nienoszony produkt w oryginalnym opakowaniu.<\/p>\n<table border=\"0\" frame=\"VOID\" rules=\"NONE\" cellspacing=\"0\">\n<colgroup>\n<col width=\"118\" \/>\n<col width=\"283\" \/><\/colgroup>\n<tbody>\n<tr>\n<td align=\"LEFT\" width=\"118\" height=\"17\">Abteilung:<\/td>\n<td align=\"LEFT\" width=\"283\">Herren<\/td>\n<\/tr>\n<tr>\n<td align=\"LEFT\" height=\"17\">Akzente:<\/td>\n<td align=\"LEFT\">Logo<\/td>\n<\/tr>\n<tr>\n<td align=\"LEFT\" height=\"17\">Funkcje specjalne:<\/td>\n<td align=\"LEFT\">Polartec Power Stretch Pro<\/td>\n<\/tr>\n<tr>\n<td align=\"LEFT\" height=\"17\">Charakter:<\/td>\n<td align=\"LEFT\">ohne<\/td>\n<\/tr>\n<tr>\n<td align=\"LEFT\" height=\"17\">Gewebeart:<\/td>\n<td align=\"LEFT\">Polar<\/td>\n<\/tr>\n<tr>\n<td align=\"LEFT\" height=\"17\">Gr\u00f6\u00dfe:<\/td>\n<td align=\"LEFT\">2XL<\/td>\n<\/tr>\n<tr>\n<td align=\"LEFT\" height=\"17\">Gr\u00f6\u00dfenkategorie:<\/td>\n<td align=\"LEFT\">Normalgr\u00f6\u00dfe<\/td>\n<\/tr>\n<tr>\n<td align=\"LEFT\" height=\"17\">Marke:<\/td>\n<td align=\"LEFT\">Montura<\/td>\n<\/tr>\n<tr>\n<td align=\"LEFT\" height=\"17\">Materia\u0142:<\/td>\n<td align=\"LEFT\">53% Polyester, 38% Polyamid, 9% Elasthan<\/td>\n<\/tr>\n<tr>\n<td align=\"LEFT\" height=\"17\">Wz\u00f3r:<\/td>\n<td align=\"LEFT\">Ohne Muster<\/td>\n<\/tr>\n<tr>\n<td align=\"LEFT\" height=\"17\">Produktart:<\/td>\n<td align=\"LEFT\">Fleece Pullover<\/td>\n<\/tr>\n<tr>\n<td align=\"LEFT\" height=\"17\">Stil:<\/td>\n<td align=\"LEFT\">Pullover<\/td>\n<\/tr>\n<tr>\n<td align=\"LEFT\" height=\"17\">Thema:<\/td>\n<td align=\"LEFT\">Sport<\/td>\n<\/tr>\n<tr>\n<td align=\"LEFT\" height=\"17\">Vintage:<\/td>\n<td align=\"LEFT\">Nein<\/td>\n<\/tr>\n<\/tbody>\n<\/table>","protected":false},"featured_media":78998,"comment_status":"open","ping_status":"closed","template":"","meta":{"_seopress_robots_primary_cat":"","_seopress_titles_title":"","_seopress_titles_desc":"","_seopress_robots_index":""},"product_brand":[],"product_cat":[1345,1365,1545,1546],"product_tag":[],"class_list":{"0":"post-78901","1":"product","2":"type-product","3":"status-publish","4":"has-post-thumbnail","6":"product_cat-herrenmode","7":"product_cat-sportbekleidung","8":"product_cat-shirts-sportbekleidung","9":"product_cat-langarm-shirts-sportbekleidung","10":"product_shipping_class-standard-versand","12":"first","13":"instock","14":"sale","15":"taxable","16":"shipping-taxable","17":"purchasable","18":"product-type-simple"},"_links":{"self":[{"href":"https:\/\/www.soanam.de\/pl\/wp-json\/wp\/v2\/product\/78901","targetHints":{"allow":["GET"]}}],"collection":[{"href":"https:\/\/www.soanam.de\/pl\/wp-json\/wp\/v2\/product"}],"about":[{"href":"https:\/\/www.soanam.de\/pl\/wp-json\/wp\/v2\/types\/product"}],"replies":[{"embeddable":true,"href":"https:\/\/www.soanam.de\/pl\/wp-json\/wp\/v2\/comments?post=78901"}],"wp:featuredmedia":[{"embeddable":true,"href":"https:\/\/www.soanam.de\/pl\/wp-json\/wp\/v2\/media\/78998"}],"wp:attachment":[{"href":"https:\/\/www.soanam.de\/pl\/wp-json\/wp\/v2\/media?parent=78901"}],"wp:term":[{"taxonomy":"product_brand","embeddable":true,"href":"https:\/\/www.soanam.de\/pl\/wp-json\/wp\/v2\/product_brand?post=78901"},{"taxonomy":"product_cat","embeddable":true,"href":"https:\/\/www.soanam.de\/pl\/wp-json\/wp\/v2\/product_cat?post=78901"},{"taxonomy":"product_tag","embeddable":true,"href":"https:\/\/www.soanam.de\/pl\/wp-json\/wp\/v2\/product_tag?post=78901"}],"curies":[{"name":"wp","href":"https:\/\/api.w.org\/{rel}","templated":true}]}}