{"id":78880,"date":"2023-12-13T21:55:06","date_gmt":"2023-12-13T20:55:06","guid":{"rendered":"https:\/\/www.soanam.de\/?post_type=product&#038;p=78880"},"modified":"2023-12-13T21:56:56","modified_gmt":"2023-12-13T20:56:56","slug":"aniston-casual-slip-bluzka-w-kolorze-sliwkowym-rozmiar-40","status":"publish","type":"product","link":"https:\/\/www.soanam.de\/pl\/produkt\/aniston-casual-schlupfbluse-in-pflaume-groesse-40\/","title":{"rendered":"Bluzka wsuwana Aniston CASUAL, \u015bliwkowa, rozmiar 40"},"content":{"rendered":"<p>Bluzka damska wykonana z mi\u0119kkiej krepy<br \/>\nSt\u00f3jka z niewielkimi marszczeniami<br \/>\nD\u0142ugie r\u0119kawy z marszczonymi mankietami<br \/>\nDopasowany do sylwetki kr\u00f3j<\/p>\n<p>Kobieca wsuwana bluzka od Aniston Casual wykonana z mi\u0119kkiego krepowego materia\u0142u z marszczon\u0105 st\u00f3jk\u0105 i marszczonymi mankietami r\u0119kaw\u00f3w w dopasowanym do sylwetki kroju.<\/p>\n<p>Materia\u0142: poliester 100%<br \/>\nWskaz\u00f3wki dotycz\u0105ce piel\u0119gnacji: Pra\u0107 w pralce<\/p>\n<p>Kolor: \u015bliwkowy<br \/>\nWz\u00f3r: bez<br \/>\nRozmiar: 40<\/p>\n<p>Szeroko\u015b\u0107 ramion: 45 cm<br \/>\nSzeroko\u015b\u0107 klatki piersiowej: 112 cm<br \/>\nD\u0142ugo\u015b\u0107 r\u0119kawa: 62 cm<br \/>\nCa\u0142kowita d\u0142ugo\u015b\u0107: 67 cm<\/p>\n<p>Ten nowy przedmiot jest zwrotem klienta bez etykiety.<\/p>","protected":false},"excerpt":{"rendered":"<div class=\"OOCVTable__TableBlock-fragment-product-master__sc-avk7r9-0 bHjtgb\">\n<div class=\"OOCVTable__TableRow-fragment-product-master__sc-avk7r9-2 bhnjgZ\">\n<div class=\"OOCVTable__KeyTableCell-fragment-product-master__sc-avk7r9-3 jCbhNz\">Materialzusammensetzung: Obermaterial: 100% Polyester<\/div>\n<\/div>\n<div class=\"OOCVTable__TableRow-fragment-product-master__sc-avk7r9-2 bhnjgZ\">\n<div class=\"OOCVTable__KeyTableCell-fragment-product-master__sc-avk7r9-3 jCbhNz\">Materialart: Cr\u00eape<\/div>\n<\/div>\n<div class=\"OOCVTable__TableRow-fragment-product-master__sc-avk7r9-2 bhnjgZ\">\n<div class=\"OOCVTable__KeyTableCell-fragment-product-master__sc-avk7r9-3 jCbhNz\">Wskaz\u00f3wki dotycz\u0105ce piel\u0119gnacji: Pra\u0107 w pralce<\/div>\n<\/div>\n<\/div>\n<div class=\"OOCVTable__TableBlock-fragment-product-master__sc-avk7r9-0 bHjtgb\">\n<div class=\"OOCVTable__TableRow-fragment-product-master__sc-avk7r9-2 bhnjgZ\">\n<div class=\"OOCVTable__KeyTableCell-fragment-product-master__sc-avk7r9-3 jCbhNz\">Styl: modny<\/div>\n<\/div>\n<\/div>\n<div class=\"OOCVTable__TableBlock-fragment-product-master__sc-avk7r9-0 bHjtgb\">\n<div class=\"OOCVTable__TableRow-fragment-product-master__sc-avk7r9-2 bhnjgZ\">\n<div class=\"OOCVTable__KeyTableCell-fragment-product-master__sc-avk7r9-3 jCbhNz\">Kolor: \u015bliwkowy<\/div>\n<\/div>\n<\/div>\n<div class=\"OOCVTable__TableBlock-fragment-product-master__sc-avk7r9-0 bHjtgb\">\n<div class=\"OOCVTable__TableRow-fragment-product-master__sc-avk7r9-2 bhnjgZ\">\n<div class=\"OOCVTable__KeyTableCell-fragment-product-master__sc-avk7r9-3 jCbhNz\">Kragen: Stehkragen<\/div>\n<\/div>\n<div class=\"OOCVTable__TableRow-fragment-product-master__sc-avk7r9-2 bhnjgZ\">\n<div class=\"OOCVTable__KeyTableCell-fragment-product-master__sc-avk7r9-3 jCbhNz\">R\u0119kawy: D\u0142ugi r\u0119kaw<\/div>\n<\/div>\n<div class=\"OOCVTable__TableRow-fragment-product-master__sc-avk7r9-2 bhnjgZ\">\n<div class=\"OOCVTable__KeyTableCell-fragment-product-master__sc-avk7r9-3 jCbhNz\">\u00c4rmelabschluss: Smokb\u00fcndchen<\/div>\n<\/div>\n<div class=\"OOCVTable__TableRow-fragment-product-master__sc-avk7r9-2 bhnjgZ\">\n<div class=\"OOCVTable__KeyTableCell-fragment-product-master__sc-avk7r9-3 jCbhNz\">Kr\u00f3j: dopasowany do sylwetki<\/div>\n<\/div>\n<div class=\"OOCVTable__TableRow-fragment-product-master__sc-avk7r9-2 bhnjgZ\">\n<div class=\"OOCVTable__KeyTableCell-fragment-product-master__sc-avk7r9-3 jCbhNz\">Schnittform L\u00e4nge: h\u00fcftbedeckend<\/div>\n<\/div>\n<\/div>","protected":false},"featured_media":78956,"comment_status":"open","ping_status":"closed","template":"","meta":{"_seopress_robots_primary_cat":"","_seopress_titles_title":"","_seopress_titles_desc":"","_seopress_robots_index":""},"product_brand":[],"product_cat":[1348,1414,1415],"product_tag":[],"class_list":{"0":"post-78880","1":"product","2":"type-product","3":"status-publish","4":"has-post-thumbnail","6":"product_cat-damen-mode","7":"product_cat-blusen","8":"product_cat-langarm","9":"product_shipping_class-standard-versand","11":"first","12":"instock","13":"sale","14":"taxable","15":"shipping-taxable","16":"purchasable","17":"product-type-simple"},"_links":{"self":[{"href":"https:\/\/www.soanam.de\/pl\/wp-json\/wp\/v2\/product\/78880","targetHints":{"allow":["GET"]}}],"collection":[{"href":"https:\/\/www.soanam.de\/pl\/wp-json\/wp\/v2\/product"}],"about":[{"href":"https:\/\/www.soanam.de\/pl\/wp-json\/wp\/v2\/types\/product"}],"replies":[{"embeddable":true,"href":"https:\/\/www.soanam.de\/pl\/wp-json\/wp\/v2\/comments?post=78880"}],"wp:featuredmedia":[{"embeddable":true,"href":"https:\/\/www.soanam.de\/pl\/wp-json\/wp\/v2\/media\/78956"}],"wp:attachment":[{"href":"https:\/\/www.soanam.de\/pl\/wp-json\/wp\/v2\/media?parent=78880"}],"wp:term":[{"taxonomy":"product_brand","embeddable":true,"href":"https:\/\/www.soanam.de\/pl\/wp-json\/wp\/v2\/product_brand?post=78880"},{"taxonomy":"product_cat","embeddable":true,"href":"https:\/\/www.soanam.de\/pl\/wp-json\/wp\/v2\/product_cat?post=78880"},{"taxonomy":"product_tag","embeddable":true,"href":"https:\/\/www.soanam.de\/pl\/wp-json\/wp\/v2\/product_tag?post=78880"}],"curies":[{"name":"wp","href":"https:\/\/api.w.org\/{rel}","templated":true}]}}