{"id":78798,"date":"2023-12-13T21:27:10","date_gmt":"2023-12-13T20:27:10","guid":{"rendered":"https:\/\/www.soanam.de\/?post_type=product&#038;p=78798"},"modified":"2023-12-13T21:55:39","modified_gmt":"2023-12-13T20:55:39","slug":"cecil-bluzka-koszulowa-w-kolorze-jasnoszarym-uzywana-rozmiar-xl","status":"publish","type":"product","link":"https:\/\/www.soanam.de\/pl\/produkt\/cecil-hemdbluse-in-light-grey-used-wash-groesse-xl\/","title":{"rendered":"CECIL - Hemdbluse in Light Grey Used Wash, Gr\u00f6\u00dfe XL"},"content":{"rendered":"<p>Hemdbluse aus Lyocell in Light Grey Used Wash von CECIL<br \/>\nLegere Damenbluse in einem Denim Look<br \/>\nEleganter Kragen<br \/>\nLanger Arm<br \/>\nKieszenie na piersi<br \/>\nZapi\u0119cie na guziki<\/p>\n<p>Der dezente Denim Look wird wirkungsvoll erg\u00e4nzt durch die auff\u00e4lligen Brusttaschen.<br \/>\nDie Damenbluse in ihrem locker geschnittenen Stil sitzt einfach perfekt.<br \/>\nEin langer Arm unterstreicht die luftige Weite und passt prima zum l\u00e4ssigen Stil.<\/p>\n<p>Materia\u0142: 100% Lyocell<br \/>\nWskaz\u00f3wki dotycz\u0105ce piel\u0119gnacji: Pra\u0107 w pralce<\/p>\n<p>Farbe: Light Grey Used Wash<br \/>\nWz\u00f3r: bez<br \/>\nRozmiar: XL<\/p>\n<p>Szeroko\u015b\u0107 ramion: 45 cm<br \/>\nSzeroko\u015b\u0107 klatki piersiowej: 122 cm<br \/>\nD\u0142ugo\u015b\u0107 r\u0119kawa: 62 cm<br \/>\nCa\u0142kowita d\u0142ugo\u015b\u0107: 69 cm<\/p>","protected":false},"excerpt":{"rendered":"<ul>\n<li>Hemdbluse aus Lyocell in Light Grey Used Wash von CECIL<\/li>\n<li>Legere Damenbluse in einem Denim Look<\/li>\n<li>Eleganter Kragen<\/li>\n<li>Langer Arm<\/li>\n<li>Kieszenie na piersi<\/li>\n<li>Zapi\u0119cie na guziki<\/li>\n<li>Farbfamilie: Grau<\/li>\n<li>Materia\u0142: 100% Lyocell<\/li>\n<\/ul>","protected":false},"featured_media":78906,"comment_status":"open","ping_status":"closed","template":"","meta":{"_seopress_robots_primary_cat":"","_seopress_titles_title":"","_seopress_titles_desc":"","_seopress_robots_index":""},"product_brand":[],"product_cat":[1348,1414,1415],"product_tag":[],"class_list":{"0":"post-78798","1":"product","2":"type-product","3":"status-publish","4":"has-post-thumbnail","6":"product_cat-damen-mode","7":"product_cat-blusen","8":"product_cat-langarm","9":"product_shipping_class-standard-versand","11":"first","12":"instock","13":"sale","14":"taxable","15":"shipping-taxable","16":"purchasable","17":"product-type-simple"},"_links":{"self":[{"href":"https:\/\/www.soanam.de\/pl\/wp-json\/wp\/v2\/product\/78798","targetHints":{"allow":["GET"]}}],"collection":[{"href":"https:\/\/www.soanam.de\/pl\/wp-json\/wp\/v2\/product"}],"about":[{"href":"https:\/\/www.soanam.de\/pl\/wp-json\/wp\/v2\/types\/product"}],"replies":[{"embeddable":true,"href":"https:\/\/www.soanam.de\/pl\/wp-json\/wp\/v2\/comments?post=78798"}],"wp:featuredmedia":[{"embeddable":true,"href":"https:\/\/www.soanam.de\/pl\/wp-json\/wp\/v2\/media\/78906"}],"wp:attachment":[{"href":"https:\/\/www.soanam.de\/pl\/wp-json\/wp\/v2\/media?parent=78798"}],"wp:term":[{"taxonomy":"product_brand","embeddable":true,"href":"https:\/\/www.soanam.de\/pl\/wp-json\/wp\/v2\/product_brand?post=78798"},{"taxonomy":"product_cat","embeddable":true,"href":"https:\/\/www.soanam.de\/pl\/wp-json\/wp\/v2\/product_cat?post=78798"},{"taxonomy":"product_tag","embeddable":true,"href":"https:\/\/www.soanam.de\/pl\/wp-json\/wp\/v2\/product_tag?post=78798"}],"curies":[{"name":"wp","href":"https:\/\/api.w.org\/{rel}","templated":true}]}}