{"id":78739,"date":"2023-12-13T21:25:39","date_gmt":"2023-12-13T20:25:39","guid":{"rendered":"https:\/\/www.soanam.de\/?post_type=product&#038;p=78739"},"modified":"2023-12-13T21:54:18","modified_gmt":"2023-12-13T20:54:18","slug":"klasyczna-bluzka-seidensticker-czarna-roza-w-bialym-rozmiarze-40","status":"publish","type":"product","link":"https:\/\/www.soanam.de\/pl\/produkt\/seidensticker-klassische-bluse-schwarze-rose-in-weiss-groesse-40\/","title":{"rendered":"Klasyczna bluzka Seidensticker czarna r\u00f3\u017ca, w kolorze bia\u0142ym, rozmiar 40"},"content":{"rendered":"<p>Bluzka basic od SEIDENSTICKER<br \/>\nDopasowany kr\u00f3j<br \/>\nD\u0142ugie r\u0119kawy<br \/>\nWykonane z czystej bawe\u0142ny<\/p>\n<p>Podstawowy wygl\u0105d bawe\u0142nianej bluzki w jednolitym kolorze sk\u0142ada si\u0119 z zaszewek modeluj\u0105cych i typowej czarnej r\u00f3\u017cy z przodu.<br \/>\nNowoczesny ko\u0142nierzyk koszuli i mankiety, kt\u00f3re pozostaj\u0105 otwarte z przodu, uzupe\u0142niaj\u0105 wygl\u0105d.<\/p>\n<p>Materia\u0142: bawe\u0142na 100%<br \/>\nWskaz\u00f3wki dotycz\u0105ce piel\u0119gnacji: Delikatne pranie<\/p>\n<p>Kolor: bia\u0142y<br \/>\nWz\u00f3r: bez<br \/>\nRozmiar: 40<\/p>\n<p>Szeroko\u015b\u0107 ramion: 42 cm<br \/>\nSzeroko\u015b\u0107 klatki piersiowej: 94 cm<br \/>\nD\u0142ugo\u015b\u0107 r\u0119kawa: 62 cm<br \/>\nCa\u0142kowita d\u0142ugo\u015b\u0107: 70 cm<\/p>","protected":false},"excerpt":{"rendered":"<table class=\"dv_characteristicsTable\">\n<tbody>\n<tr>\n<td class=\"left\">Rozmiar<\/td>\n<td>40<\/td>\n<\/tr>\n<tr>\n<td class=\"left\">Gr\u00f6\u00dfentyp<\/td>\n<td>Normalgr\u00f6\u00dfen<\/td>\n<\/tr>\n<tr>\n<td class=\"left\">Sk\u0142ad materia\u0142u<\/td>\n<td>100% Bawe\u0142na<\/td>\n<\/tr>\n<tr>\n<td class=\"left\">Instrukcje dotycz\u0105ce piel\u0119gnacji<\/td>\n<td>Schonw\u00e4sche<\/td>\n<\/tr>\n<tr>\n<td class=\"left\">Herstellerfarbbezeichnung<\/td>\n<td>wei\u00df (0001)<\/td>\n<\/tr>\n<tr>\n<td class=\"left\">Kolor<\/td>\n<td>wei\u00df<\/td>\n<\/tr>\n<tr>\n<td class=\"left\">Dopasowanie<\/td>\n<td>slim fit<\/td>\n<\/tr>\n<tr>\n<td class=\"left\">Herstellerpassform<\/td>\n<td>Slim<\/td>\n<\/tr>\n<\/tbody>\n<\/table>\n<p>&nbsp;<\/p>","protected":false},"featured_media":78842,"comment_status":"open","ping_status":"closed","template":"","meta":{"_seopress_robots_primary_cat":"","_seopress_titles_title":"","_seopress_titles_desc":"","_seopress_robots_index":""},"product_brand":[],"product_cat":[1348,1414,1415],"product_tag":[],"class_list":{"0":"post-78739","1":"product","2":"type-product","3":"status-publish","4":"has-post-thumbnail","6":"product_cat-damen-mode","7":"product_cat-blusen","8":"product_cat-langarm","9":"product_shipping_class-standard-versand","11":"first","12":"instock","13":"sale","14":"taxable","15":"shipping-taxable","16":"purchasable","17":"product-type-simple"},"_links":{"self":[{"href":"https:\/\/www.soanam.de\/pl\/wp-json\/wp\/v2\/product\/78739","targetHints":{"allow":["GET"]}}],"collection":[{"href":"https:\/\/www.soanam.de\/pl\/wp-json\/wp\/v2\/product"}],"about":[{"href":"https:\/\/www.soanam.de\/pl\/wp-json\/wp\/v2\/types\/product"}],"replies":[{"embeddable":true,"href":"https:\/\/www.soanam.de\/pl\/wp-json\/wp\/v2\/comments?post=78739"}],"wp:featuredmedia":[{"embeddable":true,"href":"https:\/\/www.soanam.de\/pl\/wp-json\/wp\/v2\/media\/78842"}],"wp:attachment":[{"href":"https:\/\/www.soanam.de\/pl\/wp-json\/wp\/v2\/media?parent=78739"}],"wp:term":[{"taxonomy":"product_brand","embeddable":true,"href":"https:\/\/www.soanam.de\/pl\/wp-json\/wp\/v2\/product_brand?post=78739"},{"taxonomy":"product_cat","embeddable":true,"href":"https:\/\/www.soanam.de\/pl\/wp-json\/wp\/v2\/product_cat?post=78739"},{"taxonomy":"product_tag","embeddable":true,"href":"https:\/\/www.soanam.de\/pl\/wp-json\/wp\/v2\/product_tag?post=78739"}],"curies":[{"name":"wp","href":"https:\/\/api.w.org\/{rel}","templated":true}]}}