{"id":78719,"date":"2023-12-13T21:25:03","date_gmt":"2023-12-13T20:25:03","guid":{"rendered":"https:\/\/www.soanam.de\/?post_type=product&#038;p=78719"},"modified":"2023-12-13T21:27:29","modified_gmt":"2023-12-13T20:27:29","slug":"zapato-platforma-trampki-aktywne-buty-outdoor-fitness-i-buty-rekreacyjne-bezowy-37","status":"publish","type":"product","link":"https:\/\/www.soanam.de\/pl\/produkt\/zapato-plateausneaker-aktiv-outdoor-schuhe-fitness-u-freizeitschuhe-beige-37\/","title":{"rendered":"Zapato trampki na platformie aktywne buty outdoorowe buty fitness i rekreacyjne, be\u017cowe, 37"},"content":{"rendered":"<h3>Opis produktu<\/h3>\n<p>Buty dla aktywnych s\u0105 odpowiednie do rekreacji i spacer\u00f3w, a tak\u017ce s\u0105 bardzo popularne w pracach wymagaj\u0105cych d\u0142ugotrwa\u0142ego siedzenia i stania, gdzie s\u0105 postrzegane jako bardzo wygodne. Lekko zaokr\u0105glona podeszwa w kszta\u0142cie gondoli wspiera naturalny ruch toczenia stopy i zapewnia regularne, ledwo zauwa\u017calne r\u00f3wnowa\u017cenie cia\u0142a, co z kolei \u0142agodzi postaw\u0119 i mo\u017ce zapobiega\u0107 b\u00f3lom plec\u00f3w i staw\u00f3w, a tak\u017ce promowa\u0107 rozw\u00f3j mi\u0119\u015bni. Wielosk\u0142adnikowa podeszwa sk\u0142ada si\u0119 z amortyzuj\u0105cej podeszwy \u015brodkowej z PU i podeszwy zewn\u0119trznej wykonanej z wytrzyma\u0142ego TR. Wytrzyma\u0142y materia\u0142 cholewki jest wyko\u0144czony atrakcyjnym po\u0142\u0105czeniem PU nappa lub PU nubuku z przyjemnie mi\u0119kk\u0105 mikrofibr\u0105. Przyjazny dla sk\u00f3ry materia\u0142 tekstylny w po\u0142\u0105czeniu z prawdziw\u0105 sk\u00f3rzan\u0105 wk\u0142adk\u0105 zosta\u0142 u\u017cyty do wewn\u0119trznej wy\u015bci\u00f3\u0142ki.<\/p>\n<p><strong>szczeg\u00f3\u0142y<\/strong><\/p>\n<p>Dla pa\u0144 i pan\u00f3w<br \/>\nWspiera dobr\u0105 postaw\u0119 cia\u0142a<br \/>\nMo\u017ce promowa\u0107 budowanie mi\u0119\u015bni<br \/>\nMateria\u0142 cholewki: PU nappa\/nubuk (imitacja sk\u00f3ry)<br \/>\nMateria\u0142 podszewki: tekstylny<br \/>\nSk\u00f3rzana wk\u0142adka<br \/>\nWspiera dobr\u0105 postaw\u0119 cia\u0142a<br \/>\nMo\u017ce promowa\u0107 budowanie mi\u0119\u015bni<\/p>\n<p>Rozmiar: 37<br \/>\nKolor: be\u017cowy<br \/>\nMateria\u0142 cholewki: imitacja sk\u00f3ry<br \/>\nStyl: sportowy<br \/>\nCechy szczeg\u00f3lne: Aktywne buty outdoorowe buty fitness buty fitness sneakersy buty rekreacyjne buty sportowe be\u017cowe<br \/>\nZapi\u0119cie: sznurowanie<br \/>\nPalce: okr\u0105g\u0142e<\/p>","protected":false},"excerpt":{"rendered":"<h3>Artikelmerkmale<\/h3>\n<p>Artikelzustand: Neu ohne Karton<\/p>\n<table dir=\"ltr\" border=\"1\" cellspacing=\"0\" cellpadding=\"0\">\n<colgroup>\n<col width=\"203\" \/>\n<col width=\"213\" \/><\/colgroup>\n<tbody>\n<tr>\n<td data-sheets-value=\"{&quot;1&quot;:2,&quot;2&quot;:&quot;Abteilung:&quot;}\">Abteilung:<\/td>\n<td data-sheets-value=\"{&quot;1&quot;:2,&quot;2&quot;:&quot;Unisex Erwachsene&quot;}\">Unisex Erwachsene<\/td>\n<\/tr>\n<tr>\n<td data-sheets-value=\"{&quot;1&quot;:2,&quot;2&quot;:&quot;Besonderheiten:&quot;}\">Funkcje specjalne:<\/td>\n<td data-sheets-value=\"{&quot;1&quot;:2,&quot;2&quot;:&quot;abgerundete Sohle&quot;}\">abgerundete Sohle<\/td>\n<\/tr>\n<tr>\n<td data-sheets-value=\"{&quot;1&quot;:2,&quot;2&quot;:&quot;EU-Schuhgr\u00f6\u00dfe:&quot;}\">EU-Schuhgr\u00f6\u00dfe:<\/td>\n<td data-sheets-value=\"{&quot;1&quot;:2,&quot;2&quot;:&quot;EUR 37&quot;}\">EUR 37<\/td>\n<\/tr>\n<tr>\n<td data-sheets-value=\"{&quot;1&quot;:2,&quot;2&quot;:&quot;Farbe:&quot;}\">Kolor:<\/td>\n<td data-sheets-value=\"{&quot;1&quot;:2,&quot;2&quot;:&quot;Beige&quot;}\">Be\u017cowy<\/td>\n<\/tr>\n<tr>\n<td data-sheets-value=\"{&quot;1&quot;:2,&quot;2&quot;:&quot;Futtermaterial:&quot;}\">Futtermaterial:<\/td>\n<td data-sheets-value=\"{&quot;1&quot;:2,&quot;2&quot;:&quot;Textil&quot;}\">Tekstylia<\/td>\n<\/tr>\n<tr>\n<td data-sheets-value=\"{&quot;1&quot;:2,&quot;2&quot;:&quot;Innensohlenmaterial:&quot;}\">Innensohlenmaterial:<\/td>\n<td data-sheets-value=\"{&quot;1&quot;:2,&quot;2&quot;:&quot;Leder&quot;}\">Sk\u00f3ra<\/td>\n<\/tr>\n<tr>\n<td data-sheets-value=\"{&quot;1&quot;:2,&quot;2&quot;:&quot;Laufsohlenmaterial:&quot;}\">Laufsohlenmaterial:<\/td>\n<td data-sheets-value=\"{&quot;1&quot;:2,&quot;2&quot;:&quot;Kunststoff&quot;}\">Tworzywo sztuczne<\/td>\n<\/tr>\n<tr>\n<td data-sheets-value=\"{&quot;1&quot;:2,&quot;2&quot;:&quot;Marke:&quot;}\">Marke:<\/td>\n<td data-sheets-value=\"{&quot;1&quot;:2,&quot;2&quot;:&quot;Zapato&quot;}\">Zapato<\/td>\n<\/tr>\n<tr>\n<td data-sheets-value=\"{&quot;1&quot;:2,&quot;2&quot;:&quot;Modell:&quot;}\">Modell:<\/td>\n<td data-sheets-value=\"{&quot;1&quot;:2,&quot;2&quot;:&quot;Aktiv Outdoor&quot;}\">Aktiv Outdoor<\/td>\n<\/tr>\n<tr>\n<td data-sheets-value=\"{&quot;1&quot;:2,&quot;2&quot;:&quot;Obermaterial:&quot;}\">Materia\u0142 cholewki:<\/td>\n<td data-sheets-value=\"{&quot;1&quot;:2,&quot;2&quot;:&quot;Kunstleder&quot;}\">Imitacja sk\u00f3ry<\/td>\n<\/tr>\n<tr>\n<td data-sheets-value=\"{&quot;1&quot;:2,&quot;2&quot;:&quot;Produktart:&quot;}\">Produktart:<\/td>\n<td data-sheets-value=\"{&quot;1&quot;:2,&quot;2&quot;:&quot;Sportschuh&quot;}\">Sportschuh<\/td>\n<\/tr>\n<tr>\n<td data-sheets-value=\"{&quot;1&quot;:2,&quot;2&quot;:&quot;Produktlinie:&quot;}\">Produktlinie:<\/td>\n<td data-sheets-value=\"{&quot;1&quot;:2,&quot;2&quot;:&quot;Plateau&quot;}\">Plateau<\/td>\n<\/tr>\n<tr>\n<td data-sheets-value=\"{&quot;1&quot;:2,&quot;2&quot;:&quot;Schuhweite:&quot;}\">Schuhweite:<\/td>\n<td data-sheets-value=\"{&quot;1&quot;:2,&quot;2&quot;:&quot;F&quot;}\">F<\/td>\n<\/tr>\n<tr>\n<td data-sheets-value=\"{&quot;1&quot;:2,&quot;2&quot;:&quot;Stil:&quot;}\">Stil:<\/td>\n<td data-sheets-value=\"{&quot;1&quot;:2,&quot;2&quot;:&quot;Sneaker&quot;}\">Sneaker<\/td>\n<\/tr>\n<tr>\n<td data-sheets-value=\"{&quot;1&quot;:2,&quot;2&quot;:&quot;Thema:&quot;}\">Thema:<\/td>\n<td data-sheets-value=\"{&quot;1&quot;:2,&quot;2&quot;:&quot;Outdoor&quot;}\">Outdoor<\/td>\n<\/tr>\n<tr>\n<td data-sheets-value=\"{&quot;1&quot;:2,&quot;2&quot;:&quot;UK-Schuhgr\u00f6\u00dfe:&quot;}\">UK-Schuhgr\u00f6\u00dfe:<\/td>\n<td data-sheets-value=\"{&quot;1&quot;:2,&quot;2&quot;:&quot;UK 4,5&quot;}\">UK 4,5<\/td>\n<\/tr>\n<tr>\n<td data-sheets-value=\"{&quot;1&quot;:2,&quot;2&quot;:&quot;US-Schuhgr\u00f6\u00dfe:&quot;}\">US-Schuhgr\u00f6\u00dfe:<\/td>\n<td data-sheets-value=\"{&quot;1&quot;:2,&quot;2&quot;:&quot;US 6,5&quot;}\">US 6,5<\/td>\n<\/tr>\n<tr>\n<td data-sheets-value=\"{&quot;1&quot;:2,&quot;2&quot;:&quot;Verschluss:&quot;}\">Verschluss:<\/td>\n<td data-sheets-value=\"{&quot;1&quot;:2,&quot;2&quot;:&quot;Schn\u00fcrung&quot;}\">Schn\u00fcrung<\/td>\n<\/tr>\n<tr>\n<td data-sheets-value=\"{&quot;1&quot;:2,&quot;2&quot;:&quot;Vintage:&quot;}\">Vintage:<\/td>\n<td data-sheets-value=\"{&quot;1&quot;:2,&quot;2&quot;:&quot;Nein&quot;}\">Nein<\/td>\n<\/tr>\n<\/tbody>\n<\/table>","protected":false},"featured_media":78813,"comment_status":"open","ping_status":"closed","template":"","meta":{"_seopress_robots_primary_cat":"","_seopress_titles_title":"","_seopress_titles_desc":"","_seopress_robots_index":""},"product_brand":[],"product_cat":[1345,1348,1360,1367,1393,1394],"product_tag":[],"class_list":{"0":"post-78719","1":"product","2":"type-product","3":"status-publish","4":"has-post-thumbnail","6":"product_cat-herrenmode","7":"product_cat-damen-mode","8":"product_cat-schuhe","9":"product_cat-sneakers","10":"product_cat-schuhe-herrenmode","11":"product_cat-sneakers-schuhe-herrenmode","12":"product_shipping_class-standard-versand","14":"first","15":"instock","16":"sale","17":"taxable","18":"shipping-taxable","19":"purchasable","20":"product-type-simple"},"_links":{"self":[{"href":"https:\/\/www.soanam.de\/pl\/wp-json\/wp\/v2\/product\/78719","targetHints":{"allow":["GET"]}}],"collection":[{"href":"https:\/\/www.soanam.de\/pl\/wp-json\/wp\/v2\/product"}],"about":[{"href":"https:\/\/www.soanam.de\/pl\/wp-json\/wp\/v2\/types\/product"}],"replies":[{"embeddable":true,"href":"https:\/\/www.soanam.de\/pl\/wp-json\/wp\/v2\/comments?post=78719"}],"wp:featuredmedia":[{"embeddable":true,"href":"https:\/\/www.soanam.de\/pl\/wp-json\/wp\/v2\/media\/78813"}],"wp:attachment":[{"href":"https:\/\/www.soanam.de\/pl\/wp-json\/wp\/v2\/media?parent=78719"}],"wp:term":[{"taxonomy":"product_brand","embeddable":true,"href":"https:\/\/www.soanam.de\/pl\/wp-json\/wp\/v2\/product_brand?post=78719"},{"taxonomy":"product_cat","embeddable":true,"href":"https:\/\/www.soanam.de\/pl\/wp-json\/wp\/v2\/product_cat?post=78719"},{"taxonomy":"product_tag","embeddable":true,"href":"https:\/\/www.soanam.de\/pl\/wp-json\/wp\/v2\/product_tag?post=78719"}],"curies":[{"name":"wp","href":"https:\/\/api.w.org\/{rel}","templated":true}]}}