{"id":78629,"date":"2023-12-13T21:23:20","date_gmt":"2023-12-13T20:23:20","guid":{"rendered":"https:\/\/www.soanam.de\/?post_type=product&#038;p=78629"},"modified":"2023-12-13T21:25:46","modified_gmt":"2023-12-13T20:25:46","slug":"alberto-zago-czolenka-na-wysokim-obcasie-rosso-kolor-czerwony-rozmiar-35","status":"publish","type":"product","link":"https:\/\/www.soanam.de\/pl\/produkt\/alberto-zago-high-heel-pumps-rosso-farbe-rot-groessen-35\/","title":{"rendered":"Alberto Zago Cz\u00f3\u0142enka na wysokim obcasie rosso, kolor czerwony, rozmiar 35"},"content":{"rendered":"<h3>Opis<\/h3>\n<p>Materia\u0142 cholewki: zamsz<br \/>\nMateria\u0142 wewn\u0119trzny: sk\u00f3ra<br \/>\nWk\u0142adka: sk\u00f3ra<br \/>\nPodeszwa: sk\u00f3ra naturalna<br \/>\nGrubo\u015b\u0107 karmienia: Karmienie na zimno<\/p>\n<p>Wskaz\u00f3wki dotycz\u0105ce piel\u0119gnacji: Zaimpregnowa\u0107 przed pierwszym za\u0142o\u017ceniem<br \/>\nNosek: szpiczasty<br \/>\nKszta\u0142t pi\u0119ty: szpilka<br \/>\nZamkni\u0119cie: wsuwane\/otwarte<br \/>\nWz\u00f3r: Zwyk\u0142e kolory<br \/>\nSzczeg\u00f3\u0142y: Ozdobna kokarda<\/p>","protected":false},"excerpt":{"rendered":"<h3>Artikelmerkmale<\/h3>\n<p>Stan produktu: Nowy z etykiet\u0105: Nowy, nieu\u017cywany i nienoszony produkt w oryginalnym opakowaniu.<\/p>\n<table border=\"0\" frame=\"VOID\" rules=\"NONE\" cellspacing=\"0\">\n<colgroup>\n<col width=\"186\" \/>\n<col width=\"322\" \/><\/colgroup>\n<tbody>\n<tr>\n<td align=\"LEFT\" width=\"186\" height=\"17\">Absatzart:<\/td>\n<td align=\"LEFT\" width=\"322\">Pfennig-\/Stilettoabsatz<\/td>\n<\/tr>\n<tr>\n<td align=\"LEFT\" height=\"17\">Absatzh\u00f6he:<\/td>\n<td align=\"LEFT\">Sehr hoher Absatz (Gr\u00f6\u00dfer als 8 cm)<\/td>\n<\/tr>\n<tr>\n<td align=\"LEFT\" height=\"17\">Abteilung:<\/td>\n<td align=\"LEFT\">Damen<\/td>\n<\/tr>\n<tr>\n<td align=\"LEFT\" height=\"17\">Akzente:<\/td>\n<td align=\"LEFT\">Schleife<\/td>\n<\/tr>\n<tr>\n<td align=\"LEFT\" height=\"17\">Anlass:<\/td>\n<td align=\"LEFT\">Abendschuhe &amp; Party<\/td>\n<\/tr>\n<tr>\n<td align=\"LEFT\" height=\"17\">AU-Schuhgr\u00f6\u00dfe:<\/td>\n<td align=\"LEFT\">AU 6<\/td>\n<\/tr>\n<tr>\n<td align=\"LEFT\" height=\"17\">Funkcje specjalne:<\/td>\n<td align=\"LEFT\">Schleife<\/td>\n<\/tr>\n<tr>\n<td align=\"LEFT\" height=\"17\">Charakter:<\/td>\n<td align=\"LEFT\">ohne<\/td>\n<\/tr>\n<tr>\n<td align=\"LEFT\" height=\"17\">EU-Schuhgr\u00f6\u00dfe:<\/td>\n<td align=\"LEFT\">EUR 35<\/td>\n<\/tr>\n<tr>\n<td align=\"LEFT\" height=\"17\">Kolor:<\/td>\n<td align=\"LEFT\">Czerwony<\/td>\n<\/tr>\n<tr>\n<td align=\"LEFT\" height=\"17\">Futtermaterial:<\/td>\n<td align=\"LEFT\">Sk\u00f3ra<\/td>\n<\/tr>\n<tr>\n<td align=\"LEFT\" height=\"17\">Gewebeart:<\/td>\n<td align=\"LEFT\">nieznany<\/td>\n<\/tr>\n<tr>\n<td align=\"LEFT\" height=\"17\">Herstellungsjahr:<\/td>\n<td align=\"LEFT\">2020<\/td>\n<\/tr>\n<tr>\n<td align=\"LEFT\" height=\"17\">Herstellungsland und -region:<\/td>\n<td align=\"LEFT\">Italien<\/td>\n<\/tr>\n<tr>\n<td align=\"LEFT\" height=\"17\">Individualisiert:<\/td>\n<td align=\"LEFT\">Nein<\/td>\n<\/tr>\n<tr>\n<td align=\"LEFT\" height=\"17\">Innensohlenmaterial:<\/td>\n<td align=\"LEFT\">Sk\u00f3ra<\/td>\n<\/tr>\n<tr>\n<td align=\"LEFT\" height=\"17\">Laufsohlenmaterial:<\/td>\n<td align=\"LEFT\">Syntetyczny<\/td>\n<\/tr>\n<tr>\n<td align=\"LEFT\" height=\"17\">Marke:<\/td>\n<td align=\"LEFT\">Alberto Zago<\/td>\n<\/tr>\n<tr>\n<td align=\"LEFT\" height=\"17\">Modell:<\/td>\n<td align=\"LEFT\">Exclusive<\/td>\n<\/tr>\n<tr>\n<td align=\"LEFT\" height=\"17\">Modifizierter Artikel:<\/td>\n<td align=\"LEFT\">Nein<\/td>\n<\/tr>\n<tr>\n<td align=\"LEFT\" height=\"17\">Wz\u00f3r:<\/td>\n<td align=\"LEFT\">Ohne Muster<\/td>\n<\/tr>\n<tr>\n<td align=\"LEFT\" height=\"17\">Materia\u0142 cholewki:<\/td>\n<td align=\"LEFT\">Sk\u00f3ra<\/td>\n<\/tr>\n<tr>\n<td align=\"LEFT\" height=\"17\">Produktart:<\/td>\n<td align=\"LEFT\">Pompy<\/td>\n<\/tr>\n<tr>\n<td align=\"LEFT\" height=\"17\">Schuhspitze:<\/td>\n<td align=\"LEFT\">Spitz<\/td>\n<\/tr>\n<tr>\n<td align=\"LEFT\" height=\"17\">Schuhweite:<\/td>\n<td align=\"LEFT\">F<\/td>\n<\/tr>\n<tr>\n<td align=\"LEFT\" height=\"17\">Stil:<\/td>\n<td align=\"LEFT\">Pompy<\/td>\n<\/tr>\n<tr>\n<td align=\"LEFT\" height=\"17\">Thema:<\/td>\n<td align=\"LEFT\">Elegant<\/td>\n<\/tr>\n<tr>\n<td align=\"LEFT\" height=\"17\">UK-Schuhgr\u00f6\u00dfe:<\/td>\n<td align=\"LEFT\">UK 3,5<\/td>\n<\/tr>\n<tr>\n<td align=\"LEFT\" height=\"17\">US-Schuhgr\u00f6\u00dfe:<\/td>\n<td align=\"LEFT\">US 6<\/td>\n<\/tr>\n<tr>\n<td align=\"LEFT\" height=\"17\">Verschluss:<\/td>\n<td align=\"LEFT\">Kein Verschluss<\/td>\n<\/tr>\n<tr>\n<td align=\"LEFT\" height=\"17\">Vintage:<\/td>\n<td align=\"LEFT\">Nein<\/td>\n<\/tr>\n<\/tbody>\n<\/table>","protected":false},"featured_media":78740,"comment_status":"open","ping_status":"closed","template":"","meta":{"_seopress_robots_primary_cat":"","_seopress_titles_title":"","_seopress_titles_desc":"","_seopress_robots_index":""},"product_brand":[],"product_cat":[1348,1360,1362],"product_tag":[],"class_list":{"0":"post-78629","1":"product","2":"type-product","3":"status-publish","4":"has-post-thumbnail","6":"product_cat-damen-mode","7":"product_cat-schuhe","8":"product_cat-pumps","9":"product_shipping_class-standard-versand","11":"first","12":"instock","13":"sale","14":"taxable","15":"shipping-taxable","16":"purchasable","17":"product-type-simple"},"_links":{"self":[{"href":"https:\/\/www.soanam.de\/pl\/wp-json\/wp\/v2\/product\/78629","targetHints":{"allow":["GET"]}}],"collection":[{"href":"https:\/\/www.soanam.de\/pl\/wp-json\/wp\/v2\/product"}],"about":[{"href":"https:\/\/www.soanam.de\/pl\/wp-json\/wp\/v2\/types\/product"}],"replies":[{"embeddable":true,"href":"https:\/\/www.soanam.de\/pl\/wp-json\/wp\/v2\/comments?post=78629"}],"wp:featuredmedia":[{"embeddable":true,"href":"https:\/\/www.soanam.de\/pl\/wp-json\/wp\/v2\/media\/78740"}],"wp:attachment":[{"href":"https:\/\/www.soanam.de\/pl\/wp-json\/wp\/v2\/media?parent=78629"}],"wp:term":[{"taxonomy":"product_brand","embeddable":true,"href":"https:\/\/www.soanam.de\/pl\/wp-json\/wp\/v2\/product_brand?post=78629"},{"taxonomy":"product_cat","embeddable":true,"href":"https:\/\/www.soanam.de\/pl\/wp-json\/wp\/v2\/product_cat?post=78629"},{"taxonomy":"product_tag","embeddable":true,"href":"https:\/\/www.soanam.de\/pl\/wp-json\/wp\/v2\/product_tag?post=78629"}],"curies":[{"name":"wp","href":"https:\/\/api.w.org\/{rel}","templated":true}]}}