{"id":78607,"date":"2023-12-13T21:22:53","date_gmt":"2023-12-13T20:22:53","guid":{"rendered":"https:\/\/www.soanam.de\/?post_type=product&#038;p=78607"},"modified":"2023-12-13T21:25:10","modified_gmt":"2023-12-13T20:25:10","slug":"laura-scott-koszula-z-foliowym-nadrukiem-w-kolorze-bialym-rozmiar-36","status":"publish","type":"product","link":"https:\/\/www.soanam.de\/pl\/produkt\/laura-scott-shirt-mit-folienprint-in-weiss-groesse-36\/","title":{"rendered":"Koszula Laura Scott z foliowym nadrukiem, bia\u0142a, rozmiar 36"},"content":{"rendered":"<p>Koszulka z okr\u0105g\u0142ym dekoltem od Laura Scott<br \/>\nZ modnym nadrukiem z przodu<br \/>\nDopasowany kszta\u0142t<br \/>\nWykonane z przyjemnie mi\u0119kkiego d\u017cerseju<\/p>\n<p>Koszulka z nadrukiem marki Laura Scott z b\u0142yszcz\u0105cym metalicznym napisem z przodu ma wyrafinowany wygl\u0105d i gwarantuje stylowy, modny wygl\u0105d.<br \/>\nMa dopasowany do sylwetki kr\u00f3j, okr\u0105g\u0142y dekolt i kr\u00f3tkie r\u0119kawy.<br \/>\nPrzyjemnie mi\u0119kki d\u017cersejowy materia\u0142 sprawia, \u017ce jest niebia\u0144sko wygodny.<\/p>\n<p>Materia\u0142: bawe\u0142na 95%, elastan 5%<br \/>\nWskaz\u00f3wki dotycz\u0105ce piel\u0119gnacji: Pra\u0107 w pralce<\/p>\n<p>Kolor: bia\u0142y<br \/>\nWz\u00f3r: Nadruk z przodu<br \/>\nRozmiar: 36<\/p>\n<p>Szeroko\u015b\u0107 ramion: 36 cm<br \/>\nSzeroko\u015b\u0107 klatki piersiowej: 88 cm<br \/>\nD\u0142ugo\u015b\u0107 r\u0119kawa: 11 cm<br \/>\nCa\u0142kowita d\u0142ugo\u015b\u0107: 69 cm<\/p>\n<p>Ten nowy przedmiot jest zwrotem klienta bez etykiety.<\/p>","protected":false},"excerpt":{"rendered":"<table class=\"dv_characteristicsTable\">\n<tbody>\n<tr>\n<td class=\"left\">Rozmiar<\/td>\n<td>36<\/td>\n<\/tr>\n<tr>\n<td class=\"left\">Gr\u00f6\u00dfentyp<\/td>\n<td>Normalgr\u00f6\u00dfen<\/td>\n<\/tr>\n<tr>\n<td class=\"left\">Sk\u0142ad materia\u0142u<\/td>\n<td>Obermaterial: 95% Baumwolle, 5% Elasthan<\/td>\n<\/tr>\n<tr>\n<td class=\"left\">Materialart<\/td>\n<td>Jersey<\/td>\n<\/tr>\n<tr>\n<td class=\"left\">Materialeigenschaften<\/td>\n<td>elastisch<\/td>\n<\/tr>\n<tr>\n<td class=\"left\">Instrukcje dotycz\u0105ce piel\u0119gnacji<\/td>\n<td>Pranie w pralce<\/td>\n<\/tr>\n<tr>\n<td class=\"left\">Optik<\/td>\n<td>bedruckt<\/td>\n<\/tr>\n<tr>\n<td class=\"left\">Stil<\/td>\n<td>feminin<\/td>\n<\/tr>\n<tr>\n<td class=\"left\">Kolor<\/td>\n<td>wei\u00df<\/td>\n<\/tr>\n<tr>\n<td class=\"left\">Ausschnitt<\/td>\n<td>Rundhals<\/td>\n<\/tr>\n<tr>\n<td class=\"left\">Ausschnittdetails<\/td>\n<td>eingefasste Kante<\/td>\n<\/tr>\n<tr>\n<td class=\"left\">\u00c4rmel<\/td>\n<td>Kr\u00f3tki r\u0119kaw<\/td>\n<\/tr>\n<tr>\n<td class=\"left\">Dopasowanie<\/td>\n<td>sehr figurbetont<\/td>\n<\/tr>\n<tr>\n<td class=\"left\">Schnittform L\u00e4nge<\/td>\n<td>h\u00fcftlang<\/td>\n<\/tr>\n<tr>\n<td class=\"left\">Applikationen<\/td>\n<td>Print<\/td>\n<\/tr>\n<tr>\n<td class=\"left\">Besondere Merkmale<\/td>\n<td>mit Folienprint<\/td>\n<\/tr>\n<\/tbody>\n<\/table>","protected":false},"featured_media":78722,"comment_status":"open","ping_status":"closed","template":"","meta":{"_seopress_robots_primary_cat":"","_seopress_titles_title":"","_seopress_titles_desc":"","_seopress_robots_index":""},"product_brand":[],"product_cat":[1348,1458,1477],"product_tag":[],"class_list":{"0":"post-78607","1":"product","2":"type-product","3":"status-publish","4":"has-post-thumbnail","6":"product_cat-damen-mode","7":"product_cat-shirts-damen-mode","8":"product_cat-t-shirts-shirts-damen-mode","9":"product_shipping_class-standard-versand","11":"first","12":"instock","13":"sale","14":"taxable","15":"shipping-taxable","16":"purchasable","17":"product-type-simple"},"_links":{"self":[{"href":"https:\/\/www.soanam.de\/pl\/wp-json\/wp\/v2\/product\/78607","targetHints":{"allow":["GET"]}}],"collection":[{"href":"https:\/\/www.soanam.de\/pl\/wp-json\/wp\/v2\/product"}],"about":[{"href":"https:\/\/www.soanam.de\/pl\/wp-json\/wp\/v2\/types\/product"}],"replies":[{"embeddable":true,"href":"https:\/\/www.soanam.de\/pl\/wp-json\/wp\/v2\/comments?post=78607"}],"wp:featuredmedia":[{"embeddable":true,"href":"https:\/\/www.soanam.de\/pl\/wp-json\/wp\/v2\/media\/78722"}],"wp:attachment":[{"href":"https:\/\/www.soanam.de\/pl\/wp-json\/wp\/v2\/media?parent=78607"}],"wp:term":[{"taxonomy":"product_brand","embeddable":true,"href":"https:\/\/www.soanam.de\/pl\/wp-json\/wp\/v2\/product_brand?post=78607"},{"taxonomy":"product_cat","embeddable":true,"href":"https:\/\/www.soanam.de\/pl\/wp-json\/wp\/v2\/product_cat?post=78607"},{"taxonomy":"product_tag","embeddable":true,"href":"https:\/\/www.soanam.de\/pl\/wp-json\/wp\/v2\/product_tag?post=78607"}],"curies":[{"name":"wp","href":"https:\/\/api.w.org\/{rel}","templated":true}]}}