{"id":78605,"date":"2023-12-13T21:22:53","date_gmt":"2023-12-13T20:22:53","guid":{"rendered":"https:\/\/www.soanam.de\/?post_type=product&#038;p=78605"},"modified":"2024-01-17T08:07:10","modified_gmt":"2024-01-17T07:07:10","slug":"melrose-t-shirt-z-siateczkowa-wstawka-w-kolorze-czarnym-rozmiar-38","status":"publish","type":"product","link":"https:\/\/www.soanam.de\/pl\/produkt\/melrose-t-shirt-mit-netzeinsatz-in-schwarz-groesse-38\/","title":{"rendered":"Koszulka Melrose z siateczkow\u0105 wstawk\u0105, w kolorze czarnym, rozmiar 38"},"content":{"rendered":"<p>Elegancka koszula od MELROSE<br \/>\nZ wk\u0142adk\u0105 z siatki i prz\u0119dz\u0105 nab\u0142yszczaj\u0105c\u0105<br \/>\nBardzo dopasowany do sylwetki kszta\u0142t<br \/>\nElastyczna wiskoza wysokiej jako\u015bci<\/p>\n<p>Koszulka Melrose ma okr\u0105g\u0142y dekolt, d\u0142ugo\u015b\u0107 do bioder i jest bardzo dopasowana do sylwetki.<br \/>\nPo\u0142\u0105czenie materia\u0142\u00f3w - siateczki i mi\u0119kkiego materia\u0142u z po\u0142yskuj\u0105c\u0105 prz\u0119dz\u0105 - sprawia, \u017ce jest stylowa i modna.<br \/>\nRozci\u0105gliwa tkanina wiskozowa sprawia, \u017ce s\u0105 one niezwykle wygodne.<\/p>\n<p>Materia\u0142: Cholewka: 95% wiskoza, 5% elastan. Lam\u00f3wka: 89% poliamid, 11% metalizowane w\u0142\u00f3kna<br \/>\nWskaz\u00f3wki dotycz\u0105ce piel\u0119gnacji: Pra\u0107 w pralce<\/p>\n<p>Kolor: czarny<br \/>\nWz\u00f3r: wstawka z siatki i prz\u0119dzy nab\u0142yszczanej<br \/>\nRozmiar: 38<\/p>\n<p>Szeroko\u015b\u0107 ramion: 36 cm<br \/>\nSzeroko\u015b\u0107 klatki piersiowej: 84 cm<br \/>\nD\u0142ugo\u015b\u0107 r\u0119kawa: 12 cm<br \/>\nCa\u0142kowita d\u0142ugo\u015b\u0107: 63 cm<\/p>","protected":false},"excerpt":{"rendered":"<table class=\"dv_characteristicsTable\">\n<tbody>\n<tr>\n<td class=\"left\">Rozmiar<\/td>\n<td>38<\/td>\n<\/tr>\n<tr>\n<td class=\"left\">Gr\u00f6\u00dfentyp<\/td>\n<td>Normalgr\u00f6\u00dfen<\/td>\n<\/tr>\n<tr>\n<td class=\"left\">Sk\u0142ad materia\u0142u<\/td>\n<td>Obermaterial: 95% Viskose, 5% Elasthan. Besatz: 89% Polyamid, 11% metallisierte Fasern<\/td>\n<\/tr>\n<tr>\n<td class=\"left\">Materialart<\/td>\n<td>Jersey<\/td>\n<\/tr>\n<tr>\n<td class=\"left\">Materialeigenschaften<\/td>\n<td>elastisch<\/td>\n<\/tr>\n<tr>\n<td class=\"left\">Instrukcje dotycz\u0105ce piel\u0119gnacji<\/td>\n<td>Pranie w pralce<\/td>\n<\/tr>\n<tr>\n<td class=\"left\">Stil<\/td>\n<td>elegant<\/td>\n<\/tr>\n<tr>\n<td class=\"left\">Kolor<\/td>\n<td>schwarz<\/td>\n<\/tr>\n<tr>\n<td class=\"left\">Ausschnitt<\/td>\n<td>Rundhals<\/td>\n<\/tr>\n<tr>\n<td class=\"left\">\u00c4rmel<\/td>\n<td>Kr\u00f3tki r\u0119kaw<\/td>\n<\/tr>\n<tr>\n<td class=\"left\">Dopasowanie<\/td>\n<td>sehr figurbetont<\/td>\n<\/tr>\n<tr>\n<td class=\"left\">Schnittform L\u00e4nge<\/td>\n<td>h\u00fcftlang<\/td>\n<\/tr>\n<tr>\n<td class=\"left\">Besondere Merkmale<\/td>\n<td>mit Netzeinsatz und Glanzgarn<\/td>\n<\/tr>\n<\/tbody>\n<\/table>","protected":false},"featured_media":78712,"comment_status":"open","ping_status":"closed","template":"","meta":{"_seopress_robots_primary_cat":"","_seopress_titles_title":"","_seopress_titles_desc":"","_seopress_robots_index":""},"product_brand":[],"product_cat":[1348,1458,1477],"product_tag":[],"class_list":{"0":"post-78605","1":"product","2":"type-product","3":"status-publish","4":"has-post-thumbnail","6":"product_cat-damen-mode","7":"product_cat-shirts-damen-mode","8":"product_cat-t-shirts-shirts-damen-mode","9":"product_shipping_class-standard-versand","11":"first","12":"outofstock","13":"sale","14":"taxable","15":"shipping-taxable","16":"purchasable","17":"product-type-simple"},"_links":{"self":[{"href":"https:\/\/www.soanam.de\/pl\/wp-json\/wp\/v2\/product\/78605","targetHints":{"allow":["GET"]}}],"collection":[{"href":"https:\/\/www.soanam.de\/pl\/wp-json\/wp\/v2\/product"}],"about":[{"href":"https:\/\/www.soanam.de\/pl\/wp-json\/wp\/v2\/types\/product"}],"replies":[{"embeddable":true,"href":"https:\/\/www.soanam.de\/pl\/wp-json\/wp\/v2\/comments?post=78605"}],"wp:featuredmedia":[{"embeddable":true,"href":"https:\/\/www.soanam.de\/pl\/wp-json\/wp\/v2\/media\/78712"}],"wp:attachment":[{"href":"https:\/\/www.soanam.de\/pl\/wp-json\/wp\/v2\/media?parent=78605"}],"wp:term":[{"taxonomy":"product_brand","embeddable":true,"href":"https:\/\/www.soanam.de\/pl\/wp-json\/wp\/v2\/product_brand?post=78605"},{"taxonomy":"product_cat","embeddable":true,"href":"https:\/\/www.soanam.de\/pl\/wp-json\/wp\/v2\/product_cat?post=78605"},{"taxonomy":"product_tag","embeddable":true,"href":"https:\/\/www.soanam.de\/pl\/wp-json\/wp\/v2\/product_tag?post=78605"}],"curies":[{"name":"wp","href":"https:\/\/api.w.org\/{rel}","templated":true}]}}