{"id":78604,"date":"2023-12-13T21:22:52","date_gmt":"2023-12-13T20:22:52","guid":{"rendered":"https:\/\/www.soanam.de\/?post_type=product&#038;p=78604"},"modified":"2023-12-13T21:24:56","modified_gmt":"2023-12-13T20:24:56","slug":"agu-zimowe-spodnie-przeciwdeszczowe-meskie-czarne-odblaskowe-xxl-spodnie-rowerowe-z-podszewka","status":"publish","type":"product","link":"https:\/\/www.soanam.de\/pl\/produkt\/agu-winter-rain-pants-commuter-men-black-reflection-xxl-gefuetterte-radhose\/","title":{"rendered":"AGU Winter Rain Pants commuter Men, Black &amp; Reflection, XXL, spodnie rowerowe z podszewk\u0105"},"content":{"rendered":"<h3>Opis<\/h3>\n<p>Linia AGU Commuter idzie z duchem czasu i jest skierowana do os\u00f3b doje\u017cd\u017caj\u0105cych do pracy na rowerze, kt\u00f3re maj\u0105 najwy\u017csze wymagania dotycz\u0105ce funkcjonalno\u015bci i widoczno\u015bci. Elementy odblaskowe o wysokiej widoczno\u015bci zapewniaj\u0105 bezpiecze\u0144stwo w ruchu drogowym.<\/p>\n<p>Ciep\u0142e i wodoodporne: dobrze wyposa\u017cone na sezon zimowy na rowerze dzi\u0119ki zimowym spodniom przeciwdeszczowym Commuter Men od AGU! S\u0105 to spodnie przeciwdeszczowe z podszewk\u0105 wykonane z oddychaj\u0105cego, wytrzyma\u0142ego materia\u0142u ripstop. G\u0142adka podszewka z tafty od wewn\u0105trz zapewnia lekk\u0105 izolacj\u0119 i pe\u0142n\u0105 swobod\u0119 ruch\u00f3w. Zimowe spodnie przeciwdeszczowe Commuter maj\u0105 wzmocnione siedzisko i zintegrowane ochraniacze na buty. Spodnie mo\u017cna \u0142atwo schowa\u0107 w oddzielnej kieszeni.<\/p>\n<p>Spodnie pochodz\u0105 z programu AGU Greensphere, tj. materia\u0142 jest wykonany z poliestru pochodz\u0105cego z recyklingu, ma pow\u0142ok\u0119 PU i dlatego nie zawiera PVC. Membrana Poray 100% jest wiatroszczelna, wodoodporna i wysoce oddychaj\u0105ca. Ergonomiczne dopasowanie, przemy\u015blane detale i wysoka trwa\u0142o\u015b\u0107 zachwycaj\u0105 z ka\u017cdym przejechanym kilometrem.<\/p>\n<p>Zalecany rozmiar: pasuje do ka\u017cdego rozmiaru.<\/p>\n<p>- 2,5 warstwy<br \/>\n- Wiatro- i wodoodporna (Poray 10,000), oddychaj\u0105ca<br \/>\n- EN 20471 Kolorowy materia\u0142 Hi-vis i odblaskowe panele na ca\u0142ej powierzchni<br \/>\n- zakryte i kryte zamki YKK od do\u0142u do kolan<br \/>\n- Elastyczny pas ze sznurkiem<br \/>\n- regulowana szeroko\u015b\u0107 stopy z zapi\u0119ciem na rzep<br \/>\n- Oddzielna torba do przechowywania<br \/>\n- Ripstop: tkanina tkana specjaln\u0105 technik\u0105 (struktura rake box), szczeg\u00f3lnie odporna na rozdarcia.<\/p>\n<p>Materia\u0142: 100% poliester ripstop z recyklingu, podszewka z mikropolaru, wy\u015bci\u00f3\u0142ka DuPont Sorona.<\/p>\n<p>Wskaz\u00f3wki dotycz\u0105ce piel\u0119gnacji: Pra\u0107 wy\u0142\u0105cznie na sucho. Delikatny cykl prania w temperaturze 30\u00b0C. Kolor mo\u017ce wyblakn\u0105\u0107 podczas prania. Nie nadaje si\u0119 do suszenia w suszarce b\u0119bnowej. Nie prasowa\u0107. Nie wybiela\u0107. Nie u\u017cywa\u0107 p\u0142ynu do p\u0142ukania tkanin.<\/p>","protected":false},"excerpt":{"rendered":"<h3>Artikelmerkmale<\/h3>\n<p>Stan produktu: Nowy z etykiet\u0105: Nowy, nieu\u017cywany i nienoszony produkt w oryginalnym opakowaniu.<\/p>\n<table border=\"0\" frame=\"VOID\" rules=\"NONE\" cellspacing=\"0\">\n<colgroup>\n<col width=\"116\" \/>\n<col width=\"322\" \/><\/colgroup>\n<tbody>\n<tr>\n<td align=\"LEFT\" width=\"116\" height=\"17\">Abteilung:<\/td>\n<td align=\"LEFT\" width=\"322\">Herren<\/td>\n<\/tr>\n<tr>\n<td align=\"LEFT\" height=\"17\">Aktivit\u00e4t:<\/td>\n<td align=\"LEFT\">Radsport<\/td>\n<\/tr>\n<tr>\n<td align=\"LEFT\" height=\"17\">Anlass:<\/td>\n<td align=\"LEFT\">Freizeit, Sport<\/td>\n<\/tr>\n<tr>\n<td align=\"LEFT\" height=\"17\">Funkcje specjalne:<\/td>\n<td align=\"LEFT\">Wasserfest, Gepolstert, Hohe Sichtbarkeit, Taschen<\/td>\n<\/tr>\n<tr>\n<td align=\"LEFT\" height=\"17\">EAN:<\/td>\n<td align=\"LEFT\">8717565664180<\/td>\n<\/tr>\n<tr>\n<td align=\"LEFT\" height=\"17\">Kolor:<\/td>\n<td align=\"LEFT\">Czarny<\/td>\n<\/tr>\n<tr>\n<td align=\"LEFT\" height=\"17\">Gewebeart:<\/td>\n<td align=\"LEFT\">Polar<\/td>\n<\/tr>\n<tr>\n<td align=\"LEFT\" height=\"17\">Gr\u00f6\u00dfe:<\/td>\n<td align=\"LEFT\">2XL<\/td>\n<\/tr>\n<tr>\n<td align=\"LEFT\" height=\"17\">Gr\u00f6\u00dfenkategorie:<\/td>\n<td align=\"LEFT\">Normalgr\u00f6\u00dfe<\/td>\n<\/tr>\n<tr>\n<td align=\"LEFT\" height=\"17\">Jahreszeit:<\/td>\n<td align=\"LEFT\">Fr\u00fchling, Herbst, Winter<\/td>\n<\/tr>\n<tr>\n<td align=\"LEFT\" height=\"17\">Marke:<\/td>\n<td align=\"LEFT\">AGU<\/td>\n<\/tr>\n<tr>\n<td align=\"LEFT\" height=\"17\">Materia\u0142:<\/td>\n<td align=\"LEFT\">100% Poliester<\/td>\n<\/tr>\n<tr>\n<td align=\"LEFT\" height=\"17\">Produktart:<\/td>\n<td align=\"LEFT\">Spodnie<\/td>\n<\/tr>\n<tr>\n<td align=\"LEFT\" height=\"17\">Schrittl\u00e4nge:<\/td>\n<td align=\"LEFT\">Ohne Angaben<\/td>\n<\/tr>\n<tr>\n<td align=\"LEFT\" height=\"17\">Stil:<\/td>\n<td align=\"LEFT\">Regenhose<\/td>\n<\/tr>\n<tr>\n<td align=\"LEFT\" height=\"17\">Taillenumfang:<\/td>\n<td align=\"LEFT\">ohne Angaben<\/td>\n<\/tr>\n<tr>\n<td align=\"LEFT\" height=\"17\">Thema:<\/td>\n<td align=\"LEFT\">Biker<\/td>\n<\/tr>\n<tr>\n<td align=\"LEFT\" height=\"17\">Verschluss:<\/td>\n<td align=\"LEFT\">Klettverschluss<\/td>\n<\/tr>\n<tr>\n<td align=\"LEFT\" height=\"17\">Vintage:<\/td>\n<td align=\"LEFT\">Nein<\/td>\n<\/tr>\n<\/tbody>\n<\/table>","protected":false},"featured_media":78707,"comment_status":"open","ping_status":"closed","template":"","meta":{"_seopress_robots_primary_cat":"","_seopress_titles_title":"","_seopress_titles_desc":"","_seopress_robots_index":""},"product_brand":[],"product_cat":[1345,1346,1365,1526],"product_tag":[],"class_list":{"0":"post-78604","1":"product","2":"type-product","3":"status-publish","4":"has-post-thumbnail","6":"product_cat-herrenmode","7":"product_cat-hosen","8":"product_cat-sportbekleidung","9":"product_cat-jogginghosen-sportbekleidung","10":"product_shipping_class-standard-versand","12":"first","13":"instock","14":"sale","15":"taxable","16":"shipping-taxable","17":"purchasable","18":"product-type-simple"},"_links":{"self":[{"href":"https:\/\/www.soanam.de\/pl\/wp-json\/wp\/v2\/product\/78604","targetHints":{"allow":["GET"]}}],"collection":[{"href":"https:\/\/www.soanam.de\/pl\/wp-json\/wp\/v2\/product"}],"about":[{"href":"https:\/\/www.soanam.de\/pl\/wp-json\/wp\/v2\/types\/product"}],"replies":[{"embeddable":true,"href":"https:\/\/www.soanam.de\/pl\/wp-json\/wp\/v2\/comments?post=78604"}],"wp:featuredmedia":[{"embeddable":true,"href":"https:\/\/www.soanam.de\/pl\/wp-json\/wp\/v2\/media\/78707"}],"wp:attachment":[{"href":"https:\/\/www.soanam.de\/pl\/wp-json\/wp\/v2\/media?parent=78604"}],"wp:term":[{"taxonomy":"product_brand","embeddable":true,"href":"https:\/\/www.soanam.de\/pl\/wp-json\/wp\/v2\/product_brand?post=78604"},{"taxonomy":"product_cat","embeddable":true,"href":"https:\/\/www.soanam.de\/pl\/wp-json\/wp\/v2\/product_cat?post=78604"},{"taxonomy":"product_tag","embeddable":true,"href":"https:\/\/www.soanam.de\/pl\/wp-json\/wp\/v2\/product_tag?post=78604"}],"curies":[{"name":"wp","href":"https:\/\/api.w.org\/{rel}","templated":true}]}}