{"id":78583,"date":"2023-12-13T21:22:23","date_gmt":"2023-12-13T20:22:23","guid":{"rendered":"https:\/\/www.soanam.de\/?post_type=product&#038;p=78583"},"modified":"2023-12-13T21:24:42","modified_gmt":"2023-12-13T20:24:42","slug":"koszulka-na-lawke-w-zestawie-2-sztuk-w-kolorze-jasnoszarym-i-bialym-rozmiar-44-46","status":"publish","type":"product","link":"https:\/\/www.soanam.de\/pl\/produkt\/bench-t-shirt-im-2er-pack-in-hellgrau-und-weiss-groesse-44-46\/","title":{"rendered":"\u0141awka. T-shirt w 2-paku, w kolorze jasnoszarym i bia\u0142ym, rozmiar 44\/46"},"content":{"rendered":"<p>Koszulki w 2-paku od Bench<br \/>\nWysoki okr\u0105g\u0142y dekolt<br \/>\nNadruk logo na piersi<br \/>\nSwobodny kszta\u0142t<br \/>\nMi\u0119kka bawe\u0142na wysokiej jako\u015bci<\/p>\n<p>Koszulki w 2-paku od Bench wykonane z wygodnego materia\u0142u d\u017cersejowego z w\u0105skimi mankietami pod szyj\u0105 i swobodnymi podwini\u0119tymi r\u0119kawami.<br \/>\nNadruk etykiety na piersi i lekko dopasowany kr\u00f3j sprawiaj\u0105, \u017ce te damskie koszule s\u0105 wyj\u0105tkowe.<\/p>\n<p>Materia\u0142: bawe\u0142na 100% (bia\u0142a), bawe\u0142na 95%, wiskoza 5% melan\u017c)<br \/>\nWskaz\u00f3wki dotycz\u0105ce piel\u0119gnacji: Pra\u0107 w pralce<\/p>\n<p>Kolor: bia\u0142y, jasnoszary, c\u0119tkowany<br \/>\nWz\u00f3r: Nadruk z logo<br \/>\nRozmiar: 44\/46<\/p>\n<p>Szeroko\u015b\u0107 ramion: 42 cm<br \/>\nSzeroko\u015b\u0107 klatki piersiowej: 116 cm<br \/>\nD\u0142ugo\u015b\u0107 r\u0119kawa: 18 cm<br \/>\nCa\u0142kowita d\u0142ugo\u015b\u0107: 64 cm<\/p>","protected":false},"excerpt":{"rendered":"<table class=\"dv_characteristicsTable\">\n<tbody>\n<tr>\n<td class=\"left\">Rozmiar<\/td>\n<td>44\/46<\/td>\n<\/tr>\n<tr>\n<td class=\"left\">Gr\u00f6\u00dfentyp<\/td>\n<td>Normalgr\u00f6\u00dfen<\/td>\n<\/tr>\n<tr>\n<td class=\"left\">Sk\u0142ad materia\u0142u<\/td>\n<td>Obermaterial: 100% Baumwolle. Melange in der Packung: 95% Baumwolle, 5% Viskose<\/td>\n<\/tr>\n<tr>\n<td class=\"left\">Instrukcje dotycz\u0105ce piel\u0119gnacji<\/td>\n<td>Pranie w pralce<\/td>\n<\/tr>\n<tr>\n<td class=\"left\">Stil<\/td>\n<td>Basic<\/td>\n<\/tr>\n<tr>\n<td class=\"left\">Kolor<\/td>\n<td>hellgrau, meliert<\/td>\n<\/tr>\n<tr>\n<td class=\"left\">Farbe Packst\u00fcck 2<\/td>\n<td>wei\u00df<\/td>\n<\/tr>\n<tr>\n<td class=\"left\">\u00c4rmel<\/td>\n<td>Kr\u00f3tki r\u0119kaw<\/td>\n<\/tr>\n<\/tbody>\n<\/table>","protected":false},"featured_media":78699,"comment_status":"open","ping_status":"closed","template":"","meta":{"_seopress_robots_primary_cat":"","_seopress_titles_title":"","_seopress_titles_desc":"","_seopress_robots_index":""},"product_brand":[],"product_cat":[1348,1458,1477],"product_tag":[],"class_list":{"0":"post-78583","1":"product","2":"type-product","3":"status-publish","4":"has-post-thumbnail","6":"product_cat-damen-mode","7":"product_cat-shirts-damen-mode","8":"product_cat-t-shirts-shirts-damen-mode","9":"product_shipping_class-standard-versand","11":"first","12":"instock","13":"taxable","14":"shipping-taxable","15":"purchasable","16":"product-type-simple"},"_links":{"self":[{"href":"https:\/\/www.soanam.de\/pl\/wp-json\/wp\/v2\/product\/78583","targetHints":{"allow":["GET"]}}],"collection":[{"href":"https:\/\/www.soanam.de\/pl\/wp-json\/wp\/v2\/product"}],"about":[{"href":"https:\/\/www.soanam.de\/pl\/wp-json\/wp\/v2\/types\/product"}],"replies":[{"embeddable":true,"href":"https:\/\/www.soanam.de\/pl\/wp-json\/wp\/v2\/comments?post=78583"}],"wp:featuredmedia":[{"embeddable":true,"href":"https:\/\/www.soanam.de\/pl\/wp-json\/wp\/v2\/media\/78699"}],"wp:attachment":[{"href":"https:\/\/www.soanam.de\/pl\/wp-json\/wp\/v2\/media?parent=78583"}],"wp:term":[{"taxonomy":"product_brand","embeddable":true,"href":"https:\/\/www.soanam.de\/pl\/wp-json\/wp\/v2\/product_brand?post=78583"},{"taxonomy":"product_cat","embeddable":true,"href":"https:\/\/www.soanam.de\/pl\/wp-json\/wp\/v2\/product_cat?post=78583"},{"taxonomy":"product_tag","embeddable":true,"href":"https:\/\/www.soanam.de\/pl\/wp-json\/wp\/v2\/product_tag?post=78583"}],"curies":[{"name":"wp","href":"https:\/\/api.w.org\/{rel}","templated":true}]}}